{"id":6268,"date":"2018-10-18T17:29:30","date_gmt":"2018-10-18T14:29:30","guid":{"rendered":"https:\/\/www.barefoot-baltics.ee\/product\/balno-lankelis\/"},"modified":"2021-10-13T18:56:27","modified_gmt":"2021-10-13T15:56:27","slug":"balno-lankelis","status":"publish","type":"product","link":"https:\/\/www.barefoot-baltics.ee\/lt\/produktas\/balno-lankelis\/","title":{"rendered":"Balno lankelis"},"content":{"rendered":"<p>Visi Barefoot balnai gali b\u016bti sureguliuoti balno lankeliais, kad tikt\u0173 \u017eirgui su skirtingais pe\u010di\u0173 plo\u010diais. Lengvas pritaikymas: atsekite priekin\u012f u\u017etrauktuk\u0105, pakeiskite balno lankel\u012f\u2013 viskas! \u0160ie balno lankeliai pagaminti i\u0161 specialios poliuretano. Metalinis strypas viduje neleid\u017eia sul\u016b\u017eti ir stabilizuoja med\u017eiag\u0105. Taip balno lankeliai gali jud\u0117ti ant \u017eirgo pe\u010di\u0173\u2013 did\u017eiausias patogumas, kok\u012f tik \u017eirgas gali gauti. <\/p>\n<p>M\u016bs\u0173 angli\u0161k\u0173 baln\u0173 rinkiniuose paprastai yra vidutinio dyd\u017eio lankelis, tuo tarpu vesterno balnuose yra platus lankelis. Nor\u0117dami su\u017einoti, koks plotis yra geriausias j\u016bs\u0173 \u017eirgui, pra\u0161ome para\u0161yti mums \u012f pastas@barefoot-baltics.ee. Mes visada pasiruo\u0161\u0119 jums patarti.<\/p>\n<p>Kad b\u016bt\u0173 lengviau atskirti m\u016bs\u0173 lankeliai yra skirting\u0173 spalv\u0173.<\/p>\n<ul>\n<li>Siauras \u2013 sm\u0117lio spalva\/ gelsva<\/li>\n<li>Vidutinis \u2013 pilkas<\/li>\n<li>Platus \u2013 raudonas<\/li>\n<li>XXL \u2013 m\u0117lynas<\/li>\n<\/ul>\n","protected":false},"excerpt":{"rendered":"<ul>\n<li>Padeda prisitaikyti prie j\u016bs\u0173 \u017eirgo pe\u010di\u0173<\/li>\n<li>Padeda pritaikyti baln\u0105 skirtingiems \u017eirgams skirtingais treniravimo etapais ir skirtingais sezonais<\/li>\n<li>Pasidaryk\u2013Pats, lengvai pakei\u010diamas<\/li>\n<\/ul>\n","protected":false},"featured_media":883,"template":"","meta":[],"product_brand":[],"product_cat":[1847],"product_tag":[1858],"class_list":{"0":"post-6268","1":"product","2":"type-product","3":"status-publish","4":"has-post-thumbnail","6":"product_cat-balno-aksesuarai","7":"product_tag-reguliuojamas","8":"product_shipping_class-siuntu-stotis","9":"pa_width-platus","10":"pa_width-siauras","11":"pa_width-vidutinis","12":"pa_width-xxl-lt","14":"first","15":"instock","16":"shipping-taxable","17":"purchasable","18":"product-type-variable"},"_links":{"self":[{"href":"https:\/\/www.barefoot-baltics.ee\/lt\/wp-json\/wp\/v2\/product\/6268","targetHints":{"allow":["GET"]}}],"collection":[{"href":"https:\/\/www.barefoot-baltics.ee\/lt\/wp-json\/wp\/v2\/product"}],"about":[{"href":"https:\/\/www.barefoot-baltics.ee\/lt\/wp-json\/wp\/v2\/types\/product"}],"wp:featuredmedia":[{"embeddable":true,"href":"https:\/\/www.barefoot-baltics.ee\/lt\/wp-json\/wp\/v2\/media\/883"}],"wp:attachment":[{"href":"https:\/\/www.barefoot-baltics.ee\/lt\/wp-json\/wp\/v2\/media?parent=6268"}],"wp:term":[{"taxonomy":"product_brand","embeddable":true,"href":"https:\/\/www.barefoot-baltics.ee\/lt\/wp-json\/wp\/v2\/product_brand?post=6268"},{"taxonomy":"product_cat","embeddable":true,"href":"https:\/\/www.barefoot-baltics.ee\/lt\/wp-json\/wp\/v2\/product_cat?post=6268"},{"taxonomy":"product_tag","embeddable":true,"href":"https:\/\/www.barefoot-baltics.ee\/lt\/wp-json\/wp\/v2\/product_tag?post=6268"}],"curies":[{"name":"wp","href":"https:\/\/api.w.org\/{rel}","templated":true}]}}