{"id":6262,"date":"2018-10-20T11:11:21","date_gmt":"2018-10-20T08:11:21","guid":{"rendered":"https:\/\/www.barefoot-baltics.ee\/product\/dekoratyvinis-balno-ragas\/"},"modified":"2019-08-06T10:51:47","modified_gmt":"2019-08-06T07:51:47","slug":"dekoratyvinis-balno-ragas","status":"publish","type":"product","link":"https:\/\/www.barefoot-baltics.ee\/lt\/produktas\/dekoratyvinis-balno-ragas\/","title":{"rendered":"Dekoratyvinis balno ragas"},"content":{"rendered":"<p>\u0160is dekoratyvinis balno ragas prisegamas lipukais prie j\u016bs\u0173 mink\u0161to balno lankelio. \u0160io rago ir mink\u0161to lankelio kombinacija pakei\u010dia \u012fprast\u0105 kiet\u0105 lankel\u012f, prid\u0117dama rag\u0105, kuris suteikia balnui daugiau lankstumo. Puikiai tinka labai jautriems, labai plataus gogo \u017eirgams.<\/p>\n<p>\u0160is dekoratyvinis balno ragas tinka visiems m\u016bs\u0173 vesterno balnams, taigi galite naudoti mink\u0161t\u0105 balno lankel\u012f su visais vesterno balnais nepaaukojant rago. Ta\u010diau \u0161is ragas skirtas tik dekoracijai. Pra\u0161ome prie jo nesegti jokio svorio, kaip pavyzd\u017eiui vedimo virv\u0117s. \ud83d\ude42<\/p>\n<p>Mink\u0161tas balno lankelis parduodamas atskirai.<\/p>\n","protected":false},"excerpt":{"rendered":"<ul>\n<li>Balno ragas dekoracijai<\/li>\n<li>Prisisega lipukais<\/li>\n<li>Geriausias su mink\u0161to balno lankelio kombinacija<\/li>\n<\/ul>\n","protected":false},"featured_media":914,"template":"","meta":[],"product_brand":[],"product_cat":[1847],"product_tag":[1891,1909],"class_list":{"0":"post-6262","1":"product","2":"type-product","3":"status-publish","4":"has-post-thumbnail","6":"product_cat-balno-aksesuarai","7":"product_tag-oda","8":"product_tag-vesterno","9":"product_shipping_class-siuntu-stotis","10":"pa_colour-juoda","11":"pa_colour-ruda","13":"first","14":"onbackorder","15":"shipping-taxable","16":"purchasable","17":"product-type-variable"},"_links":{"self":[{"href":"https:\/\/www.barefoot-baltics.ee\/lt\/wp-json\/wp\/v2\/product\/6262","targetHints":{"allow":["GET"]}}],"collection":[{"href":"https:\/\/www.barefoot-baltics.ee\/lt\/wp-json\/wp\/v2\/product"}],"about":[{"href":"https:\/\/www.barefoot-baltics.ee\/lt\/wp-json\/wp\/v2\/types\/product"}],"wp:featuredmedia":[{"embeddable":true,"href":"https:\/\/www.barefoot-baltics.ee\/lt\/wp-json\/wp\/v2\/media\/914"}],"wp:attachment":[{"href":"https:\/\/www.barefoot-baltics.ee\/lt\/wp-json\/wp\/v2\/media?parent=6262"}],"wp:term":[{"taxonomy":"product_brand","embeddable":true,"href":"https:\/\/www.barefoot-baltics.ee\/lt\/wp-json\/wp\/v2\/product_brand?post=6262"},{"taxonomy":"product_cat","embeddable":true,"href":"https:\/\/www.barefoot-baltics.ee\/lt\/wp-json\/wp\/v2\/product_cat?post=6262"},{"taxonomy":"product_tag","embeddable":true,"href":"https:\/\/www.barefoot-baltics.ee\/lt\/wp-json\/wp\/v2\/product_tag?post=6262"}],"curies":[{"name":"wp","href":"https:\/\/api.w.org\/{rel}","templated":true}]}}