{"id":6259,"date":"2018-10-20T15:34:11","date_gmt":"2018-10-20T12:34:11","guid":{"rendered":"https:\/\/www.barefoot-baltics.ee\/product\/priekiniai-balnakrepsiai\/"},"modified":"2021-06-19T13:45:07","modified_gmt":"2021-06-19T10:45:07","slug":"priekiniai-balnakrepsiai","status":"publish","type":"product","link":"https:\/\/www.barefoot-baltics.ee\/lt\/produktas\/priekiniai-balnakrepsiai\/","title":{"rendered":"Priekiniai balnakrep\u0161iai"},"content":{"rendered":"<p>\u0160ie priekiniai balnakrep\u0161iai patogiai prisisega prie balno lankelio. Jie gali b\u016bti naudojami su visais m\u016bs\u0173 balnais\u2013 \u012fskaitant ir tuos su ragu. Krep\u0161iai turi keturis skyrius, kiekvienas su u\u017esl\u0117ptu u\u017etrauktuku. Juose daug vietos visoms b\u016btinyb\u0117ms, yra prakti\u0161ki, lengvi ir nesimai\u0161antys \u201epo kojomis\u201c.<\/p>\n<p>\u0160ie priekiniai balnakrep\u0161iai puikiai tinka visiems Barefoot balnams. Mes suk\u016br\u0117me special\u0173 prisegim\u0105 prie balno, kuris u\u017etikrina, kad krep\u0161iai saugiai i\u0161lieka vietoje, net jojant greitesniu ali\u016bru nuokalne ar \u012fkalne. Krep\u0161ys viduryje prisegamas lipukais apink balno lankel\u012f. (tai n\u0117ra b\u016btina balnams su ragu.). Du papildomi nailono dir\u017eeliai gale u\u017etikrina saugi\u0105 pozicij\u0105 horizontaliai ir vertikaliai. Balnakrep\u0161is lipuku pritvirtinamas prie D formos \u017eied\u0173.<\/p>\n<p>Taip pat \u0161ie balnakrep\u0161iai gali b\u016bti naudojami ne tik su Barefoot balnu. Jie pagaminti i\u0161 600D nailono, dengti poliuretanu, kuris puikiai tinka lauko s\u0105lygoms\u2013 bei yra atsparus ne\u0161varumams ir vandeniui. Krep\u0161iai tesveria 440 gram\u0173. I\u0161matavimai: 30 cm x 18 cm x 13.5 cm.<\/p>\n<p>Pra\u0161ome ned\u0117ti savo mobiliojo \u012f balnakrep\u0161\u012f. \u017dirgas gali su juo pab\u0117gti. \ud83d\ude42<\/p>\n","protected":false},"excerpt":{"rendered":"<ul>\n<li>Ne\u0161varumams ir vandeniui atspari med\u017eiaga<\/li>\n<li>Sumanus prisegimas prie balno<\/li>\n<li>Ma\u017ei, bet talp\u016bs<\/li>\n<li>Lengvi lyg dvi plunksnos<\/li>\n<\/ul>\n","protected":false},"featured_media":941,"template":"","meta":[],"product_brand":[],"product_cat":[1847],"product_tag":[1892,1893],"class_list":{"0":"post-6259","1":"product","2":"type-product","3":"status-publish","4":"has-post-thumbnail","6":"product_cat-balno-aksesuarai","7":"product_tag-lengvas","8":"product_tag-nailonas","9":"product_shipping_class-siuntu-stotis","10":"pa_colour-juoda","11":"pa_colour-ruda","13":"first","14":"instock","15":"shipping-taxable","16":"purchasable","17":"product-type-variable"},"_links":{"self":[{"href":"https:\/\/www.barefoot-baltics.ee\/lt\/wp-json\/wp\/v2\/product\/6259","targetHints":{"allow":["GET"]}}],"collection":[{"href":"https:\/\/www.barefoot-baltics.ee\/lt\/wp-json\/wp\/v2\/product"}],"about":[{"href":"https:\/\/www.barefoot-baltics.ee\/lt\/wp-json\/wp\/v2\/types\/product"}],"wp:featuredmedia":[{"embeddable":true,"href":"https:\/\/www.barefoot-baltics.ee\/lt\/wp-json\/wp\/v2\/media\/941"}],"wp:attachment":[{"href":"https:\/\/www.barefoot-baltics.ee\/lt\/wp-json\/wp\/v2\/media?parent=6259"}],"wp:term":[{"taxonomy":"product_brand","embeddable":true,"href":"https:\/\/www.barefoot-baltics.ee\/lt\/wp-json\/wp\/v2\/product_brand?post=6259"},{"taxonomy":"product_cat","embeddable":true,"href":"https:\/\/www.barefoot-baltics.ee\/lt\/wp-json\/wp\/v2\/product_cat?post=6259"},{"taxonomy":"product_tag","embeddable":true,"href":"https:\/\/www.barefoot-baltics.ee\/lt\/wp-json\/wp\/v2\/product_tag?post=6259"}],"curies":[{"name":"wp","href":"https:\/\/api.w.org\/{rel}","templated":true}]}}