{"id":6252,"date":"2018-10-18T16:52:18","date_gmt":"2018-10-18T13:52:18","guid":{"rendered":"https:\/\/www.barefoot-baltics.ee\/product\/balno-lankeliu-sablonu-rinkinys\/"},"modified":"2019-08-05T15:35:49","modified_gmt":"2019-08-05T12:35:49","slug":"balno-lankeliu-sablonu-rinkinys","status":"publish","type":"product","link":"https:\/\/www.barefoot-baltics.ee\/lt\/produktas\/balno-lankeliu-sablonu-rinkinys\/","title":{"rendered":"Balno lankeli\u0173 \u0161ablon\u0173 rinkinys"},"content":{"rendered":"<p>\u0160iais balno lankeli\u0173 \u0161ablonais galite i\u0161siai\u0161kinti, kokio  balno lankelio reikia j\u016bs\u0173 \u017eirgui. \u012e Barefoot angli\u0161ko tipo baln\u0173 rinkin\u012f paprastai \u012feina vidutinio dyd\u017eio lankelis, o vesterno balnai su pla\u010diu lankeliu. Esant reikalui, papildom\u0173 lankeli\u0173 galite \u012fsigyti m\u016bs\u0173 parduotuv\u0117je.<\/p>\n<p>\u0160i\u0173 lankeli\u0173 \u0161ablon\u0173 pagalba gal\u0117site lengvai nustatyti ar lankelis esantis balne tinka j\u016bs\u0173 \u017eirgui. Yra keturi \u0161ablonai\u2013 kaip ir keturi balno lankeli\u0173 plo\u010diai. <\/p>\n<p>Jei bematuodami pasteb\u0117site, kad j\u016bs\u0173 \u017eirgo gogas yra tarp dviej\u0173 dyd\u017ei\u0173, mes rekomenduotume naudoti platesn\u012f Tai leid\u017eia vystytis raumenims. <\/p>\n<p>Barefoot kei\u010diami lankeliai yra kiek elastingi, taigi med\u017eiaga prisitaiko prie judesio. Taip yra kompensuojami ma\u017ei nuokrypiai tarp lankelio ir gogo.<\/p>\n<p>\u0160ablonai pagaminti i\u0161 tvirto, lakuoto kartono. Taip pat, j\u016bs galite naudoti m\u016bs\u0173 atsisiun\u010diamus <a href=\"https:\/\/www.barefoot-baltics.ee\/lt\/kaip-pasirinkti-tinkama-balno-lankeli\/\">Pasidaryk\u2013 Pats \u0161ablonus<\/a> nemokamai. <\/p>\n","protected":false},"excerpt":{"rendered":"<ul>\n<li>Keturi\u0173 \u0161ablon\u0173, atitinkan\u010di\u0173 keturis balno lankeli\u0173 plo\u010dius, rinkinys<\/li>\n<li>Lengvai ir patogiai naudojami<\/li>\n<li>Spalvos sutampa su balno lankeli\u0173 spalvomis<\/li>\n<\/ul>\n","protected":false},"featured_media":875,"template":"","meta":[],"product_brand":[],"product_cat":[1847],"product_tag":[1858],"class_list":{"0":"post-6252","1":"product","2":"type-product","3":"status-publish","4":"has-post-thumbnail","6":"product_cat-balno-aksesuarai","7":"product_tag-reguliuojamas","8":"product_shipping_class-siuntu-stotis","10":"first","11":"onbackorder","12":"shipping-taxable","13":"purchasable","14":"product-type-simple"},"_links":{"self":[{"href":"https:\/\/www.barefoot-baltics.ee\/lt\/wp-json\/wp\/v2\/product\/6252","targetHints":{"allow":["GET"]}}],"collection":[{"href":"https:\/\/www.barefoot-baltics.ee\/lt\/wp-json\/wp\/v2\/product"}],"about":[{"href":"https:\/\/www.barefoot-baltics.ee\/lt\/wp-json\/wp\/v2\/types\/product"}],"wp:featuredmedia":[{"embeddable":true,"href":"https:\/\/www.barefoot-baltics.ee\/lt\/wp-json\/wp\/v2\/media\/875"}],"wp:attachment":[{"href":"https:\/\/www.barefoot-baltics.ee\/lt\/wp-json\/wp\/v2\/media?parent=6252"}],"wp:term":[{"taxonomy":"product_brand","embeddable":true,"href":"https:\/\/www.barefoot-baltics.ee\/lt\/wp-json\/wp\/v2\/product_brand?post=6252"},{"taxonomy":"product_cat","embeddable":true,"href":"https:\/\/www.barefoot-baltics.ee\/lt\/wp-json\/wp\/v2\/product_cat?post=6252"},{"taxonomy":"product_tag","embeddable":true,"href":"https:\/\/www.barefoot-baltics.ee\/lt\/wp-json\/wp\/v2\/product_tag?post=6252"}],"curies":[{"name":"wp","href":"https:\/\/api.w.org\/{rel}","templated":true}]}}