{"id":6249,"date":"2018-09-20T09:09:35","date_gmt":"2018-09-20T06:09:35","guid":{"rendered":"https:\/\/www.barefoot-baltics.ee\/product\/paminkstinimas-sedynei-klubu-saugotojas\/"},"modified":"2025-12-15T22:20:34","modified_gmt":"2025-12-15T20:20:34","slug":"paminkstinimas-sedynei-klubu-saugotojas","status":"publish","type":"product","link":"https:\/\/www.barefoot-baltics.ee\/lt\/produktas\/paminkstinimas-sedynei-klubu-saugotojas\/","title":{"rendered":"Pamink\u0161tinimas s\u0117dynei \u201cKlub\u0173 saugotojas\u201d"},"content":{"rendered":"<p>\u0160is patogus s\u0117dyn\u0117s pamink\u0161tinimas, m\u016bs\u0173 vaidinamas \u201cKlub\u0173 saugotojas \u201d buvo sukurtas norint suteikti raiteliams siauresn\u0119 s\u0117d\u0117jimo pozicij\u0105. Tinka visiems Barefoot balnams. M\u016bs\u0173 balnai patys prisitaiko prie j\u016bs\u0173 \u017eirgo nugaros formos. Pirma, tai leid\u017eia raiteliui pajusti \u017eirgo k\u016bno linijas ir judes\u012f geriau, ta\u010diau kita vertus, ypa\u010d ant stambesni\u0173  arkli\u0173, raitelis s\u0117di pla\u010diau.<\/p>\n<p>\u201cKlub\u0173 saugotojas \u201d sukurtas neutralizuoti tai ir suteikti ma\u017eesniems, plonesniems raiteliams siauresn\u0119, labiau patogi\u0105 pozicij\u0105 balne. Jis pritvirtinamas prie balno lipukais tarp s\u0117dyn\u0117s ir kilp\u0173 pritvirtinimo. <\/p>\n<p>Du dyd\u017eiai: 1 dydis yra 34 cm ilgio ir 24 cm plo\u010dio. 2 dydis yra 39 cm ilgio ir 24 cm plo\u010dio.<\/p>\n","protected":false},"excerpt":{"rendered":"<ul>\n<li>S\u0117dynes pamink\u0161tinimas, susiaurinantis s\u0117d\u0117jimo pozicij\u0105<\/li>\n<li>Dirbtin\u0117s odos pavir\u0161ius ir prisegimas lipukais<\/li>\n<li>Galimi du dyd\u017eiai<\/li>\n<\/ul>\n","protected":false},"featured_media":618,"template":"","meta":[],"product_brand":[],"product_cat":[1847],"product_tag":[1861,1877],"class_list":{"0":"post-6249","1":"product","2":"type-product","3":"status-publish","4":"has-post-thumbnail","6":"product_cat-balno-aksesuarai","7":"product_tag-dirbtine-oda","8":"product_tag-labai-patogus","9":"product_shipping_class-siuntu-stotis","10":"pa_size-1-lt","11":"pa_size-2-lt","13":"first","14":"onbackorder","15":"shipping-taxable","16":"purchasable","17":"product-type-variable"},"_links":{"self":[{"href":"https:\/\/www.barefoot-baltics.ee\/lt\/wp-json\/wp\/v2\/product\/6249","targetHints":{"allow":["GET"]}}],"collection":[{"href":"https:\/\/www.barefoot-baltics.ee\/lt\/wp-json\/wp\/v2\/product"}],"about":[{"href":"https:\/\/www.barefoot-baltics.ee\/lt\/wp-json\/wp\/v2\/types\/product"}],"wp:featuredmedia":[{"embeddable":true,"href":"https:\/\/www.barefoot-baltics.ee\/lt\/wp-json\/wp\/v2\/media\/618"}],"wp:attachment":[{"href":"https:\/\/www.barefoot-baltics.ee\/lt\/wp-json\/wp\/v2\/media?parent=6249"}],"wp:term":[{"taxonomy":"product_brand","embeddable":true,"href":"https:\/\/www.barefoot-baltics.ee\/lt\/wp-json\/wp\/v2\/product_brand?post=6249"},{"taxonomy":"product_cat","embeddable":true,"href":"https:\/\/www.barefoot-baltics.ee\/lt\/wp-json\/wp\/v2\/product_cat?post=6249"},{"taxonomy":"product_tag","embeddable":true,"href":"https:\/\/www.barefoot-baltics.ee\/lt\/wp-json\/wp\/v2\/product_tag?post=6249"}],"curies":[{"name":"wp","href":"https:\/\/api.w.org\/{rel}","templated":true}]}}