{"id":6245,"date":"2018-10-20T20:06:43","date_gmt":"2018-10-20T17:06:43","guid":{"rendered":"https:\/\/www.barefoot-baltics.ee\/product\/uzdangalai-nuo-lietaus-balnakrepsiams\/"},"modified":"2019-12-01T00:14:43","modified_gmt":"2019-11-30T22:14:43","slug":"uzdangalai-nuo-lietaus-balnakrepsiams","status":"publish","type":"product","link":"https:\/\/www.barefoot-baltics.ee\/lt\/produktas\/uzdangalai-nuo-lietaus-balnakrepsiams\/","title":{"rendered":"U\u017edangalai nuo lietaus balnakrep\u0161iams"},"content":{"rendered":"<p>\u0160is u\u017edangalas nuo lietaus tinka visiems m\u016bs\u0173 balnakrep\u0161iams ir \u017eirgo ne\u0161uliams. Ant u\u017edangalo esantys at\u0161vaitai gali b\u016bti naudingi v\u0117l\u0173 vakar\u0105 ar tamsiu paros metu. <\/p>\n<p>Jis gan didelis, taigi tinka daugeliui standartini\u0173 baln\u0173, taip pat motocikl\u0173 ir dvira\u010di\u0173 krep\u0161iams. Elastiniai kra\u0161tai u\u017etikrina tampri\u0105, vandens nepraleid\u017eian\u010di\u0105 apsaug\u0105.<\/p>\n","protected":false},"excerpt":{"rendered":"<ul>\n<li>Pagamintas balnakrep\u0161iams ir ne\u0161uliams<\/li>\n<li>At\u0161vaitai saugumui<\/li>\n<li>Vandeniui atspari med\u017eiaga<\/li>\n<\/ul>\n","protected":false},"featured_media":958,"template":"","meta":[],"product_brand":[],"product_cat":[1847],"product_tag":[1878,1868],"class_list":{"0":"post-6245","1":"product","2":"type-product","3":"status-publish","4":"has-post-thumbnail","6":"product_cat-balno-aksesuarai","7":"product_tag-labai-saugus","8":"product_tag-uzdangalas","9":"product_shipping_class-siuntu-stotis","11":"first","12":"onbackorder","13":"shipping-taxable","14":"purchasable","15":"product-type-simple"},"_links":{"self":[{"href":"https:\/\/www.barefoot-baltics.ee\/lt\/wp-json\/wp\/v2\/product\/6245","targetHints":{"allow":["GET"]}}],"collection":[{"href":"https:\/\/www.barefoot-baltics.ee\/lt\/wp-json\/wp\/v2\/product"}],"about":[{"href":"https:\/\/www.barefoot-baltics.ee\/lt\/wp-json\/wp\/v2\/types\/product"}],"wp:featuredmedia":[{"embeddable":true,"href":"https:\/\/www.barefoot-baltics.ee\/lt\/wp-json\/wp\/v2\/media\/958"}],"wp:attachment":[{"href":"https:\/\/www.barefoot-baltics.ee\/lt\/wp-json\/wp\/v2\/media?parent=6245"}],"wp:term":[{"taxonomy":"product_brand","embeddable":true,"href":"https:\/\/www.barefoot-baltics.ee\/lt\/wp-json\/wp\/v2\/product_brand?post=6245"},{"taxonomy":"product_cat","embeddable":true,"href":"https:\/\/www.barefoot-baltics.ee\/lt\/wp-json\/wp\/v2\/product_cat?post=6245"},{"taxonomy":"product_tag","embeddable":true,"href":"https:\/\/www.barefoot-baltics.ee\/lt\/wp-json\/wp\/v2\/product_tag?post=6245"}],"curies":[{"name":"wp","href":"https:\/\/api.w.org\/{rel}","templated":true}]}}