{"id":6242,"date":"2018-10-24T10:02:21","date_gmt":"2018-10-24T07:02:21","guid":{"rendered":"https:\/\/www.barefoot-baltics.ee\/product\/balno-uzdangalas\/"},"modified":"2025-12-10T20:30:46","modified_gmt":"2025-12-10T18:30:46","slug":"balno-uzdangalas","status":"publish","type":"product","link":"https:\/\/www.barefoot-baltics.ee\/lt\/produktas\/balno-uzdangalas\/","title":{"rendered":"Balno u\u017edangalas"},"content":{"rendered":"<p>Tai yra \u017eavus, patvarus, tamprus balno u\u017edangalas, pagamintas i\u0161 oran\u017einio ir juodo nailono.<\/p>\n<p>Angli\u0161ko stiliaus tiks baln\u0173 modeliams kaip \u201c\u0160ajenas\u201d, \u201e\u010cerokis\u201c, \u201eTiesiog prisitaikyk\u201c, \u201eNotingamas\u201c, \u201eBaridelis\u201c ir kitiems modeliams, kurie neturi rago. Vesterno stiliaus tiks visiems m\u016bs\u0173 vesterno balnams taip pat tokiems balnams kaip \u201cAtlanta\u201d, \u201eMadridas\u201c, \u201eTingus kalnas\u201c, \u201eLaimingas sl\u0117nis\u201c.<\/p>\n","protected":false},"excerpt":{"rendered":"<ul>\n<li>Angli\u0161ko stiliaus balnams be rago<\/li>\n<li>Vesterno stiliaus skirtas balnams su ragu<\/li>\n<li>Gra\u017eus, pagamintas i\u0161 nailono<\/li>\n<li>Atsparus vandeniui<\/li>\n<\/ul>\n","protected":false},"featured_media":1009,"template":"","meta":[],"product_brand":[],"product_cat":[1847],"product_tag":[1876,1868,1909],"class_list":{"0":"post-6242","1":"product","2":"type-product","3":"status-publish","4":"has-post-thumbnail","6":"product_cat-balno-aksesuarai","7":"product_tag-angliska","8":"product_tag-uzdangalas","9":"product_tag-vesterno","10":"product_shipping_class-siuntu-stotis","11":"pa_saddle-type-angliskas","12":"pa_saddle-type-vesterno","14":"first","15":"onbackorder","16":"shipping-taxable","17":"purchasable","18":"product-type-variable"},"_links":{"self":[{"href":"https:\/\/www.barefoot-baltics.ee\/lt\/wp-json\/wp\/v2\/product\/6242","targetHints":{"allow":["GET"]}}],"collection":[{"href":"https:\/\/www.barefoot-baltics.ee\/lt\/wp-json\/wp\/v2\/product"}],"about":[{"href":"https:\/\/www.barefoot-baltics.ee\/lt\/wp-json\/wp\/v2\/types\/product"}],"wp:featuredmedia":[{"embeddable":true,"href":"https:\/\/www.barefoot-baltics.ee\/lt\/wp-json\/wp\/v2\/media\/1009"}],"wp:attachment":[{"href":"https:\/\/www.barefoot-baltics.ee\/lt\/wp-json\/wp\/v2\/media?parent=6242"}],"wp:term":[{"taxonomy":"product_brand","embeddable":true,"href":"https:\/\/www.barefoot-baltics.ee\/lt\/wp-json\/wp\/v2\/product_brand?post=6242"},{"taxonomy":"product_cat","embeddable":true,"href":"https:\/\/www.barefoot-baltics.ee\/lt\/wp-json\/wp\/v2\/product_cat?post=6242"},{"taxonomy":"product_tag","embeddable":true,"href":"https:\/\/www.barefoot-baltics.ee\/lt\/wp-json\/wp\/v2\/product_tag?post=6242"}],"curies":[{"name":"wp","href":"https:\/\/api.w.org\/{rel}","templated":true}]}}