{"id":6239,"date":"2018-10-29T11:21:53","date_gmt":"2018-10-29T09:21:53","guid":{"rendered":"https:\/\/www.barefoot-baltics.ee\/product\/odinis-dirzelis\/"},"modified":"2019-10-25T08:46:25","modified_gmt":"2019-10-25T05:46:25","slug":"odinis-dirzelis","status":"publish","type":"product","link":"https:\/\/www.barefoot-baltics.ee\/lt\/produktas\/odinis-dirzelis\/","title":{"rendered":"Odinis dir\u017eelis"},"content":{"rendered":"<p>\u0160is odinis dir\u017eelis atrodo toks nereik\u0161mingas, ta\u010diau taip n\u0117ra. Jis labai patogus laikiklis kilpoms ar pavar\u017eoms, ar bet kam, k\u0105 reikia prisegti prie balno. Jei jo netur\u0117site, viskas baigsis besitabaluojan\u010diomis kilpomis ir pavar\u017eomis, ypa\u010d kai ne\u0161ite baln\u0105 rankose. Tai erzina.<\/p>\n<p>J\u016bs galite \u0161\u012f dir\u017eel\u012f prisegti prie bet kurio D formos \u017eiedo ant j\u016bs\u0173 balno. Dir\u017eelis gal\u0117s b\u016bti kaip dekoratyvinis elementas arba prakti\u0161kai panaudojamas reikmuo jojant. Tiesiog sekite laikikl\u012f pro pavar\u017eos \u017eied\u0105 ar kilp\u0105\u2013 ir jie beveik pakabinti. Jis netinkamas naudoti su pla\u010diais vesterno kilpdir\u017eiais. <\/p>\n","protected":false},"excerpt":{"rendered":"<ul>\n<li>Patogus ma\u017eas dir\u017eelis su daugybe panaudojimo galimybi\u0173<\/li>\n<li>Prisekite pavar\u017e\u0105 prie balno<\/li>\n<li>Prisekite kilpdir\u017eius prie balno<\/li>\n<li>Prisekite bet k\u0105, k\u0105 reikia tvirtinti prie balno, t.y. krep\u0161ius<\/li>\n<\/ul>\n","protected":false},"featured_media":1166,"template":"","meta":[],"product_brand":[],"product_cat":[1847,1849,1848],"product_tag":[1891,1866],"class_list":{"0":"post-6239","1":"product","2":"type-product","3":"status-publish","4":"has-post-thumbnail","6":"product_cat-balno-aksesuarai","7":"product_cat-kilpos-ir-kilpdirziai","8":"product_cat-pavarzos","9":"product_tag-oda","10":"product_tag-patogumas","11":"product_shipping_class-siuntu-stotis","12":"pa_colour-juoda","13":"pa_colour-ruda","15":"first","16":"instock","17":"shipping-taxable","18":"purchasable","19":"product-type-variable"},"_links":{"self":[{"href":"https:\/\/www.barefoot-baltics.ee\/lt\/wp-json\/wp\/v2\/product\/6239","targetHints":{"allow":["GET"]}}],"collection":[{"href":"https:\/\/www.barefoot-baltics.ee\/lt\/wp-json\/wp\/v2\/product"}],"about":[{"href":"https:\/\/www.barefoot-baltics.ee\/lt\/wp-json\/wp\/v2\/types\/product"}],"wp:featuredmedia":[{"embeddable":true,"href":"https:\/\/www.barefoot-baltics.ee\/lt\/wp-json\/wp\/v2\/media\/1166"}],"wp:attachment":[{"href":"https:\/\/www.barefoot-baltics.ee\/lt\/wp-json\/wp\/v2\/media?parent=6239"}],"wp:term":[{"taxonomy":"product_brand","embeddable":true,"href":"https:\/\/www.barefoot-baltics.ee\/lt\/wp-json\/wp\/v2\/product_brand?post=6239"},{"taxonomy":"product_cat","embeddable":true,"href":"https:\/\/www.barefoot-baltics.ee\/lt\/wp-json\/wp\/v2\/product_cat?post=6239"},{"taxonomy":"product_tag","embeddable":true,"href":"https:\/\/www.barefoot-baltics.ee\/lt\/wp-json\/wp\/v2\/product_tag?post=6239"}],"curies":[{"name":"wp","href":"https:\/\/api.w.org\/{rel}","templated":true}]}}