{"id":6236,"date":"2019-03-07T09:13:28","date_gmt":"2019-03-07T07:13:28","guid":{"rendered":"https:\/\/www.barefoot-baltics.ee\/product\/jojimo-pledas-fizio-plius\/"},"modified":"2020-08-06T20:42:07","modified_gmt":"2020-08-06T17:42:07","slug":"jojimo-pledas-fizio-plius","status":"publish","type":"product","link":"https:\/\/www.barefoot-baltics.ee\/lt\/produktas\/jojimo-pledas-fizio-plius\/","title":{"rendered":"Jojimo pledas \u201cFizio plius\u201d"},"content":{"rendered":"<p>\u201cFizio plius\u201d yra geriausias m\u016bs\u0173 jojimo pledas. Pagamintas i\u0161 tikros avies vilnos ir mikropluo\u0161to. Turi didelis keli\u0173 blokelius kurie suteikia atram\u0105 raitelio kojai, tuo tarpu auk\u0161ta, mink\u0161ta s\u0117dyn\u0117s nugar\u0117l\u0117 apsupa ir paremia raitel\u012f gale. Balno sparnai pagaminti i\u0161 mikropluo\u0161to. Dirbtin\u0117s gumos apa\u010dia neleid\u017eia pledui slidin\u0117ti ant \u017eirgo nugaros. <\/p>\n<p>Apa\u010dia turi papildom\u0105 pamink\u0161tinim\u0105. Komplekte pledai su dviej\u0173 r\u016b\u0161i\u0173 u\u017epildais ( viena pora\u2013 akytos gumos, kita\u2013 mink\u0161t\u0173 poliuretano put\u0173). Jei j\u016bs\u0173 \u017eirgo nugara yra ne\u012fprasta, j\u016bs galite apkarpyti u\u017epildus ir \u012fd\u0117ti juos \u012f jojimo pled\u0105. Pamink\u0161tinta apa\u010dia suteikia tarp\u0105 stuburui ir papildom\u0105 apsaug\u0105 \u017eirgo nugarai.<\/p>\n<p>Dauguma jojimo pled\u0173 ar jojimo pamink\u0161tinim\u0173 yra nepatog\u016bs \u017eirgui ir kelia diskomfort\u0105. Tai vyksta d\u0117l pavar\u017eos, einan\u010dios tiesiai per nugar\u0105 ir paskirstan\u010dios spaudim\u0105 ant vienos ar dviej\u0173 slanksteli\u0173 keterini\u0173 ataug\u0173 . Barefoot jojimo pledai turi V\u2013 formos pavar\u017eos u\u017ever\u017eimo sistem\u0105, kuri paskirsto spaudim\u0105 po vis\u0105 pled\u0105. Mes s\u0105moningai atsisak\u0117me kilp\u0173 , nes stov\u0117jimas jose sukelt\u0173 spaudim\u0105 ir trikdyt\u0173 raumen\u0173 vystym\u0105si.<\/p>\n<p>\u201cFizio plius\u201d suteikia raiteliui saugi\u0105, patogi\u0105 s\u0117dyn\u0119 ar\u010diau \u017eirgo. D\u0117l neslid\u017eios apa\u010dios, pledas stabiliai laikosi ant \u017eirgo.<\/p>\n<p>\u0160is produktas pagamintas i\u0161 grynos avies vilnos ir mikropluo\u0161to, taigi jis yra gan draugi\u0161kas gyv\u016bnams. Produktas juodas ( i\u0161skyrus viln\u0105, kuri yra nat\u016bralios spalvos), du dyd\u017eiai:<\/p>\n<ul>\n<li>Ma\u017eas \u2013 ilgis 51 cm, sparno ilgis 49 cm<\/li>\n<li>Didelis \u2013 ilgis 59 cm, sparno ilgis 58 cm<\/li>\n<\/ul>\n<p>\u201cFizio plius\u201d n\u0117ra tinkamas ma\u017eesniems poniams d\u0117l savo ilgesni\u0173 sparn\u0173 ir pavar\u017eos u\u017ever\u017eimo sistemos. Tokiems poniams kaip \u0160etlandai, rekomenduojame m\u016bs\u0173 jojimo pled\u0105 vaikams. <\/p>\n<p>Valant, pirmiausia jums reiks nu\u0161luostyti prilipusias \u017eemes ir plaukus. Tada skalbkite \u0161altame vandenyje rankomis. Galiausiai, i\u0161tempkite j\u012f atgal \u012f buvusi\u0105 form\u0105. Pra\u0161ome pledo ned\u017eiovinti ant radiatoriaus.<\/p>\n","protected":false},"excerpt":{"rendered":"<ul>\n<li>Su dviej\u0173 r\u016b\u0161i\u0173 u\u017epildais<\/li>\n<li>Tinka senesniems \u017eirgams ir sunkesniems raiteliams<\/li>\n<li>\u017dirgui draugi\u0161ka, V\u2013 formos pavar\u017eos u\u017ever\u017eimo sistema<\/li>\n<li>Dirbtin\u0117s gumos neslidi apa\u010dia<\/li>\n<\/ul>\n","protected":false},"featured_media":1904,"template":"","meta":[],"product_brand":[],"product_cat":[1846],"product_tag":[1877,1910],"class_list":{"0":"post-6236","1":"product","2":"type-product","3":"status-publish","4":"has-post-thumbnail","6":"product_cat-jojimo-pledai-ir-balneliai","7":"product_tag-labai-patogus","8":"product_tag-vilna-lt","9":"product_shipping_class-siuntu-stotis","10":"pa_size-didelis","11":"pa_size-mazas","13":"first","14":"onbackorder","15":"shipping-taxable","16":"purchasable","17":"product-type-variable"},"_links":{"self":[{"href":"https:\/\/www.barefoot-baltics.ee\/lt\/wp-json\/wp\/v2\/product\/6236","targetHints":{"allow":["GET"]}}],"collection":[{"href":"https:\/\/www.barefoot-baltics.ee\/lt\/wp-json\/wp\/v2\/product"}],"about":[{"href":"https:\/\/www.barefoot-baltics.ee\/lt\/wp-json\/wp\/v2\/types\/product"}],"wp:featuredmedia":[{"embeddable":true,"href":"https:\/\/www.barefoot-baltics.ee\/lt\/wp-json\/wp\/v2\/media\/1904"}],"wp:attachment":[{"href":"https:\/\/www.barefoot-baltics.ee\/lt\/wp-json\/wp\/v2\/media?parent=6236"}],"wp:term":[{"taxonomy":"product_brand","embeddable":true,"href":"https:\/\/www.barefoot-baltics.ee\/lt\/wp-json\/wp\/v2\/product_brand?post=6236"},{"taxonomy":"product_cat","embeddable":true,"href":"https:\/\/www.barefoot-baltics.ee\/lt\/wp-json\/wp\/v2\/product_cat?post=6236"},{"taxonomy":"product_tag","embeddable":true,"href":"https:\/\/www.barefoot-baltics.ee\/lt\/wp-json\/wp\/v2\/product_tag?post=6236"}],"curies":[{"name":"wp","href":"https:\/\/api.w.org\/{rel}","templated":true}]}}