{"id":6231,"date":"2019-03-07T09:40:38","date_gmt":"2019-03-07T07:40:38","guid":{"rendered":"https:\/\/www.barefoot-baltics.ee\/product\/jojimo-pledas-fizio-parama\/"},"modified":"2019-08-05T15:13:41","modified_gmt":"2019-08-05T12:13:41","slug":"jojimo-pledas-fizio-parama","status":"publish","type":"product","link":"https:\/\/www.barefoot-baltics.ee\/lt\/produktas\/jojimo-pledas-fizio-parama\/","title":{"rendered":"Jojimo pledas \u201cFizio parama\u201d"},"content":{"rendered":"<p>Tai \u017eymus Barefoot \u201cFizio\u201d anatominis jojimo pledas su papildoma atrama raiteliui. Turi didelius keli\u0173 blokelius kurie suteikia atram\u0105 raitelio kojai, tuo tarpu auk\u0161ta, mink\u0161ta s\u0117dyn\u0117s nugar\u0117l\u0117 apsupa ir remia raitel\u012f gale. Dirbtin\u0117s gumos apa\u010dia neleid\u017eia pledui slidin\u0117ti ant \u017eirgo nugaros. <\/p>\n<p>Apa\u010dia turi papildom\u0105 pamink\u0161tinim\u0105. Komplekte pledai su dviej\u0173 r\u016b\u0161i\u0173 u\u017epildais ( viena pora\u2013 akytos gumos, kita\u2013 mink\u0161t\u0173 poliuretano put\u0173). Pamink\u0161tinta apa\u010dia sudaro tarp\u0105 stuburui ir papildom\u0105 apsaug\u0105 \u017eirgo nugarai. Sud\u0117tingos balno vietos gali b\u016bti subalansuotos \u012fdedant apkirptus \u012fd\u0117klus kur reikia. <\/p>\n<p>Barefoot jojimo pledai neturi kilp\u0173 pritvirtinim\u0173 norint i\u0161vengti bet kokio spaudimo \u017eirgo nugaros raumenims.<\/p>\n<p>Daugelyje jojimo pled\u0173 pavar\u017eos prisegimas eina tiesiai per \u017eirgo nugar\u0105 ir sukelia spaudim\u0105 vienai ar dviem keterin\u0117m ataugom. Barefoot anatominiai jojimo pledai yra labiau draugi\u0161ki \u017eirgui! Pavar\u017eos dir\u017eai yra pasl\u0117pti ir centralizuotai \u012ftaisyti pabaln\u0117je. Taip jie paskirsto spaudim\u0105 per vis\u0105 pledo plot\u0105.<\/p>\n<p>Barefoot \u201cFizio parama\u201d suteikia raiteliui labai saugi\u0105 s\u0117dyn\u0119, esan\u010di\u0105 arti \u017eirgo nugaros. Neslid\u017eios apa\u010dios d\u0117ka jis stabiliai laikosi vietoje. <\/p>\n<p>\u201cFizio parama\u201d n\u0117ra tinkamas ma\u017eesniems poniams d\u0117l savo ilgesni\u0173 sparn\u0173 ir pavar\u017eos u\u017ever\u017eimo sistemos. Tokiems poniams kaip \u0160etlandai, rekomenduojame m\u016bs\u0173 jojimo pled\u0105 vaikams.<\/p>\n","protected":false},"excerpt":{"rendered":"<ul>\n<li>Tinkamas senesniems \u017eirgams ir sunkesniems raiteliams<\/li>\n<li>\u017dirgui draugi\u0161ka, V\u2013 formos pavar\u017eos u\u017ever\u017eimo sistema<\/li>\n<li>Dirbtin\u0117s gumos neslidi apa\u010dia<\/li>\n<li>Patvaraus nailono rankena laikymuisi<\/li>\n<li>Su dviej\u0173 r\u016b\u0161i\u0173 u\u017epildais<\/li>\n<\/ul>\n","protected":false},"featured_media":1910,"template":"","meta":[],"product_brand":[],"product_cat":[1846],"product_tag":[1877],"class_list":{"0":"post-6231","1":"product","2":"type-product","3":"status-publish","4":"has-post-thumbnail","6":"product_cat-jojimo-pledai-ir-balneliai","7":"product_tag-labai-patogus","8":"product_shipping_class-siuntu-stotis","9":"pa_colour-juoda","10":"pa_colour-ruda","11":"pa_size-didelis","12":"pa_size-mazas","14":"first","15":"onbackorder","16":"shipping-taxable","17":"purchasable","18":"product-type-variable"},"_links":{"self":[{"href":"https:\/\/www.barefoot-baltics.ee\/lt\/wp-json\/wp\/v2\/product\/6231","targetHints":{"allow":["GET"]}}],"collection":[{"href":"https:\/\/www.barefoot-baltics.ee\/lt\/wp-json\/wp\/v2\/product"}],"about":[{"href":"https:\/\/www.barefoot-baltics.ee\/lt\/wp-json\/wp\/v2\/types\/product"}],"wp:featuredmedia":[{"embeddable":true,"href":"https:\/\/www.barefoot-baltics.ee\/lt\/wp-json\/wp\/v2\/media\/1910"}],"wp:attachment":[{"href":"https:\/\/www.barefoot-baltics.ee\/lt\/wp-json\/wp\/v2\/media?parent=6231"}],"wp:term":[{"taxonomy":"product_brand","embeddable":true,"href":"https:\/\/www.barefoot-baltics.ee\/lt\/wp-json\/wp\/v2\/product_brand?post=6231"},{"taxonomy":"product_cat","embeddable":true,"href":"https:\/\/www.barefoot-baltics.ee\/lt\/wp-json\/wp\/v2\/product_cat?post=6231"},{"taxonomy":"product_tag","embeddable":true,"href":"https:\/\/www.barefoot-baltics.ee\/lt\/wp-json\/wp\/v2\/product_tag?post=6231"}],"curies":[{"name":"wp","href":"https:\/\/api.w.org\/{rel}","templated":true}]}}