{"id":6225,"date":"2018-07-29T12:39:06","date_gmt":"2018-07-29T09:39:06","guid":{"rendered":"https:\/\/www.barefoot-baltics.ee\/product\/jojimo-pledas-fizio\/"},"modified":"2022-06-09T15:44:51","modified_gmt":"2022-06-09T12:44:51","slug":"jojimo-pledas-fizio","status":"publish","type":"product","link":"https:\/\/www.barefoot-baltics.ee\/lt\/produktas\/jojimo-pledas-fizio\/","title":{"rendered":"Jojimo pledas \u201cFizio\u201d"},"content":{"rendered":"<p>Barefoot \u201cFizio\u201d yra labai patogus jojimo pledas tiek raiteliui, tiek \u017eirgui. Pagaliau jojimas be balno, nekeliant skausmo j\u016bs\u0173 \u017eirgui yra \u012fmanomas. <\/p>\n<p>\u201cFizio\u201d jojimo pledas turi special\u0173, pamink\u0161tinam\u0105, lipukais prisegama apa\u010dia. Du skirting\u0173 r\u016b\u0161i\u0173 u\u017epildai (gumos ir mink\u0161t\u0173 poliuretano put\u0173), kurie gali b\u016bti \u012fd\u0117ti \u012f pledo apatin\u0119 dal\u012f.<\/p>\n<p>U\u017epildai u\u017etikrina tu\u0161tum\u0105 stuburui ir papildom\u0105 apsaug\u0105 \u017eirgo nugarai. <\/p>\n<p>Tod\u0117l mes rekomenduojame m\u016bs\u0173 \u201cFizio\u201d:<\/p>\n<ul>\n<li>Senesniems \u017eirgams<\/li>\n<li>\u017dirgams su ai\u0161kiai matomomis keterin\u0117mis ataugomis ir netinkamai i\u0161sivys\u010diusiais nugaros raumenimis<\/li>\n<li>Sunkiems raiteliams<\/li>\n<li>Labai ploniems raiteliams<\/li>\n<\/ul>\n<p>Dauguma jojimo pled\u0173 ar jojimo pamink\u0161tinim\u0173 yra nepatog\u016bs \u017eirgui ir kelia diskomfort\u0105. Tai vyksta d\u0117l pavar\u017eos, einan\u010dios tiesiai per nugar\u0105 ir paskirstan\u010dios spaudim\u0105 ant vienos ar dviej\u0173 slanksteli\u0173 keterini\u0173 ataug\u0173 . Barefoot jojimo pledai turi V\u2013 formos pavar\u017eos u\u017ever\u017eimo sistem\u0105, kuri paskirsto spaudim\u0105 po vis\u0105 pled\u0105. Mes s\u0105moningai atsisak\u0117me kilp\u0173, nes stov\u0117jimas jose sukelt\u0173 spaudim\u0105.<\/p>\n<p>\u201cFizio\u201d jojimo pledas yra pamink\u0161tintas auk\u0161to tankumo putomis, skirtingais storiais, o dirbtin\u0117s gumos apa\u010dios d\u0117ka yra labai stabilus ant \u017eirgo nugaros. Vir\u0161utin\u0117 dalis pagaminta i\u0161 mikropluo\u0161to, kuris u\u017etikrina raiteliui ger\u0105 sukibim\u0105 net jojant dideliu grei\u010diu. Pavar\u017eos u\u017ever\u017eimo sistema yra stabilizuojama pavar\u017eos dir\u017e\u0173 pamink\u0161tinim\u0173, kurie turi tikros vilnos apa\u010di\u0105, kad neerzint\u0173 kailio ant \u017eirgo \u0161on\u0173. Mes rekomenduojame naudoti Barefoot avikailio pavar\u017e\u0105.<\/p>\n","protected":false},"excerpt":{"rendered":"<ul>\n<li>Su dviej\u0173 r\u016b\u0161i\u0173 u\u017epildais<\/li>\n<li>Taip pat tinka senesniems \u017eirgams ir sunkesniems raiteliams<\/li>\n<li>\u017dirgui draugi\u0161ka, V\u2013 formos pavar\u017eos u\u017ever\u017eimo sistema<\/li>\n<li>Dirbtin\u0117s gumos neslidi apa\u010dia<\/li>\n<li>3 D formos \u017eiedai krep\u0161iams prisegti<\/li>\n<\/ul>\n","protected":false},"featured_media":464,"template":"","meta":[],"product_brand":[],"product_cat":[1846],"product_tag":[1895,1877,1858],"class_list":{"0":"post-6225","1":"product","2":"type-product","3":"status-publish","4":"has-post-thumbnail","6":"product_cat-jojimo-pledai-ir-balneliai","7":"product_tag-fizio-lt","8":"product_tag-labai-patogus","9":"product_tag-reguliuojamas","10":"product_shipping_class-siuntu-stotis","11":"pa_colour-juoda","12":"pa_colour-juros-melyna","13":"pa_colour-roze-lt","14":"pa_colour-ruda","15":"pa_colour-zalia","17":"first","18":"onbackorder","19":"shipping-taxable","20":"purchasable","21":"product-type-variable"},"_links":{"self":[{"href":"https:\/\/www.barefoot-baltics.ee\/lt\/wp-json\/wp\/v2\/product\/6225","targetHints":{"allow":["GET"]}}],"collection":[{"href":"https:\/\/www.barefoot-baltics.ee\/lt\/wp-json\/wp\/v2\/product"}],"about":[{"href":"https:\/\/www.barefoot-baltics.ee\/lt\/wp-json\/wp\/v2\/types\/product"}],"wp:featuredmedia":[{"embeddable":true,"href":"https:\/\/www.barefoot-baltics.ee\/lt\/wp-json\/wp\/v2\/media\/464"}],"wp:attachment":[{"href":"https:\/\/www.barefoot-baltics.ee\/lt\/wp-json\/wp\/v2\/media?parent=6225"}],"wp:term":[{"taxonomy":"product_brand","embeddable":true,"href":"https:\/\/www.barefoot-baltics.ee\/lt\/wp-json\/wp\/v2\/product_brand?post=6225"},{"taxonomy":"product_cat","embeddable":true,"href":"https:\/\/www.barefoot-baltics.ee\/lt\/wp-json\/wp\/v2\/product_cat?post=6225"},{"taxonomy":"product_tag","embeddable":true,"href":"https:\/\/www.barefoot-baltics.ee\/lt\/wp-json\/wp\/v2\/product_tag?post=6225"}],"curies":[{"name":"wp","href":"https:\/\/api.w.org\/{rel}","templated":true}]}}