{"id":6219,"date":"2018-07-21T09:50:34","date_gmt":"2018-07-21T06:50:34","guid":{"rendered":"https:\/\/www.barefoot-baltics.ee\/product\/jojimo-pledas-su-krepsiais\/"},"modified":"2019-08-05T14:38:48","modified_gmt":"2019-08-05T11:38:48","slug":"jojimo-pledas-su-krepsiais","status":"publish","type":"product","link":"https:\/\/www.barefoot-baltics.ee\/lt\/produktas\/jojimo-pledas-su-krepsiais\/","title":{"rendered":"Jojimo pledas su krep\u0161iais"},"content":{"rendered":"<p>Tai Barefoot jojimo pledas su pora krep\u0161i\u0173. Leid\u017eiantis joti be balno taip, kad b\u016bt\u0173 patogu j\u016bs\u0173 \u017eirgui. J\u016bs taip pat galite pasiimti pora daikt\u0173 su savimi. <\/p>\n<p>Dauguma jojimo pled\u0173 ar jojimo pamink\u0161tinim\u0173 yra nepatog\u016bs \u017eirgui ir kelia diskomfort\u0105. Tai vyksta d\u0117l pavar\u017eos, einan\u010dios tiesiai per nugar\u0105 ir paskirstan\u010dios spaudim\u0105 ant vienos ar dviej\u0173 slanksteli\u0173 keterini\u0173 ataug\u0173 . Barefoot jojimo pledai turi V\u2013 formos pavar\u017eos u\u017ever\u017eimo sistem\u0105, kuri paskirsto spaudim\u0105 po vis\u0105 pled\u0105. Mes s\u0105moningai atsisak\u0117me kilp\u0173 , nes stov\u0117jimas jose sukelt\u0173 spaudim\u0105. <\/p>\n<p>\u0160is jojimo pledas yra pamink\u0161tintas keli\u0173 sluoksni\u0173 auk\u0161to tankumo putomis, o dirbtin\u0117s gumos apa\u010dios d\u0117ka yra labai stabilus ant \u017eirgo nugaros. Vir\u0161utin\u0117 dalis pagaminta i\u0161 mikropluo\u0161to, kuris u\u017etikrina raiteliui ger\u0105 sukibim\u0105 net jojant dideliu grei\u010diu. <\/p>\n<p>Pavar\u017eos u\u017ever\u017eimo sistema stabilizuojama pavar\u017eos dir\u017e\u0173 pamink\u0161tinim\u0173, kurie turi tikros vilnos apa\u010di\u0105, kad neerzint\u0173 kailio ant \u017eirgo \u0161on\u0173. Mes rekomenduojame naudoti su m\u016bs\u0173 avikailio pavar\u017ea.<\/p>\n<p>M\u016bs\u0173 jojimo pledas su krep\u0161iais yra juodos spalvos. <\/p>\n","protected":false},"excerpt":{"rendered":"<ul>\n<li>\u017dirgui draugi\u0161ka, V\u2013 formos pavar\u017eos u\u017ever\u017eimo sistema<\/li>\n<li>Dirbtin\u0117s gumos neslidi apa\u010dia<\/li>\n<li>3 D formos \u017eiedai krep\u0161iams prisegti<\/li>\n<li>Patvaraus nailono rankena laikymuisi<\/li>\n<\/ul>\n","protected":false},"featured_media":433,"template":"","meta":[],"product_brand":[],"product_cat":[1846],"product_tag":[1862],"class_list":{"0":"post-6219","1":"product","2":"type-product","3":"status-publish","4":"has-post-thumbnail","6":"product_cat-jojimo-pledai-ir-balneliai","7":"product_tag-krepsiai","8":"product_shipping_class-siuntu-stotis","10":"first","11":"onbackorder","12":"shipping-taxable","13":"purchasable","14":"product-type-simple"},"_links":{"self":[{"href":"https:\/\/www.barefoot-baltics.ee\/lt\/wp-json\/wp\/v2\/product\/6219","targetHints":{"allow":["GET"]}}],"collection":[{"href":"https:\/\/www.barefoot-baltics.ee\/lt\/wp-json\/wp\/v2\/product"}],"about":[{"href":"https:\/\/www.barefoot-baltics.ee\/lt\/wp-json\/wp\/v2\/types\/product"}],"wp:featuredmedia":[{"embeddable":true,"href":"https:\/\/www.barefoot-baltics.ee\/lt\/wp-json\/wp\/v2\/media\/433"}],"wp:attachment":[{"href":"https:\/\/www.barefoot-baltics.ee\/lt\/wp-json\/wp\/v2\/media?parent=6219"}],"wp:term":[{"taxonomy":"product_brand","embeddable":true,"href":"https:\/\/www.barefoot-baltics.ee\/lt\/wp-json\/wp\/v2\/product_brand?post=6219"},{"taxonomy":"product_cat","embeddable":true,"href":"https:\/\/www.barefoot-baltics.ee\/lt\/wp-json\/wp\/v2\/product_cat?post=6219"},{"taxonomy":"product_tag","embeddable":true,"href":"https:\/\/www.barefoot-baltics.ee\/lt\/wp-json\/wp\/v2\/product_tag?post=6219"}],"curies":[{"name":"wp","href":"https:\/\/api.w.org\/{rel}","templated":true}]}}