{"id":6216,"date":"2018-07-21T10:22:02","date_gmt":"2018-07-21T07:22:02","guid":{"rendered":"https:\/\/www.barefoot-baltics.ee\/product\/jojimo-pledas\/"},"modified":"2021-05-03T14:26:35","modified_gmt":"2021-05-03T11:26:35","slug":"jojimo-pledas","status":"publish","type":"product","link":"https:\/\/www.barefoot-baltics.ee\/lt\/produktas\/jojimo-pledas\/","title":{"rendered":"Jojimo pledas"},"content":{"rendered":"<p>Kai \u012fsigyjate Barefoot jojimo pled\u0105, jis jums leid\u017eia joti be balno taip, kad \u017eirgui irgi yra patogu. <\/p>\n<p>Dauguma jojimo pled\u0173 ar jojimo pamink\u0161tinim\u0173 yra nepatog\u016bs \u017eirgui ir kelia diskomfort\u0105 . Tai vyksta d\u0117l pavar\u017eos, einan\u010dios tiesiai per nugar\u0105 ir paskirstan\u010dios spaudim\u0105 ant vieno ar dviej\u0173 keterini\u0173 ataug\u0173.<\/p>\n<p>Barefoot jojimo pledai turi V\u2013 formos pavar\u017eos u\u017ever\u017eimo sistem\u0105, kuri paskirsto spaudim\u0105 po vis\u0105 pled\u0105. Mes s\u0105moningai atsisak\u0117me  kilp\u0173, nes stov\u0117jimas kilpose sukelt\u0173 spaudim\u0105.<\/p>\n<p>\u0160is Barefoot jojimo pledas yra pamink\u0161tintas auk\u0161to tankumo putomis, skirtingais storiais ir dirbtin\u0117s gumos apa\u010dios d\u0117ka yra labai stabilus ant \u017eirgo nugaros. Vir\u0161utin\u0117 dalis pagaminta i\u0161 mikropluo\u0161to, kuris u\u017etikrina raiteliui tvirt\u0105 sukibim\u0105 net jojant dideliu grei\u010diu. Pavar\u017eos u\u017ever\u017eimo sistema stabilizuojama pavar\u017eos dir\u017e\u0173 pamink\u0161tinim\u0173, kurie turi tikros vilnos apa\u010di\u0105, kad nedirgint\u0173 kailio ant \u017eirgo \u0161on\u0173.<\/p>\n<p>Mes rekomenduojame naudoti su Barefoot avikailio pavar\u017ea.<\/p>\n","protected":false},"excerpt":{"rendered":"<ul>\n<li>\u017dirgui draugi\u0161ka, V\u2013 formos pavar\u017eos u\u017ever\u017eimo sistema<\/li>\n<li>Dirbtin\u0117s gumos neslidi apa\u010dia<\/li>\n<li>3 D formos \u017eiedai krep\u0161iams prisegti<\/li>\n<li>Patvaraus nailono rankena laikymuisi<\/li>\n<\/ul>\n","protected":false},"featured_media":9900,"template":"","meta":[],"product_brand":[],"product_cat":[1846],"product_tag":[],"class_list":{"0":"post-6216","1":"product","2":"type-product","3":"status-publish","4":"has-post-thumbnail","6":"product_cat-jojimo-pledai-ir-balneliai","7":"product_shipping_class-siuntu-stotis","8":"pa_colour-juoda","9":"pa_colour-ruda","10":"pa_colour-zebra-black-and-turquoise-lt","12":"first","13":"onbackorder","14":"shipping-taxable","15":"purchasable","16":"product-type-variable"},"_links":{"self":[{"href":"https:\/\/www.barefoot-baltics.ee\/lt\/wp-json\/wp\/v2\/product\/6216","targetHints":{"allow":["GET"]}}],"collection":[{"href":"https:\/\/www.barefoot-baltics.ee\/lt\/wp-json\/wp\/v2\/product"}],"about":[{"href":"https:\/\/www.barefoot-baltics.ee\/lt\/wp-json\/wp\/v2\/types\/product"}],"wp:featuredmedia":[{"embeddable":true,"href":"https:\/\/www.barefoot-baltics.ee\/lt\/wp-json\/wp\/v2\/media\/9900"}],"wp:attachment":[{"href":"https:\/\/www.barefoot-baltics.ee\/lt\/wp-json\/wp\/v2\/media?parent=6216"}],"wp:term":[{"taxonomy":"product_brand","embeddable":true,"href":"https:\/\/www.barefoot-baltics.ee\/lt\/wp-json\/wp\/v2\/product_brand?post=6216"},{"taxonomy":"product_cat","embeddable":true,"href":"https:\/\/www.barefoot-baltics.ee\/lt\/wp-json\/wp\/v2\/product_cat?post=6216"},{"taxonomy":"product_tag","embeddable":true,"href":"https:\/\/www.barefoot-baltics.ee\/lt\/wp-json\/wp\/v2\/product_tag?post=6216"}],"curies":[{"name":"wp","href":"https:\/\/api.w.org\/{rel}","templated":true}]}}