{"id":6213,"date":"2019-02-23T11:29:04","date_gmt":"2019-02-23T09:29:04","guid":{"rendered":"https:\/\/www.barefoot-baltics.ee\/product\/jojimo-balnelis-saugok-mano-stubura\/"},"modified":"2024-04-16T12:33:36","modified_gmt":"2024-04-16T09:33:36","slug":"jojimo-balnelis-saugok-mano-stubura","status":"publish","type":"product","link":"https:\/\/www.barefoot-baltics.ee\/lt\/produktas\/jojimo-balnelis-saugok-mano-stubura\/","title":{"rendered":"Jojimo balnelis \u201cSaugok mano stubur\u0105\u201d"},"content":{"rendered":"<p>Barefoot \u201cSaugok mano stubur\u0105\u201d yra novatori\u0161kas bei \u017eirgui draugi\u0161kas jojimo balnelis. Dauguma balneli\u0173 suteikia lau\u017eiam\u0105 spaudim\u0105 \u017eirgo gogui, \u0161onams arba vir\u0161 keterini\u0173 ataug\u0173. M\u016bs\u0173 balneliai yra kitokie!<\/p>\n<p>Po balneliu \u201cSaugok mano stubur\u0105\u201d \u017eirgo gogas i\u0161lieka nesuvar\u017eytas ir n\u0117ra jokio spaudimo\u2013 nei ant gogo, nei ant \u0161on\u0173. Atramin\u0117s dalys abiejose pus\u0117se yra pamink\u0161tintos ir labai pla\u010dios, kad \u017eirgo raumenys gal\u0117t\u0173 s\u0117kmingai vystytis nespaud\u017eiami. <\/p>\n<p>Yra penki tvirti \u017eiedai abiejose pus\u0117se, taigi visi pagalbiniai pavad\u017eiai (kaip \u0161oniniai pari\u0161imai) gali b\u016bti prisegti. J\u016bs taip pat galite naudoti ilgus pavad\u017eius arba dvigubus pavad\u017eius \u012fvairiomis pozicijomis. M\u016bs\u0173 jojimo balnelis yra pagamintas i\u0161 tikros, tvirtos odos su mink\u0161tu, nuolat prisitaikan\u010diu put\u0173 pagrindu. Vir\u0161us dengtas zom\u0161os oda. Stiklo pluo\u0161to balno lankelis (kompekte yra vidutinio dyd\u017eio lankelis) tinka daugeliui gog\u0173, bet esant reikalui, j\u016bs galite j\u012f pakeisti kitu. M\u016bs\u0173 jojimo balneliai gali b\u016bti naudojami su standartin\u0117mis dailiojo jojimo pavar\u017eomis.<\/p>\n<p>\u0160is jojimo balnelis yra dviej\u0173  dyd\u017ei\u0173, vienas didesniems \u017eirgams ir kitas poniams. Svarbiausi \u0161i\u0173 variant\u0173 i\u0161matavimai yra toliau apa\u010dioje.<\/p>\n<p>Ilgis nuo gogo iki pirmos ver\u017eimo skylut\u0117s:<\/p>\n<ul>\n<li>Dyd\u017eio poniams modelis \u2013 55 cm<\/li>\n<li><\/li>\n<\/ul>\n<p>Ilgis nuo gogo iki paskutines ver\u017eimo skilut\u0117s:<\/p>\n<ul>\n<li>Dyd\u017eio poniams modelis \u2013 69 cm<\/li>\n<li>Dyd\u017eio \u017eirgams modelis \u2013 85 cm<\/li>\n<\/ul>\n<p>Poni versija gali b\u016bti naudojama su visais 115 cm \u016bgio ir auk\u0161tesniais poniais. <\/p>\n","protected":false},"excerpt":{"rendered":"<ul>\n<li>Mink\u0161tas, patogus \u017eirgui<\/li>\n<li>N\u0117ra lau\u017eiamojo efekto, t.y. spaudimo ant nugaros<\/li>\n<li>Reguliuojamas skirtingiems gogams<\/li>\n<li>Gali b\u016bti naudojamas su bet kuria dailiojo jojimo pavar\u017ea<\/li>\n<\/ul>\n","protected":false},"featured_media":1769,"template":"","meta":[],"product_brand":[],"product_cat":[1846],"product_tag":[1877,1891,1858],"class_list":{"0":"post-6213","1":"product","2":"type-product","3":"status-publish","4":"has-post-thumbnail","6":"product_cat-jojimo-pledai-ir-balneliai","7":"product_tag-labai-patogus","8":"product_tag-oda","9":"product_tag-reguliuojamas","10":"product_shipping_class-siuntu-stotis","11":"pa_size-poniams","12":"pa_size-zirgams","14":"first","15":"onbackorder","16":"shipping-taxable","17":"purchasable","18":"product-type-variable"},"_links":{"self":[{"href":"https:\/\/www.barefoot-baltics.ee\/lt\/wp-json\/wp\/v2\/product\/6213","targetHints":{"allow":["GET"]}}],"collection":[{"href":"https:\/\/www.barefoot-baltics.ee\/lt\/wp-json\/wp\/v2\/product"}],"about":[{"href":"https:\/\/www.barefoot-baltics.ee\/lt\/wp-json\/wp\/v2\/types\/product"}],"wp:featuredmedia":[{"embeddable":true,"href":"https:\/\/www.barefoot-baltics.ee\/lt\/wp-json\/wp\/v2\/media\/1769"}],"wp:attachment":[{"href":"https:\/\/www.barefoot-baltics.ee\/lt\/wp-json\/wp\/v2\/media?parent=6213"}],"wp:term":[{"taxonomy":"product_brand","embeddable":true,"href":"https:\/\/www.barefoot-baltics.ee\/lt\/wp-json\/wp\/v2\/product_brand?post=6213"},{"taxonomy":"product_cat","embeddable":true,"href":"https:\/\/www.barefoot-baltics.ee\/lt\/wp-json\/wp\/v2\/product_cat?post=6213"},{"taxonomy":"product_tag","embeddable":true,"href":"https:\/\/www.barefoot-baltics.ee\/lt\/wp-json\/wp\/v2\/product_tag?post=6213"}],"curies":[{"name":"wp","href":"https:\/\/api.w.org\/{rel}","templated":true}]}}