{"id":6212,"date":"2018-07-31T07:12:03","date_gmt":"2018-07-31T04:12:03","guid":{"rendered":"https:\/\/www.barefoot-baltics.ee\/product\/avies-vilnos-sedyne-jojimo-pledui\/"},"modified":"2023-01-05T20:18:58","modified_gmt":"2023-01-05T18:18:58","slug":"avies-vilnos-sedyne-jojimo-pledui","status":"publish","type":"product","link":"https:\/\/www.barefoot-baltics.ee\/lt\/produktas\/avies-vilnos-sedyne-jojimo-pledui\/","title":{"rendered":"Avies vilnos s\u0117dyn\u0117 jojimo pledui"},"content":{"rendered":"<p>\u0160i avies vilnos s\u0117dyn\u0117 pavers j\u016bs\u0173 jojimo pled\u0105 mink\u0161tu ir patogiu. Ji turi storus priekinius kair\u012fj\u012f ir de\u0161in\u012fj\u012f blokelius, sulaikan\u010dius raitelio \u0161launis. Gale yra auk\u0161ta ir patogi atrama nugarai. Tai suteikia raiteliui u\u017etikrint\u0105 patogi\u0105 s\u0117d\u0117sen\u0105. <\/p>\n<p>Pagaminta i\u0161 100% avies vilnos ir neslid\u017eios, dirbtin\u0117s gumos apa\u010dios, kuri lygiai ir saugiai guli ant jojimo pledo. <\/p>\n<p>S\u0117dyn\u0117 prisegama ilgu lipuku, kuris yra pritvirtinamas prie apatin\u0117s pledo dalies. S\u0117dyn\u0117 turi papildomus priekines ir galines angas, pro kurias galima praki\u0161ti jojimo pledo \u017eiedus. <\/p>\n<p>\u0160is produktas pagamintas i\u0161 grynos avies vilnos. Avies vilna turi ma\u017edaug tokias pat antibakterines ir spaudim\u0105 slopinan\u010dias savybes kaip ir avikailis. Ta\u010diau vienas mums svarbus skirtumas yra tai.<\/p>\n<p>Vilna yra paprastai nuskusta nuo avies, kas yra reguliari, santykiniai neskaudi proced\u016bra, tuo tarpu d\u0117l avikailio avis turi \u017e\u016bti . Avies vilna yra perduodama kaip tekstil\u0117s med\u017eiaga tolimesniam apdirbimui. Tai rei\u0161kia, kad produkcija yra draugi\u0161ka tiek gyv\u016bn\u0173, tiek resurs\u0173 at\u017evilgiu.<\/p>\n<p>NB! S\u0117dyn\u0117 puikiai tinka m\u016bs\u0173 naujausiems jojimo pledams. Senesn\u0117s versijos neturi prisegt\u0173 \u017eied\u0173 priekyje. pledai be \u017eied\u0173 gali sukelti toki\u0173 b\u0117d\u0173 kaip priekin\u0117s s\u0117dyn\u0117s dalies slidin\u0117jimas. S\u0117dyn\u0117 taip pat gali b\u016bti naudojama ant kit\u0173 pled\u0173, jei jie turi \u017eiedus ar kitokius pritvirtinimus priekyje. <\/p>\n<p>J\u016bs galite rankomis skalbti \u0161i\u0105 avies vilnos s\u0117dyn\u0119 \u0161altame vandenyje. Tada po skalbimo i\u0161tempti j\u0105 \u012f buvusi\u0105 form\u0105 ir energingai papurtyti. Blokeliai ir galin\u0117 s\u0117dyn\u0117 prie\u0161 plovim\u0105 yra nuimami. <\/p>\n","protected":false},"excerpt":{"rendered":"<ul>\n<li>Su keli\u0173 blokeliais<\/li>\n<li>Patogi atrama nugarai<\/li>\n<li>S\u0117dyn\u0117 prisegama ilgu lipuku<\/li>\n<\/ul>\n","protected":false},"featured_media":1613,"template":"","meta":[],"product_brand":[],"product_cat":[1846],"product_tag":[1877,1910],"class_list":{"0":"post-6212","1":"product","2":"type-product","3":"status-publish","4":"has-post-thumbnail","6":"product_cat-jojimo-pledai-ir-balneliai","7":"product_tag-labai-patogus","8":"product_tag-vilna-lt","9":"product_shipping_class-siuntu-stotis","11":"first","12":"onbackorder","13":"shipping-taxable","14":"purchasable","15":"product-type-simple"},"_links":{"self":[{"href":"https:\/\/www.barefoot-baltics.ee\/lt\/wp-json\/wp\/v2\/product\/6212","targetHints":{"allow":["GET"]}}],"collection":[{"href":"https:\/\/www.barefoot-baltics.ee\/lt\/wp-json\/wp\/v2\/product"}],"about":[{"href":"https:\/\/www.barefoot-baltics.ee\/lt\/wp-json\/wp\/v2\/types\/product"}],"wp:featuredmedia":[{"embeddable":true,"href":"https:\/\/www.barefoot-baltics.ee\/lt\/wp-json\/wp\/v2\/media\/1613"}],"wp:attachment":[{"href":"https:\/\/www.barefoot-baltics.ee\/lt\/wp-json\/wp\/v2\/media?parent=6212"}],"wp:term":[{"taxonomy":"product_brand","embeddable":true,"href":"https:\/\/www.barefoot-baltics.ee\/lt\/wp-json\/wp\/v2\/product_brand?post=6212"},{"taxonomy":"product_cat","embeddable":true,"href":"https:\/\/www.barefoot-baltics.ee\/lt\/wp-json\/wp\/v2\/product_cat?post=6212"},{"taxonomy":"product_tag","embeddable":true,"href":"https:\/\/www.barefoot-baltics.ee\/lt\/wp-json\/wp\/v2\/product_tag?post=6212"}],"curies":[{"name":"wp","href":"https:\/\/api.w.org\/{rel}","templated":true}]}}