{"id":6210,"date":"2019-02-27T16:28:22","date_gmt":"2019-02-27T14:28:22","guid":{"rendered":"https:\/\/www.barefoot-baltics.ee\/product\/jojimo-balnelio-sedyne\/"},"modified":"2024-04-16T12:33:36","modified_gmt":"2024-04-16T09:33:36","slug":"jojimo-balnelio-sedyne","status":"publish","type":"product","link":"https:\/\/www.barefoot-baltics.ee\/lt\/produktas\/jojimo-balnelio-sedyne\/","title":{"rendered":"Jojimo balnelio s\u0117dyn\u0117"},"content":{"rendered":"<p>M\u016bs\u0173 jojimo balnelio s\u0117dyn\u0117 gali b\u016bti naudojama tiek su vaikymo, tiek su terapinio jojimo balneliais. Trumpai tariant tai lyg lengvesn\u0117 jojimo pledo versija, suteikianti raiteliui ger\u0105, solid\u017ei\u0105, s\u0117d\u0117sen\u0105.<\/p>\n<p>\u0160i s\u0117dyn\u0117 ypatingai gera jauniems, tik apjojamiems \u017eirgams, \u017eirgams su nutrynimais nuo balno, seniems \u017eirgams, nervingiems raiteliams, s\u0117d\u0117senos vystymuisi ir terapiniam jojimui. Tai yra viskas. \ud83d\ude42<\/p>\n<p>Jojimo balnelio s\u0117dyn\u0117s vidus yra storai pamink\u0161tintas skirtingais put\u0173 sluoksniais, taip u\u017etikrinant, kad s\u0117dyn\u0117s vieta yra kiek \u017eemesn\u0117 nei kitos pobalnio dalys \u2013 tokiu b\u016bdu s\u0117dyn\u0117 tarsi \u012fr\u0117mina raitel\u012f. <\/p>\n<p>Apa\u010dia pagaminta i\u0161 neslidaus, dirbtin\u0117s gumos tinklelio. Vir\u0161utinis sluoksnis pagamintas i\u0161 mikropluo\u0161to. <\/p>\n<p>\u0160i\u0105 jojimo balnelio s\u0117dyn\u0119 galite naudoti ne tik su Barefoot balneliais. Mes rekomenduojame j\u0105 naudoti su balneliais (ir balneli\u0173 pobalniais) kurie yra tokios pat med\u017eiagos, kaip ir s\u0117dyn\u0117.<\/p>\n","protected":false},"excerpt":{"rendered":"<ul>\n<li>Skirta terapiniam jojimui<\/li>\n<li>Tinkama kaip \u0161velni atrama ir volte\u017eiruotei<\/li>\n<li>Tinka ir tradiciniams balneliams<\/li>\n<li>Neslidaus tinklelio apa\u010dia<\/li>\n<\/ul>\n","protected":false},"featured_media":1799,"template":"","meta":[],"product_brand":[],"product_cat":[1846],"product_tag":[1877],"class_list":{"0":"post-6210","1":"product","2":"type-product","3":"status-publish","4":"has-post-thumbnail","6":"product_cat-jojimo-pledai-ir-balneliai","7":"product_tag-labai-patogus","8":"product_shipping_class-siuntu-stotis","10":"first","11":"onbackorder","12":"shipping-taxable","13":"purchasable","14":"product-type-simple"},"_links":{"self":[{"href":"https:\/\/www.barefoot-baltics.ee\/lt\/wp-json\/wp\/v2\/product\/6210","targetHints":{"allow":["GET"]}}],"collection":[{"href":"https:\/\/www.barefoot-baltics.ee\/lt\/wp-json\/wp\/v2\/product"}],"about":[{"href":"https:\/\/www.barefoot-baltics.ee\/lt\/wp-json\/wp\/v2\/types\/product"}],"wp:featuredmedia":[{"embeddable":true,"href":"https:\/\/www.barefoot-baltics.ee\/lt\/wp-json\/wp\/v2\/media\/1799"}],"wp:attachment":[{"href":"https:\/\/www.barefoot-baltics.ee\/lt\/wp-json\/wp\/v2\/media?parent=6210"}],"wp:term":[{"taxonomy":"product_brand","embeddable":true,"href":"https:\/\/www.barefoot-baltics.ee\/lt\/wp-json\/wp\/v2\/product_brand?post=6210"},{"taxonomy":"product_cat","embeddable":true,"href":"https:\/\/www.barefoot-baltics.ee\/lt\/wp-json\/wp\/v2\/product_cat?post=6210"},{"taxonomy":"product_tag","embeddable":true,"href":"https:\/\/www.barefoot-baltics.ee\/lt\/wp-json\/wp\/v2\/product_tag?post=6210"}],"curies":[{"name":"wp","href":"https:\/\/api.w.org\/{rel}","templated":true}]}}