{"id":6206,"date":"2018-07-29T13:31:50","date_gmt":"2018-07-29T10:31:50","guid":{"rendered":"https:\/\/www.barefoot-baltics.ee\/product\/pavarzos-dirzu-paminkstinimai\/"},"modified":"2019-08-05T13:36:24","modified_gmt":"2019-08-05T10:36:24","slug":"pavarzos-dirzu-paminkstinimai","status":"publish","type":"product","link":"https:\/\/www.barefoot-baltics.ee\/lt\/produktas\/pavarzos-dirzu-paminkstinimai\/","title":{"rendered":"Pavar\u017eos dir\u017e\u0173 pamink\u0161tinimai"},"content":{"rendered":"<p>Jei taip nutiko, kad pamet\u0117te savo jojimo pledo pavar\u017eos dir\u017e\u0173 pamink\u0161tinimus, naujus galite u\u017esisakyti \u010dia. Jie parduodami poromis ir \u0161iuo metu galite rinktis juodos ar rudos spalvos.<\/p>\n","protected":false},"excerpt":{"rendered":"<ul>\n<li>Pavar\u017eos dir\u017e\u0173 pamink\u0161tinimas jojimo pledams<\/li>\n<li>Sumink\u0161tina spaudim\u0105 \u017eirgui<\/li>\n<li>Parduodami poromis<\/li>\n<\/ul>\n","protected":false},"featured_media":487,"template":"","meta":[],"product_brand":[],"product_cat":[1846],"product_tag":[],"class_list":{"0":"post-6206","1":"product","2":"type-product","3":"status-publish","4":"has-post-thumbnail","6":"product_cat-jojimo-pledai-ir-balneliai","7":"product_shipping_class-siuntu-stotis","8":"pa_colour-juoda","9":"pa_colour-ruda","11":"first","12":"onbackorder","13":"shipping-taxable","14":"purchasable","15":"product-type-variable"},"_links":{"self":[{"href":"https:\/\/www.barefoot-baltics.ee\/lt\/wp-json\/wp\/v2\/product\/6206","targetHints":{"allow":["GET"]}}],"collection":[{"href":"https:\/\/www.barefoot-baltics.ee\/lt\/wp-json\/wp\/v2\/product"}],"about":[{"href":"https:\/\/www.barefoot-baltics.ee\/lt\/wp-json\/wp\/v2\/types\/product"}],"wp:featuredmedia":[{"embeddable":true,"href":"https:\/\/www.barefoot-baltics.ee\/lt\/wp-json\/wp\/v2\/media\/487"}],"wp:attachment":[{"href":"https:\/\/www.barefoot-baltics.ee\/lt\/wp-json\/wp\/v2\/media?parent=6206"}],"wp:term":[{"taxonomy":"product_brand","embeddable":true,"href":"https:\/\/www.barefoot-baltics.ee\/lt\/wp-json\/wp\/v2\/product_brand?post=6206"},{"taxonomy":"product_cat","embeddable":true,"href":"https:\/\/www.barefoot-baltics.ee\/lt\/wp-json\/wp\/v2\/product_cat?post=6206"},{"taxonomy":"product_tag","embeddable":true,"href":"https:\/\/www.barefoot-baltics.ee\/lt\/wp-json\/wp\/v2\/product_tag?post=6206"}],"curies":[{"name":"wp","href":"https:\/\/api.w.org\/{rel}","templated":true}]}}