{"id":6203,"date":"2018-07-29T13:15:25","date_gmt":"2018-07-29T10:15:25","guid":{"rendered":"https:\/\/www.barefoot-baltics.ee\/product\/pobalniu-uzpildai\/"},"modified":"2019-08-05T13:32:48","modified_gmt":"2019-08-05T10:32:48","slug":"pobalniu-uzpildai","status":"publish","type":"product","link":"https:\/\/www.barefoot-baltics.ee\/lt\/produktas\/pobalniu-uzpildai\/","title":{"rendered":"Pobalni\u0173 u\u017epildai"},"content":{"rendered":"<p>\u0160iuos pobalni\u0173 u\u017epildus galite naudoti \u201cFizio\u201d pobalnio pritaikymui prie j\u016bs\u0173 \u017eirgo nugaros.<\/p>\n<p>Guminiai \u012fd\u0117klai yra tvirti, storis  12 mm. Poliuretano put\u0173 \u012fd\u0117klai yra mink\u0161ti ir labiau prisitaikantys, storis 15 mm.<\/p>\n<p>Parduodami poromis.<\/p>\n","protected":false},"excerpt":{"rendered":"<ul>\n<li>Galima rinktis i\u0161 dviej\u0173 skirting\u0173 med\u017eiag\u0173<\/li>\n<li>Padeda pritaikyti \u201cFizio\u201d pobaln\u012f j\u016bs\u0173 \u017eirgo nugarai<\/li>\n<\/ul>\n","protected":false},"featured_media":481,"template":"","meta":[],"product_brand":[],"product_cat":[1846],"product_tag":[1895],"class_list":{"0":"post-6203","1":"product","2":"type-product","3":"status-publish","4":"has-post-thumbnail","6":"product_cat-jojimo-pledai-ir-balneliai","7":"product_tag-fizio-lt","8":"product_shipping_class-siuntu-stotis","9":"pa_material-guma","10":"pa_material-putu-poliuretanas","12":"first","13":"onbackorder","14":"shipping-taxable","15":"purchasable","16":"product-type-variable"},"_links":{"self":[{"href":"https:\/\/www.barefoot-baltics.ee\/lt\/wp-json\/wp\/v2\/product\/6203","targetHints":{"allow":["GET"]}}],"collection":[{"href":"https:\/\/www.barefoot-baltics.ee\/lt\/wp-json\/wp\/v2\/product"}],"about":[{"href":"https:\/\/www.barefoot-baltics.ee\/lt\/wp-json\/wp\/v2\/types\/product"}],"wp:featuredmedia":[{"embeddable":true,"href":"https:\/\/www.barefoot-baltics.ee\/lt\/wp-json\/wp\/v2\/media\/481"}],"wp:attachment":[{"href":"https:\/\/www.barefoot-baltics.ee\/lt\/wp-json\/wp\/v2\/media?parent=6203"}],"wp:term":[{"taxonomy":"product_brand","embeddable":true,"href":"https:\/\/www.barefoot-baltics.ee\/lt\/wp-json\/wp\/v2\/product_brand?post=6203"},{"taxonomy":"product_cat","embeddable":true,"href":"https:\/\/www.barefoot-baltics.ee\/lt\/wp-json\/wp\/v2\/product_cat?post=6203"},{"taxonomy":"product_tag","embeddable":true,"href":"https:\/\/www.barefoot-baltics.ee\/lt\/wp-json\/wp\/v2\/product_tag?post=6203"}],"curies":[{"name":"wp","href":"https:\/\/api.w.org\/{rel}","templated":true}]}}