{"id":6199,"date":"2018-10-29T10:36:48","date_gmt":"2018-10-29T08:36:48","guid":{"rendered":"https:\/\/www.barefoot-baltics.ee\/product\/zygiu-pobalnis-fizio\/"},"modified":"2019-08-02T16:45:36","modified_gmt":"2019-08-02T13:45:36","slug":"zygiu-pobalnis-fizio","status":"publish","type":"product","link":"https:\/\/www.barefoot-baltics.ee\/lt\/produktas\/zygiu-pobalnis-fizio\/","title":{"rendered":"\u017dygi\u0173 pobalnis \u201cFizio\u201d"},"content":{"rendered":"<p>Tam tikra prasme, \u0161is pobalnis yra du viename. J\u016bs galite j\u012f naudoti kaip standartin\u012f \u201cFizio\u201d pobaln\u012f, nuimdami pamink\u0161tinim\u0105 skirt\u0105 balnakrep\u0161iams. Ta\u010diau kai i\u0161josite \u012f \u017eyg\u012f, gal\u0117site naudoti piln\u0105 ilg\u012f, nor\u0117dami palengvinti balnakrep\u0161i\u0173 svor\u012f \u017eirgo nugarai. \u012e komplekt\u0105 \u012feina dvi poros poliuretano put\u0173 ir gumos u\u017epild\u0173, taigi gal\u0117site pritaikyti pobalnio form\u0105 \u017eirgo nugarai. Patogiau ir b\u016bti negali!<\/p>\n<p>Papildoma dalis padengta tikra vilna, kuri apsaugo \u017eirg\u0105 ir netrina. Lipuk\u0173 prisegimo d\u0117ka ji gali b\u016bti lengvai nuimama, taigi pobalnis gali b\u016bti naudojamas be jos kiekvien\u0105 dien\u0105. Jums nereik\u0117s pirkti dviej\u0173 pobalni\u0173. \u0160is \u017eygi\u0173 pobalnis gali b\u016bti naudojamas su visais Barefoot balnais, bet taip pat d\u0117l savo funkcij\u0173 tinka ir tradiciniams balnams. Pobalnio forma prisitaiko prie \u017eirgo nugaros ir suteikia ideali\u0105 amortizacij\u0105 bei spaudimo paskirstym\u0105.<\/p>\n<p>\u0160i sistema turi papildom\u0105 tarp\u0105 vir\u0161 kr\u016btin\u0117s slanksteli\u0173 keterini\u0173 ataug\u0173 ir susideda i\u0161 dviej\u0173 dali\u0173, kurios amortizuoja ir yra saugiai sujungtos lipukais.<\/p>\n<ul>\n<li>Pobalnio galin\u0117 dalis pagaminta i\u0161 dygsniuotos medviln\u0117s bei yra anatomi\u0161kai pasi\u016bta. Po vir\u0161utine \u0161laun\u0173 dalimi pobalnis paplonintas, norint suteikti artimesn\u012f kontakt\u0105 su \u017eirgu. Amortizuojantys \u012fd\u0117klai d\u0117l lipuk\u0173 gali b\u016bti nuimti. Priekyje esanti dirbtin\u0117 guma u\u017etikrina balno stabilizavim\u0105  net ant labai pla\u010di\u0173 \u017eirg\u0173, galinis pobalnio tre\u010ddalis\u2013 tikra vilna apsaugo \u0161i\u0105, jautri\u0105 nugaros viet\u0105. Kailis slysta vir\u0161 \u017eirgo kailio, taip panaikindamas balno nugar\u0117l\u0117s trynimo rizik\u0105. Papildomas avies kailis priekyje peties judesiams sumink\u0161tinti.<\/li>\n<li>Vir\u0161utinis sluoksnis pagamintas i\u0161 dygsniuotos medviln\u0117s arba mikropluo\u0161to su vilnos apa\u010dia, vidurin\u0117 dalis pagaminta i\u0161  poli vilnos ir dirbtin\u0117s gumos vir\u0161aus (tai laikys baln\u0105 vietoje, suteiks papildomos amortizacijos ir oro cirkuliacijos). Lipukai pobalniui prisegti prie balno.<\/li>\n<\/ul>\n<p>\u201cFizio\u201d \u017eygi\u0173 pobalnis yra dviej\u0173 modeli\u0173: vienas skirtas balnams su trumpesniu sparnu (dauguma vesterno baln\u0173) ir kitas balnams ilgesniu sparnu (dauguma angli\u0161k\u0173 baln\u0173). Angli\u0161ka versija tinka balnams kaip \u201cBarideilis\u201d, \u201cLondonas\u201d, \u201cLeksingtonas\u201d, \u201c\u0160ajenas\u201d, \u201c\u010cerokis\u201d, \u201cNotingamas\u201d, \u201cNevada\u201d, \u201cMadridas\u201d. \u0160is modelis yra juodos spalvos su dengtos dygsniuotos medviln\u0117s vir\u0161umi. Vesterno versija tinka balnams: \u201cAtlanta\u201d, \u201cArizona\u201d, \u201cLinksmasis sl\u0117nis \u201d, \u201cTingusis kalnas\u201d, \u201cMizulos rie\u0161utas \u201d, \u201cVird\u017einijos ro\u017e\u0117\u201d. \u0160is modelis yra rudos spalvos su rudo mikropluo\u0161to vir\u0161umi.<\/p>\n","protected":false},"excerpt":{"rendered":"<ul>\n<li>Puikiai tinka ilgiems \u017eygiams ir raiteliui, ir \u017eirgui<\/li>\n<li>Pamink\u0161tinimas balnakrep\u0161iams (nuimamas)<\/li>\n<li>Anatomi\u0161kai pritaikomas kiekvienam \u017eirgui<\/li>\n<li>Neslidi apa\u010dia<\/li>\n<li>\u012eeina dvi poros u\u017epild\u0173<\/li>\n<\/ul>\n","protected":false},"featured_media":1159,"template":"","meta":[],"product_brand":[],"product_cat":[1845],"product_tag":[1876,1895,1877,1858,1909],"class_list":{"0":"post-6199","1":"product","2":"type-product","3":"status-publish","4":"has-post-thumbnail","6":"product_cat-pobalniai","7":"product_tag-angliska","8":"product_tag-fizio-lt","9":"product_tag-labai-patogus","10":"product_tag-reguliuojamas","11":"product_tag-vesterno","12":"product_shipping_class-siuntu-stotis","13":"pa_version-angliska","14":"pa_version-vesterno","16":"first","17":"onbackorder","18":"shipping-taxable","19":"purchasable","20":"product-type-variable"},"_links":{"self":[{"href":"https:\/\/www.barefoot-baltics.ee\/lt\/wp-json\/wp\/v2\/product\/6199","targetHints":{"allow":["GET"]}}],"collection":[{"href":"https:\/\/www.barefoot-baltics.ee\/lt\/wp-json\/wp\/v2\/product"}],"about":[{"href":"https:\/\/www.barefoot-baltics.ee\/lt\/wp-json\/wp\/v2\/types\/product"}],"wp:featuredmedia":[{"embeddable":true,"href":"https:\/\/www.barefoot-baltics.ee\/lt\/wp-json\/wp\/v2\/media\/1159"}],"wp:attachment":[{"href":"https:\/\/www.barefoot-baltics.ee\/lt\/wp-json\/wp\/v2\/media?parent=6199"}],"wp:term":[{"taxonomy":"product_brand","embeddable":true,"href":"https:\/\/www.barefoot-baltics.ee\/lt\/wp-json\/wp\/v2\/product_brand?post=6199"},{"taxonomy":"product_cat","embeddable":true,"href":"https:\/\/www.barefoot-baltics.ee\/lt\/wp-json\/wp\/v2\/product_cat?post=6199"},{"taxonomy":"product_tag","embeddable":true,"href":"https:\/\/www.barefoot-baltics.ee\/lt\/wp-json\/wp\/v2\/product_tag?post=6199"}],"curies":[{"name":"wp","href":"https:\/\/api.w.org\/{rel}","templated":true}]}}