{"id":6167,"date":"2018-10-27T19:20:34","date_gmt":"2018-10-27T16:20:34","guid":{"rendered":"https:\/\/www.barefoot-baltics.ee\/product\/pobalnis-fizio\/"},"modified":"2019-08-02T16:41:35","modified_gmt":"2019-08-02T13:41:35","slug":"pobalnis-fizio","status":"publish","type":"product","link":"https:\/\/www.barefoot-baltics.ee\/lt\/produktas\/pobalnis-fizio\/","title":{"rendered":"Pobalnis \u201cFizio\u201d"},"content":{"rendered":"<p>Barefoot \u201cFizio\u201d ko gero yra pats geriausias pobalnis \u017eirgui. Sukurtas ilg\u0173 \u017eygi\u0173, sunkesni\u0173 raiteli\u0173, apvali\u0173 \u017eirg\u0173 ant kuri\u0173 balnai link\u0119 slysti arba \u017eirg\u0173 su \u201ei\u0161siki\u0161usiais\u201c stuburo slanksteliais, reikm\u0117ms. Visi \u201cFizio\u201d pobalniai yra suformuoti taip, kad prisitaikyt\u0173 prie \u017eirgo nugaros ir idealiai paskirstyt\u0173 spaudim\u0105 bei amortizuot\u0173. \u0160i sistema si\u016blo papildom\u0105 tarp\u0105 ir guli vir\u0161 kr\u016btin\u0117s slanksteli\u0173 keterini\u0173 ataug\u0173. Susideda i\u0161 dviej\u0173 amortizuojan\u010di\u0173 komponent\u0173, saugiai prisegam\u0173 lipukais.<\/p>\n<p>Pobalnio anatomi\u0161kai pritaikyta galin\u0117 dalis pagaminta i\u0161 dygsniuotos medviln\u0117s. Ties vir\u0161utine \u0161laun\u0173 dalim pobalnis paplonintas, norint suteikti artimesn\u012f kontakt\u0105 su \u017eirgu. Amortizuojantys put\u0173 u\u017epildai gali b\u016bti i\u0161imti per lipuk\u0173 u\u017esegim\u0105. Du tre\u010ddaliai pobalnio apa\u010dios pagaminti i\u0161 dirbtin\u0117s gumos, kuri stabilizuos baln\u0105 ant labai apvalaus \u017eirgo. Galinis tre\u010ddalis pagamintas i\u0161 tikro avikailio, norint apsaugoti \u0161i\u0105 jautri\u0105 nugaros viet\u0105. Avikailis slysta vir\u0161 \u017eirgo kailio, taip i\u0161vengiant potencialaus trynimo nuo balno s\u0117dyn\u0117s nugar\u0117l\u0117s. <\/p>\n<p>Vir\u0161utin\u0117 dalispagaminta i\u0161 dygsniuotos medviln\u0117s, veltinio apa\u010dios, poli\u2013 vilnos vidaus ir put\u0173 sluoksnio ant vir\u0161aus. Tai laikys baln\u0105 vietoje ir suteiks papildomos amortizacijos. Lipuk\u0173 prisegimai prisitvirtina prie balno D formos \u017eied\u0173. Pobalnis \u201cFizio\u201d gali b\u016bti skalbiamas skalbimo ma\u0161inoje 30 laipsni\u0173. <\/p>\n<p>Jis buvo specialiai sukurtas skirting\u0173 spalv\u0173 ir form\u0173 skirtingiems m\u016bs\u0173 Barefoot baln\u0173 modeliams.<\/p>\n<div id=\"footable_parent_6198\"\n         class=\" footable_parent ninja_table_wrapper loading_ninja_table wp_table_data_press_parent bootstrap3 \">\n                    <h3 class=\"table_title footable_title\">Pobalnis \u201cFizio\u201d skirtingiems balnams<\/h3>\n                                <div\n                class=\"table_description footable_description\"><p class=\"western\"><span lang=\"lt-LT\">Pra\u0161au paspauskite ant skilties antra\u0161t\u0117s nor\u0117dami i\u0161analizuoti susijusi\u0105 informacij\u0105. Paspauskite v\u0117l nor\u0117dami at\u0161aukti u\u017esakym\u0105.<\/span><\/p><\/div>\n                    <table data-ninja_table_instance=\"ninja_table_instance_0\" data-footable_id=\"6198\" data-filter-delay=\"1000\" aria-label=\"Pobalnis \u201cFizio\u201d skirtingiems balnams\"            id=\"footable_6198\"\n           data-unique_identifier=\"ninja_table_unique_id_742535765_6198\"\n           class=\" foo-table ninja_footable foo_table_6198 ninja_table_unique_id_742535765_6198 table  nt_type_ajax_table table-bordered table-hover vertical_centered  footable-paging-right ninja_table_search_disabled\">\n                <colgroup>\n                            <col class=\"ninja_column_0 \">\n                            <col class=\"ninja_column_1 \">\n                            <col class=\"ninja_column_2 \">\n                    <\/colgroup>\n            <\/table>\n    \n    \n    \n<\/div>\n\n","protected":false},"excerpt":{"rendered":"<ul>\n<li>Geriausias pobalnis \u017eirgui<\/li>\n<li>Ideali amortizacija ir spaudimo paskirstymas<\/li>\n<li>Dirbtin\u0117 guma neleid\u017eia slysti<\/li>\n<li>Komplekte dvi poros u\u017epild\u0173 \u012fd\u0117kl\u0173<\/li>\n<li>Galima rinktis i\u0161 dviej\u0173 spalv\u0173<\/li>\n<\/ul>\n","protected":false},"featured_media":3361,"template":"","meta":[],"product_brand":[],"product_cat":[1845],"product_tag":[1895,1877,1858],"class_list":{"0":"post-6167","1":"product","2":"type-product","3":"status-publish","4":"has-post-thumbnail","6":"product_cat-pobalniai","7":"product_tag-fizio-lt","8":"product_tag-labai-patogus","9":"product_tag-reguliuojamas","10":"product_shipping_class-siuntu-stotis","11":"pa_colour-juoda","12":"pa_colour-ruda","13":"pa_your-saddle-arizona-lt","14":"pa_your-saddle-atlanta-lt","15":"pa_your-saddle-barideilis","16":"pa_your-saddle-cerokis","17":"pa_your-saddle-cerokis-klasika","18":"pa_your-saddle-leksingtonas","19":"pa_your-saddle-linksmasis-slenis","20":"pa_your-saddle-londonas","21":"pa_your-saddle-madridas","22":"pa_your-saddle-merlinas","23":"pa_your-saddle-mizulos-riesutas","24":"pa_your-saddle-nevada-lt","25":"pa_your-saddle-notingamas","26":"pa_your-saddle-sajenas","27":"pa_your-saddle-svelnus-zingsnis","28":"pa_your-saddle-tiesiog-prisitaikyk","29":"pa_your-saddle-tingusis-kalnas","30":"pa_your-saddle-virdzinijos-roze","32":"first","33":"onbackorder","34":"shipping-taxable","35":"purchasable","36":"product-type-variable"},"_links":{"self":[{"href":"https:\/\/www.barefoot-baltics.ee\/lt\/wp-json\/wp\/v2\/product\/6167","targetHints":{"allow":["GET"]}}],"collection":[{"href":"https:\/\/www.barefoot-baltics.ee\/lt\/wp-json\/wp\/v2\/product"}],"about":[{"href":"https:\/\/www.barefoot-baltics.ee\/lt\/wp-json\/wp\/v2\/types\/product"}],"wp:featuredmedia":[{"embeddable":true,"href":"https:\/\/www.barefoot-baltics.ee\/lt\/wp-json\/wp\/v2\/media\/3361"}],"wp:attachment":[{"href":"https:\/\/www.barefoot-baltics.ee\/lt\/wp-json\/wp\/v2\/media?parent=6167"}],"wp:term":[{"taxonomy":"product_brand","embeddable":true,"href":"https:\/\/www.barefoot-baltics.ee\/lt\/wp-json\/wp\/v2\/product_brand?post=6167"},{"taxonomy":"product_cat","embeddable":true,"href":"https:\/\/www.barefoot-baltics.ee\/lt\/wp-json\/wp\/v2\/product_cat?post=6167"},{"taxonomy":"product_tag","embeddable":true,"href":"https:\/\/www.barefoot-baltics.ee\/lt\/wp-json\/wp\/v2\/product_tag?post=6167"}],"curies":[{"name":"wp","href":"https:\/\/api.w.org\/{rel}","templated":true}]}}