{"id":6133,"date":"2018-10-29T09:41:49","date_gmt":"2018-10-29T07:41:49","guid":{"rendered":"https:\/\/www.barefoot-baltics.ee\/product\/pobalnis-specialus\/"},"modified":"2021-08-30T16:56:01","modified_gmt":"2021-08-30T13:56:01","slug":"pobalnis-specialus","status":"publish","type":"product","link":"https:\/\/www.barefoot-baltics.ee\/lt\/produktas\/pobalnis-specialus\/","title":{"rendered":"Pobalnis \u201cSpecialus\u201d"},"content":{"rendered":"<p>Tai yra m\u016bs\u0173 puikusis \u201cSpecialus\u201d pobalnis, kuris ko gero geriausias pobalnis raiteliams (kai tuo tarpu \u201cFizio\u201d yra geriausias \u017eirgui). Jis buvo specialiai sukurtas skirting\u0173 spalv\u0173 ir form\u0173 skirtingiems m\u016bs\u0173 Barefoot baln\u0173 modeliams.<\/p>\n<p>Jie yra suformuoti taip, kad prisitaikyt\u0173 prie \u017eirgo pe\u010di\u0173 ir turi tarp\u0105 vir\u0161 gogo regiono norint i\u0161vengti trynimo ir kompresijos. Anatomi\u0161kai pritaikytas, i\u0161imami u\u017epildai sukuria ger\u0105 kanal\u0105 ir u\u017etikrina ideal\u0173 spaudimo sug\u0117rim\u0105 ir paskirstym\u0105. Daugiau patogumo ir mink\u0161tumo sukuriama grynos vilnos apa\u010dios d\u0117ka, kuri u\u017etiktina temperat\u016bros reguliavim\u0105 ir dr\u0117gm\u0117s sug\u0117rim\u0105. Vir\u0161 stuburo n\u0117ra vilnos pamu\u0161alo norint u\u017etikrinti papildom\u0105 tarp\u0105 nugaros slanksteliams.<\/p>\n<p>Visi m\u016bs\u0173 pobalniai turi poli\u2013medviln\u0117s vid\u0173, o vir\u0161utinis sluoksnis pagamintas i\u0161 tvirtos ir patvarios dygsniuotos medviln\u0117s. Visi pobalniai turi lipuk\u0173 dir\u017eelius, kuriais pobalnis prisegamas prie D formos \u017eied\u0173.<\/p>\n<p>\u201cSpecialus\u201d pobalnis gali b\u016bti skalbiamas 30 laipsni\u0173 (\u0161velnus ciklas) su skalbikliu vilnai. <\/p>\n<div id=\"footable_parent_6166\"\n         class=\" footable_parent ninja_table_wrapper loading_ninja_table wp_table_data_press_parent bootstrap3 \">\n                    <h3 class=\"table_title footable_title\">Pobalnis \u201cSpecialus\u201d skirtingiems balnams<\/h3>\n                                <div\n                class=\"table_description footable_description\"><p class=\"western\"><span lang=\"lt-LT\">Pra\u0161au paspauskite ant skilties antra\u0161t\u0117s nor\u0117dami i\u0161analizuoti susijusi\u0105 informacij\u0105. Paspauskite v\u0117l nor\u0117dami at\u0161aukti u\u017esakym\u0105.<\/span><\/p><\/div>\n                    <table data-ninja_table_instance=\"ninja_table_instance_0\" data-footable_id=\"6166\" data-filter-delay=\"1000\" aria-label=\"Pobalnis \u201cSpecialus\u201d skirtingiems balnams\"            id=\"footable_6166\"\n           data-unique_identifier=\"ninja_table_unique_id_2810591935_6166\"\n           class=\" foo-table ninja_footable foo_table_6166 ninja_table_unique_id_2810591935_6166 table  nt_type_ajax_table table-bordered table-hover vertical_centered  footable-paging-right ninja_table_search_disabled\">\n                <colgroup>\n                            <col class=\"ninja_column_0 \">\n                            <col class=\"ninja_column_1 \">\n                            <col class=\"ninja_column_2 \">\n                    <\/colgroup>\n            <\/table>\n    \n    \n    \n<\/div>\n\n","protected":false},"excerpt":{"rendered":"<ul>\n<li>Puikus jausmas raiteliui<\/li>\n<li>Anatomi\u0161kai pritaikytas<\/li>\n<li>Vilnos apa\u010dia su kanalu pe\u010diams ir stuburui<\/li>\n<li>Puikus svorio paskirstymas ir sm\u016bgi\u0173 sug\u0117rimas<\/li>\n<li>Sugeria dr\u0117gm\u0119<\/li>\n<\/ul>\n","protected":false},"featured_media":3389,"template":"","meta":[],"product_brand":[],"product_cat":[1845],"product_tag":[1884,1858],"class_list":{"0":"post-6133","1":"product","2":"type-product","3":"status-publish","4":"has-post-thumbnail","6":"product_cat-pobalniai","7":"product_tag-geras-jausmas","8":"product_tag-reguliuojamas","9":"product_shipping_class-siuntu-stotis","10":"pa_colour-balta","11":"pa_colour-juoda","12":"pa_colour-ruda","13":"pa_your-saddle-arizona-lt","14":"pa_your-saddle-arizona-mazesnis","15":"pa_your-saddle-atlanta-lt","16":"pa_your-saddle-barideilis","17":"pa_your-saddle-cerokis","18":"pa_your-saddle-leksingtonas","19":"pa_your-saddle-linksmasis-slenis","20":"pa_your-saddle-londonas","21":"pa_your-saddle-londonas-mazesnis","22":"pa_your-saddle-madridas","23":"pa_your-saddle-merlinas","24":"pa_your-saddle-mizulos-riesutas","25":"pa_your-saddle-nevada-lt","26":"pa_your-saddle-notingamas","27":"pa_your-saddle-sajenas","28":"pa_your-saddle-sajenas-mazesnis","29":"pa_your-saddle-svelnus-zingsnis","30":"pa_your-saddle-tiesiog-prisitaikyk","31":"pa_your-saddle-tingusis-kalnas","32":"pa_your-saddle-velingtonas","33":"pa_your-saddle-virdzinijos-roze","35":"first","36":"onbackorder","37":"shipping-taxable","38":"purchasable","39":"product-type-variable"},"_links":{"self":[{"href":"https:\/\/www.barefoot-baltics.ee\/lt\/wp-json\/wp\/v2\/product\/6133","targetHints":{"allow":["GET"]}}],"collection":[{"href":"https:\/\/www.barefoot-baltics.ee\/lt\/wp-json\/wp\/v2\/product"}],"about":[{"href":"https:\/\/www.barefoot-baltics.ee\/lt\/wp-json\/wp\/v2\/types\/product"}],"wp:featuredmedia":[{"embeddable":true,"href":"https:\/\/www.barefoot-baltics.ee\/lt\/wp-json\/wp\/v2\/media\/3389"}],"wp:attachment":[{"href":"https:\/\/www.barefoot-baltics.ee\/lt\/wp-json\/wp\/v2\/media?parent=6133"}],"wp:term":[{"taxonomy":"product_brand","embeddable":true,"href":"https:\/\/www.barefoot-baltics.ee\/lt\/wp-json\/wp\/v2\/product_brand?post=6133"},{"taxonomy":"product_cat","embeddable":true,"href":"https:\/\/www.barefoot-baltics.ee\/lt\/wp-json\/wp\/v2\/product_cat?post=6133"},{"taxonomy":"product_tag","embeddable":true,"href":"https:\/\/www.barefoot-baltics.ee\/lt\/wp-json\/wp\/v2\/product_tag?post=6133"}],"curies":[{"name":"wp","href":"https:\/\/api.w.org\/{rel}","templated":true}]}}