{"id":6124,"date":"2018-10-27T11:41:26","date_gmt":"2018-10-27T08:41:26","guid":{"rendered":"https:\/\/www.barefoot-baltics.ee\/product\/pobalnis-vaikams\/"},"modified":"2020-02-26T15:50:49","modified_gmt":"2020-02-26T13:50:49","slug":"pobalnis-vaikams","status":"publish","type":"product","link":"https:\/\/www.barefoot-baltics.ee\/lt\/produktas\/pobalnis-vaikams\/","title":{"rendered":"Pobalnis vaikams"},"content":{"rendered":"<p>Tai mielas pobalnis vaikams. Jo spalva dera prie kai kuri\u0173 <a href=\"https:\/\/www.barefoot-baltics.ee\/lt\/produktas\/universalus-balnas-sajenas-vaikams-dirbtine-oda\/\">\u201c\u0160ajenas\u201d balno vaikams<\/a> variant\u0173. Pliu\u0161in\u0117 ki\u0161en\u0117l\u0117 de\u0161in\u0117je skirta skan\u0117stams, kanop\u0173 krap\u0161tukams ir kt. Pobalnis gra\u017eus bei patogus \u017eirgui.<\/p>\n","protected":false},"excerpt":{"rendered":"<ul>\n<li>Mielas pobalnis poni balnams<\/li>\n<li>Sud\u0117tingos aplikacijos ir siuvin\u0117jimas<\/li>\n<li>Ma\u017ei krep\u0161eliai skan\u0117stams, kanop\u0173 krap\u0161tukui ir kt.<\/li>\n<li>Dviej\u0173 spalv\u0173<\/li>\n<\/ul>\n","protected":false},"featured_media":1056,"template":"","meta":[],"product_brand":[],"product_cat":[1845],"product_tag":[1896,1882],"class_list":{"0":"post-6124","1":"product","2":"type-product","3":"status-publish","4":"has-post-thumbnail","6":"product_cat-pobalniai","7":"product_tag-poni","8":"product_tag-vaikams","9":"product_shipping_class-siuntu-stotis","10":"pa_colour-ruda","11":"pa_colour-sviesiai-melyna","13":"first","14":"onbackorder","15":"shipping-taxable","16":"purchasable","17":"product-type-variable"},"_links":{"self":[{"href":"https:\/\/www.barefoot-baltics.ee\/lt\/wp-json\/wp\/v2\/product\/6124","targetHints":{"allow":["GET"]}}],"collection":[{"href":"https:\/\/www.barefoot-baltics.ee\/lt\/wp-json\/wp\/v2\/product"}],"about":[{"href":"https:\/\/www.barefoot-baltics.ee\/lt\/wp-json\/wp\/v2\/types\/product"}],"wp:featuredmedia":[{"embeddable":true,"href":"https:\/\/www.barefoot-baltics.ee\/lt\/wp-json\/wp\/v2\/media\/1056"}],"wp:attachment":[{"href":"https:\/\/www.barefoot-baltics.ee\/lt\/wp-json\/wp\/v2\/media?parent=6124"}],"wp:term":[{"taxonomy":"product_brand","embeddable":true,"href":"https:\/\/www.barefoot-baltics.ee\/lt\/wp-json\/wp\/v2\/product_brand?post=6124"},{"taxonomy":"product_cat","embeddable":true,"href":"https:\/\/www.barefoot-baltics.ee\/lt\/wp-json\/wp\/v2\/product_cat?post=6124"},{"taxonomy":"product_tag","embeddable":true,"href":"https:\/\/www.barefoot-baltics.ee\/lt\/wp-json\/wp\/v2\/product_tag?post=6124"}],"curies":[{"name":"wp","href":"https:\/\/api.w.org\/{rel}","templated":true}]}}