{"id":6119,"date":"2018-10-25T10:09:08","date_gmt":"2018-10-25T07:09:08","guid":{"rendered":"https:\/\/www.barefoot-baltics.ee\/product\/pobalnio-uzpildai\/"},"modified":"2020-11-27T17:14:41","modified_gmt":"2020-11-27T15:14:41","slug":"pobalnio-uzpildai","status":"publish","type":"product","link":"https:\/\/www.barefoot-baltics.ee\/lt\/produktas\/pobalnio-uzpildai\/","title":{"rendered":"Pobalnio u\u017epildai"},"content":{"rendered":"<p>U\u017epildais j\u016bs galite reguliuoti savo baln\u0105, kad jis puikiai tikt\u0173 j\u016bs\u0173 \u017eirgo nugarai. M\u016bs\u0173 Barefoot  pagaminti i\u0161:<\/p>\n<ul>\n<li>\u201cFizio\u201d &#8211; gumos ir poliuretano u\u017epildo<\/li>\n<li>\u201cSpecialus \u201d &#8211; poliuretano u\u017epildo.<\/li>\n<\/ul>\n<p>Jei jums reikia papildom\u0173 pobalnio u\u017epild\u0173, j\u016bs galite juos \u012fsigyti \u010dia. Jie yra lengvai apkarpomi naudojant a\u0161trias \u017eirkles, i\u0161skyrus sunkius\/tvirtus u\u017epildus.<\/p>\n<p><strong>Put\u0173 poliuretanas<\/strong>: mink\u0161tas ir labai lengvai prisitaikantis. Puikiai tinka i\u0161lyginti did\u017eiausiems spaudimo ta\u0161kams ir nelygumams ties \u017eirgo nugara. Storumas: 15 mm.<\/p>\n<p><strong>Elastinis put\u0173 poliuretanas<\/strong>: (angl. <em>memory foam<\/em>): m\u016bs\u0173 rekomendacija sud\u0117tingesniam baln\u0173 pritaikymui ir raiteliams, daug laiko leid\u017eiantiems balne\u2013 tinka net sunkiems raiteliams ir jautrioms balno pozicijoms. Labai gerai amortizuoja, paskirsto spaudim\u0105 ir lankstosi. Puikiai tinka i\u0161lyginti nelygumams. Elastinis put\u0173 poliuretanas yra ilgaam\u017ei\u0161kas\u2013 med\u017eiaga idealiai prisitaiko prie raitelio ir \u017eirgo, ta\u010diau taip pat gr\u012f\u017eta \u012f originali\u0105 form\u0105 spaudimui dingus. (naudojamas medicinoje, t.y. nemobiliems pacientams.). Storumas: 20 mm.<\/p>\n<p><strong>Guma<\/strong>: gan tvirta, truput\u012f paslanki ir nesudaro guziuk\u0173 . Naudokite j\u0105 nor\u0117dami pakeisti balno pozicij\u0105, t.y. pakelti j\u012f priekyje arba gale, kad balnas lygiai gul\u0117t\u0173 ant \u017eirgo. Pla\u010di\u0173 pe\u010di\u0173 ar auk\u0161to gogo \u017eirgui reik\u0117t\u0173 naudoti papildom\u0105 pamink\u0161tinim\u0105 galin\u0117je dalyje, kad balnas gul\u0117t\u0173 vietoje, nejud\u0117t\u0173. Jei j\u016bs\u0173 \u017eirgas yra auk\u0161to pasturgalio, papildom\u0105 pamink\u0161tinim\u0105 d\u0117kite priekyje. Storumas: 12 mm.<\/p>\n<p><strong>Sunkus\/tvirtas<\/strong>: sukurtas ekstremumams. Jis ne tik amortizuoja, bet ir tolygiai paskirsto svor\u012f per poliuretano plok\u0161teles, \u012fterptas \u012f akyt\u0105 gum\u0105. Pamu\u0161alo kra\u0161tai yra \u0161velniai nuapvalinti ir suploninti, kad u\u017etikrint\u0173, jog neatsiras spaud\u017eian\u010di\u0173 kra\u0161t\u0173 ilguose \u017eygiuose. \u0160ie pamu\u0161alai yra rekomenduojami ilg\u0173 distancij\u0173 raiteliams ir spaudimui jautriems \u017eirgams, kuriems anks\u010diau buvo pritryn\u0119 balnai . \u0160ie pamu\u0161alai negali b\u016bti apkarpyti d\u0117l vidin\u0117s plok\u0161tel\u0117s, tod\u0117l si\u016blome putas, gum\u0105 arba elastin\u012f put\u0173 poliuretan\u0105 balno reguliavimui. Storumas: 20 mm.<\/p>\n<p>Sunkus\/tvirtas \u012fd\u0117klas netinka \u201cBarideilis\u201d balno pobalniams. Visi u\u017epildai parduodami poromis.<\/p>\n","protected":false},"excerpt":{"rendered":"<ul>\n<li>U\u017epildai pobalniams i\u0161 keturi\u0173 skirting\u0173 med\u017eiag\u0173<\/li>\n<li>Padeda pritaikyti baln\u0105, kad idealiai gul\u0117t\u0173 ant j\u016bs\u0173 \u017eirgo nugaros<\/li>\n<li>Ideal\u016bs Barefoot pobalniams<\/li>\n<\/ul>\n","protected":false},"featured_media":1044,"template":"","meta":[],"product_brand":[],"product_cat":[1845],"product_tag":[1858],"class_list":{"0":"post-6119","1":"product","2":"type-product","3":"status-publish","4":"has-post-thumbnail","6":"product_cat-pobalniai","7":"product_tag-reguliuojamas","8":"product_shipping_class-siuntu-stotis","9":"pa_material-elastinis-putu","10":"pa_material-guma","11":"pa_material-putu-poliuretanas","12":"pa_material-ypac-tvirtas","14":"first","15":"instock","16":"shipping-taxable","17":"purchasable","18":"product-type-variable"},"_links":{"self":[{"href":"https:\/\/www.barefoot-baltics.ee\/lt\/wp-json\/wp\/v2\/product\/6119","targetHints":{"allow":["GET"]}}],"collection":[{"href":"https:\/\/www.barefoot-baltics.ee\/lt\/wp-json\/wp\/v2\/product"}],"about":[{"href":"https:\/\/www.barefoot-baltics.ee\/lt\/wp-json\/wp\/v2\/types\/product"}],"wp:featuredmedia":[{"embeddable":true,"href":"https:\/\/www.barefoot-baltics.ee\/lt\/wp-json\/wp\/v2\/media\/1044"}],"wp:attachment":[{"href":"https:\/\/www.barefoot-baltics.ee\/lt\/wp-json\/wp\/v2\/media?parent=6119"}],"wp:term":[{"taxonomy":"product_brand","embeddable":true,"href":"https:\/\/www.barefoot-baltics.ee\/lt\/wp-json\/wp\/v2\/product_brand?post=6119"},{"taxonomy":"product_cat","embeddable":true,"href":"https:\/\/www.barefoot-baltics.ee\/lt\/wp-json\/wp\/v2\/product_cat?post=6119"},{"taxonomy":"product_tag","embeddable":true,"href":"https:\/\/www.barefoot-baltics.ee\/lt\/wp-json\/wp\/v2\/product_tag?post=6119"}],"curies":[{"name":"wp","href":"https:\/\/api.w.org\/{rel}","templated":true}]}}