{"id":6116,"date":"2018-09-12T11:36:12","date_gmt":"2018-09-12T08:36:12","guid":{"rendered":"https:\/\/www.barefoot-baltics.ee\/product\/individualus-vesterno-balnas-virdzinijos-roze\/"},"modified":"2019-07-27T14:25:06","modified_gmt":"2019-07-27T11:25:06","slug":"individualus-vesterno-balnas-virdzinijos-roze","status":"publish","type":"product","link":"https:\/\/www.barefoot-baltics.ee\/lt\/produktas\/individualus-vesterno-balnas-virdzinijos-roze\/","title":{"rendered":"Individualus vesterno balnas \u201cVird\u017einijos ro\u017e\u0117\u201d"},"content":{"rendered":"<p>Barefoot \u201cVird\u017einijos ro\u017e\u0117\u201d yra pritrenkiantis, autenti\u0161kas, individualus, vesterno balnas, labai lankstus ir draugi\u0161kas \u017eirgui. Pagamintas i\u0161 auk\u0161tos kokyb\u0117s brazili\u0161kos karv\u0117s odos su ra\u0161tu pavir\u0161iuje. Deran\u010dios spalvos, nuimama o\u017ekos odos zom\u0161os s\u0117dyn\u0117, storos vilnos apa\u010dia. Ner\u016bdijan\u010dio plieno sagtys ir D formos \u017eiedai. Pridedami graviruoti balnasparniai, nailono kilpsai\u010diai ir vesterno tipo u\u017ever\u017eimo priedas. Kilpas galima \u012fsigyti atskirai. Artimas kontaktas. Platus balno lankelis. J\u016bs galite i\u0161sirinkti norim\u0105 s\u0117dyn\u0117s spalv\u0105 ir ra\u0161t\u0105!<\/p>\n<p>Pagrindin\u0117s \u0161io vesterno balno funkcijos:<\/p>\n<ul>\n<li>Lankstus visomis kryptims<\/li>\n<li>Skatina teising\u0105 ger\u0105 vir\u0161utin\u0117s linijos augim\u0105<\/li>\n<li>VPS sistema<\/li>\n<li>Autenti\u0161ka vesterno i\u0161vaizda<\/li>\n<li>Sveria apie 8.5 kg<\/li>\n<\/ul>\n<p>Pasirinkite tarp skirting\u0173 ra\u0161to variant\u0173 ir s\u0117dyn\u0117s spalv\u0173\u2013 variantus pamatysite nuotraukose. \u201cVird\u017einijos ro\u017e\u0117\u201d balno nat\u016brali oda naudojant tams\u0117ja \u2013 paskutin\u0117je nuotraukoje matoma balno dalis, kuri buvo naudojama kur\u012f laik\u0105.<\/p>\n<p>Visa m\u016bs\u0173 produktuose naudojama oda yra i\u0161rauginta ir nuda\u017eyta naudojant nat\u016bralius, augalin\u0117s kilm\u0117s produktus. Barefoot odiniai produktai neturi chromo ir kit\u0173 \u017ealing\u0173 med\u017eiag\u0173. \u0160is procesas yra 100% saugus aplinkai\u2013 chemikalai ar toksi\u0161kos med\u017eiagos nenaudojami.<\/p>\n<p>Ta\u010diau augalinio da\u017eymo ir rauginimo rezultatai gali labai skirtis . Tai rei\u0161kia, kad m\u016bs\u0173 baln\u0173 spalva da\u017enai \u017eymiai skiriasi nuo rodom\u0173 m\u016bs\u0173 konfig\u016bratoriuje. Pra\u0161ome u\u017esisakant atsi\u017evelgti \u012f tai, kad spalvos rodomos m\u016bs\u0173 konfig\u016bratoriuje yra numatomos kaip apytikris vadovas spalv\u0173 spektrui. Tai yra ma\u017ea kaina, kuri\u0105 sumok\u0117sime ir mes, ir j\u016bs, kad apsaugotume gamt\u0105 ateities kartoms.<\/p>\n<p>NB! Tai individualus balnas, pagamintas pagal j\u016bs\u0173 tikslius norus. Tod\u0117l standartin\u0117 14 dien\u0173 vis\u0173 pinig\u0173 gr\u0105\u017einimo garantija negalioja. Tuo atveju, jei nor\u0117site gr\u0105\u017einti \u0161\u012f individualaus u\u017esakymo baln\u0105, mums reik\u0117s rasti bendr\u0105 susitarim\u0105. <\/p>\n<p>Barefoot vesterno balnai leid\u017eiami Vesterno Pramoginio Jojimo var\u017eybose.<\/p>\n","protected":false},"excerpt":{"rendered":"<ul>\n<li>Lankstus, lengvas, individualus vesterno balnas<\/li>\n<li>Pagamintas i\u0161 brazili\u0161kos karv\u0117s odos<\/li>\n<li>Ra\u0161tai pagaminti rankomis, galimi skirtingi dizainai<\/li>\n<li>S\u0117dyn\u0117 pagaminta i\u0161 o\u017ekos zom\u0161os odos, galite pasirinkti savo spalv\u0105<\/li>\n<li>Lankstus kilp\u0173 pritvirtinimas<\/li>\n<\/ul>\n","protected":false},"featured_media":543,"template":"","meta":[],"product_brand":[],"product_cat":[1844],"product_tag":[1870,1891,1909],"class_list":{"0":"post-6116","1":"product","2":"type-product","3":"status-publish","4":"has-post-thumbnail","6":"product_cat-beremiai-balnai","7":"product_tag-individualus","8":"product_tag-oda","9":"product_tag-vesterno","10":"product_shipping_class-kurjeriu-pristatymas","11":"pa_size-1-lt","12":"pa_size-2-lt","14":"first","15":"onbackorder","16":"shipping-taxable","17":"purchasable","18":"product-type-variable"},"_links":{"self":[{"href":"https:\/\/www.barefoot-baltics.ee\/lt\/wp-json\/wp\/v2\/product\/6116","targetHints":{"allow":["GET"]}}],"collection":[{"href":"https:\/\/www.barefoot-baltics.ee\/lt\/wp-json\/wp\/v2\/product"}],"about":[{"href":"https:\/\/www.barefoot-baltics.ee\/lt\/wp-json\/wp\/v2\/types\/product"}],"wp:featuredmedia":[{"embeddable":true,"href":"https:\/\/www.barefoot-baltics.ee\/lt\/wp-json\/wp\/v2\/media\/543"}],"wp:attachment":[{"href":"https:\/\/www.barefoot-baltics.ee\/lt\/wp-json\/wp\/v2\/media?parent=6116"}],"wp:term":[{"taxonomy":"product_brand","embeddable":true,"href":"https:\/\/www.barefoot-baltics.ee\/lt\/wp-json\/wp\/v2\/product_brand?post=6116"},{"taxonomy":"product_cat","embeddable":true,"href":"https:\/\/www.barefoot-baltics.ee\/lt\/wp-json\/wp\/v2\/product_cat?post=6116"},{"taxonomy":"product_tag","embeddable":true,"href":"https:\/\/www.barefoot-baltics.ee\/lt\/wp-json\/wp\/v2\/product_tag?post=6116"}],"curies":[{"name":"wp","href":"https:\/\/api.w.org\/{rel}","templated":true}]}}