{"id":6108,"date":"2018-07-19T10:38:17","date_gmt":"2018-07-19T07:38:17","guid":{"rendered":"https:\/\/www.barefoot-baltics.ee\/product\/balnas-zygiams-tingusis-kalnas\/"},"modified":"2019-07-27T14:15:47","modified_gmt":"2019-07-27T11:15:47","slug":"balnas-zygiams-tingusis-kalnas","status":"publish","type":"product","link":"https:\/\/www.barefoot-baltics.ee\/lt\/produktas\/balnas-zygiams-tingusis-kalnas\/","title":{"rendered":"Balnas \u017eygiams \u201cTingusis kalnas\u201d"},"content":{"rendered":"<p>Barefoot \u201cTingusis kalnas\u201d yra avikailio balnas, kuris yra labai patogus raiteliui ir \u017eirgui. Jis buvo sukurtas atsi\u017evelgiant \u012f raiteli\u0173 atsiliepimus, kurie nor\u0117jo avikailio balno, nekelian\u010dio problem\u0173 \u017eirgo nugarai, bet tuo pa\u010diu teikian\u010dio tikro avikailio balno patogum\u0105.<\/p>\n<p>\u0160io balno strukt\u016bra i\u0161 esm\u0117s yra tokia pat kaip ir kit\u0173 Barefoot baln\u0173: jis lankstus ir tausojantis \u017eirgo nugar\u0105. Integruota VPS sistema saugo \u017eirgo nugar\u0105 nuo spaudimo ta\u0161k\u0173, o balnas prisitaiko prie \u017eirgo judesi\u0173 ir leid\u017eia taisyklingai vystytis raumenims. J\u016bs galite j\u012f naudoti su kilpdir\u017eiais arba balnasparniais \u2013 kaip jums patogiau.<\/p>\n<p>Visiems raiteliams, kurie nori jaustis saugiai balne be suvar\u017eym\u0173! Balnas \u201cTingusis kalnas\u201d yra patogus raiteliui: s\u0117dyn\u0117 yra labai mink\u0161ta su put\u0173 pamink\u0161tinimu taip u\u017etikrinant daug saugesn\u0119, tvirt\u0105 s\u0117d\u0117sen\u0105 raiteliui &#8211; jis tiesiog nenor\u0117s nulipti nuo \u017eirgo. Balnas ne tik sudaro atram\u0105; jis mink\u0161tai ir saugiai apjuosia, apsupa raitel\u012f &#8211; fantasti\u0161kas jausmas!<\/p>\n<p>Mink\u0161ta, anatomi\u0161kai pritaikyta pagalv\u0117 yra saugiai pritvirtinta (lipukais) po tikro avikailio s\u0117dyne. Tai s\u0117dyn\u0119 paver\u010dia daug patogesne ir lengvesne klubams. Pagalv\u0117 padaro baln\u0105 labiau \u2019suktu\u2019 ir u\u017etikrina, kad raitelis nes\u0117d\u0117t\u0173 pla\u010diai.<\/p>\n<p>Apa\u010dia pagaminta i\u0161 storos vilnos. Balnas turi 4 D formos \u017eiedus. Kei\u010diamas balno lankelis( komplekte yra paltus lankelis). Auk\u0161tos kokyb\u0117s papuo\u0161imai balnui ir odiniai dir\u017eeliai yra kaip dekoracija, ta\u010diau juos galima naudoti avikailio s\u0117dynei pritvirtinti prie balno pagrindo.<\/p>\n<p>Mes turime specialiai sukurt\u0105 pavar\u017eos u\u017ever\u017eimo sistem\u0105 \u0161iam balnui: du pavar\u017eos dir\u017eai eina vir\u0161 mink\u0161tos odos pamink\u0161tinimo taip i\u0161vengiant kailio dirginimo ar net blogiau \u2013 spaudimo  ant jautraus pilvo. Reikalinga dailiojo jojimo pavar\u017ea. <\/p>\n<p>Balno lankelis (komplekte yra platus lankelis) gali b\u016bti pakeistas kaip ir kituose Barefoot balnuose.<\/p>\n","protected":false},"excerpt":{"rendered":"<ul>\n<li>Patogus kailio balnas su VPS sistema<\/li>\n<li>N\u0117ra spaudimo ta\u0161k\u0173 po kilp\u0173 pritvirtinimu<\/li>\n<li>Tikro avikailio ir nubuko odos kombinacija<\/li>\n<li>Gerai prisitaiko prie \u017eirgo judesi\u0173<\/li>\n<\/ul>\n","protected":false},"featured_media":354,"template":"","meta":[],"product_brand":[],"product_cat":[1844],"product_tag":[1901,1877,1891,1907],"class_list":{"0":"post-6108","1":"product","2":"type-product","3":"status-publish","4":"has-post-thumbnail","6":"product_cat-beremiai-balnai","7":"product_tag-avikailis","8":"product_tag-labai-patogus","9":"product_tag-oda","10":"product_tag-zygis","11":"product_shipping_class-kurjeriu-pristatymas","12":"pa_colour-juoda","13":"pa_colour-ruda","14":"pa_size-1-lt","15":"pa_size-2-lt","17":"first","18":"onbackorder","19":"shipping-taxable","20":"purchasable","21":"product-type-variable"},"_links":{"self":[{"href":"https:\/\/www.barefoot-baltics.ee\/lt\/wp-json\/wp\/v2\/product\/6108","targetHints":{"allow":["GET"]}}],"collection":[{"href":"https:\/\/www.barefoot-baltics.ee\/lt\/wp-json\/wp\/v2\/product"}],"about":[{"href":"https:\/\/www.barefoot-baltics.ee\/lt\/wp-json\/wp\/v2\/types\/product"}],"wp:featuredmedia":[{"embeddable":true,"href":"https:\/\/www.barefoot-baltics.ee\/lt\/wp-json\/wp\/v2\/media\/354"}],"wp:attachment":[{"href":"https:\/\/www.barefoot-baltics.ee\/lt\/wp-json\/wp\/v2\/media?parent=6108"}],"wp:term":[{"taxonomy":"product_brand","embeddable":true,"href":"https:\/\/www.barefoot-baltics.ee\/lt\/wp-json\/wp\/v2\/product_brand?post=6108"},{"taxonomy":"product_cat","embeddable":true,"href":"https:\/\/www.barefoot-baltics.ee\/lt\/wp-json\/wp\/v2\/product_cat?post=6108"},{"taxonomy":"product_tag","embeddable":true,"href":"https:\/\/www.barefoot-baltics.ee\/lt\/wp-json\/wp\/v2\/product_tag?post=6108"}],"curies":[{"name":"wp","href":"https:\/\/api.w.org\/{rel}","templated":true}]}}