{"id":6103,"date":"2018-07-16T18:17:59","date_gmt":"2018-07-16T15:17:59","guid":{"rendered":"https:\/\/www.barefoot-baltics.ee\/product\/balnas-zygiams-linksmasis-slenis\/"},"modified":"2019-07-27T14:12:14","modified_gmt":"2019-07-27T11:12:14","slug":"balnas-zygiams-linksmasis-slenis","status":"publish","type":"product","link":"https:\/\/www.barefoot-baltics.ee\/lt\/produktas\/balnas-zygiams-linksmasis-slenis\/","title":{"rendered":"Balnas \u017eygiams \u201cLinksmasis sl\u0117nis\u201d"},"content":{"rendered":"<p>\u201cLinksmasis sl\u0117nis\u201d yra kailio balnas, kuris patogus tiek \u017eirgui, tiek raiteliui. Jis buvo sukurtas remiantis raiteli\u0173, norin\u010di\u0173 avikailio balno, nekelian\u010dio problem\u0173 \u017eirgo nugarai, patarimais. Avikailis yra tai, kas teikia patogum\u0105 raiteliui.<\/p>\n<p>\u0160io balno strukt\u016bra i\u0161 esm\u0117s yra tokia pat kaip ir kit\u0173 Barefoot baln\u0173: jis lankstus ir tausojantis \u017eirgo nugar\u0105 . Integruota VPS sistema saugo \u017eirgo nugar\u0105 nuo spaudimo ta\u0161k\u0173, o balnas prisitaiko prie \u017eirgo judesi\u0173 ir leid\u017eia taisyklingai vystytis raumenims . J\u016bs galite j\u012f naudoti su kilpdir\u017eiais arba balnasparniais \u2013 kaip jums patogiau.<\/p>\n<p>Raitelis jau\u010diasi saugiai ir laisvai tuo pat metu. Balno \u201cLinksmasis sl\u0117nis\u201d labai mink\u0161ta s\u0117dyn\u0117 suteikia raiteliui daugiau patogumo nei bet koks kitas balnas. Raitelis jau\u010diasi puikiai, tarsi apsuptas balno. Po tikro avikailio s\u0117dyne yra lipukais prisegamos, mink\u0161tos, anatomi\u0161kai pritaikytos pagalv\u0117l\u0117s. Tai s\u0117dyn\u0119 paver\u010dia dar patogesne ir lengvesne, kadangi pagalv\u0117 padaro baln\u0105 labiau \u201csuktu\u201c, taip u\u017etikrinant, kad raitelis nes\u0117di per pla\u010diai.<\/p>\n<p>Apa\u010dia pagaminta i\u0161 storos vilnos. Balnas turi 4 D formos \u017eiedus. Balno lankelis (\u012f komplektacij\u0105 \u012feina plataus dyd\u017eio lankelis) gali b\u016bti pakeistas kaip ir kituose Barefoot balnuose. Auk\u0161tos kokyb\u0117s metaliniai balno papuo\u0161imai ir odiniai dir\u017eeliai tinka tiek dekorui, tiek pritvirtinti avikailio s\u0117dynei prie balno pagrindo.<\/p>\n<p>\u0160iam balnui yra sukruta speciali pavar\u017eos u\u017ever\u017eimo sistema. Du pavar\u017eos dir\u017eai eina per  mink\u0161tos odos pamink\u0161tinim\u0105 taip i\u0161vengiant kailio dirginimo ar net blogiau \u2013 spaudimo ant jautraus pilvo. Reikalinga dailiojo jojimo pavar\u017ea.<\/p>\n","protected":false},"excerpt":{"rendered":"<ul>\n<li>Avikailio ir nubuko odos balnas su VPS sistema<\/li>\n<li>Joki\u0173 spaudimo ta\u0161k\u0173 po kilp\u0173 pritvirtinimu<\/li>\n<li>Gerai prisitaiko prie \u017eirgo<\/li>\n<li>Patogus ir saugus s\u0117d\u0117jimas<\/li>\n<\/ul>\n","protected":false},"featured_media":331,"template":"","meta":[],"product_brand":[],"product_cat":[1844],"product_tag":[1901,1877,1891,1907],"class_list":{"0":"post-6103","1":"product","2":"type-product","3":"status-publish","4":"has-post-thumbnail","6":"product_cat-beremiai-balnai","7":"product_tag-avikailis","8":"product_tag-labai-patogus","9":"product_tag-oda","10":"product_tag-zygis","11":"product_shipping_class-kurjeriu-pristatymas","12":"pa_colour-juoda","13":"pa_colour-ruda","14":"pa_size-1-lt","15":"pa_size-2-lt","17":"first","18":"onbackorder","19":"shipping-taxable","20":"purchasable","21":"product-type-variable"},"_links":{"self":[{"href":"https:\/\/www.barefoot-baltics.ee\/lt\/wp-json\/wp\/v2\/product\/6103","targetHints":{"allow":["GET"]}}],"collection":[{"href":"https:\/\/www.barefoot-baltics.ee\/lt\/wp-json\/wp\/v2\/product"}],"about":[{"href":"https:\/\/www.barefoot-baltics.ee\/lt\/wp-json\/wp\/v2\/types\/product"}],"wp:featuredmedia":[{"embeddable":true,"href":"https:\/\/www.barefoot-baltics.ee\/lt\/wp-json\/wp\/v2\/media\/331"}],"wp:attachment":[{"href":"https:\/\/www.barefoot-baltics.ee\/lt\/wp-json\/wp\/v2\/media?parent=6103"}],"wp:term":[{"taxonomy":"product_brand","embeddable":true,"href":"https:\/\/www.barefoot-baltics.ee\/lt\/wp-json\/wp\/v2\/product_brand?post=6103"},{"taxonomy":"product_cat","embeddable":true,"href":"https:\/\/www.barefoot-baltics.ee\/lt\/wp-json\/wp\/v2\/product_cat?post=6103"},{"taxonomy":"product_tag","embeddable":true,"href":"https:\/\/www.barefoot-baltics.ee\/lt\/wp-json\/wp\/v2\/product_tag?post=6103"}],"curies":[{"name":"wp","href":"https:\/\/api.w.org\/{rel}","templated":true}]}}