{"id":6100,"date":"2018-07-20T11:11:57","date_gmt":"2018-07-20T08:11:57","guid":{"rendered":"https:\/\/www.barefoot-baltics.ee\/product\/dailiojo-jojimo-balnas-velingtonas\/"},"modified":"2019-07-27T14:09:29","modified_gmt":"2019-07-27T11:09:29","slug":"dailiojo-jojimo-balnas-velingtonas","status":"publish","type":"product","link":"https:\/\/www.barefoot-baltics.ee\/lt\/produktas\/dailiojo-jojimo-balnas-velingtonas\/","title":{"rendered":"Dailiojo jojimo balnas \u201cVelingtonas\u201d"},"content":{"rendered":"<p>Barefoot \u201cVelingtonas \u201d yra novatori\u0161kas, lengvas, mink\u0161tos odos dailiojo jojimo balnas. Jame yra m\u016bs\u0173 pasitvirtinusi, trij\u0173 sluoksni\u0173 VPS sistema (t.y. storesn\u0117). Tai u\u017etikrina dar didesn\u0119 apsaug\u0105 nuo spaudimo po kilp\u0173 pritvirtinimu.<\/p>\n<p>Labai siaura s\u0117dyn\u0117 ir special\u016bs plok\u0161ti balno sparnai u\u017etikrina puik\u0173 kontakt\u0105 tarp raitelio kojos ir \u017eirgo. Nusegama s\u0117dyn\u0117 rei\u0161kia, kad balnas yra ypatingai lankstus ir atsargiai prisitaiko prie \u017eirgo k\u016bno formos. Atviras kilp\u0173 pritvirtinimas yra  tarp s\u0117dyn\u0117s ir balno konstrukcijos ir gali b\u016bti lengvai reguliuojamas . Skirtingi raiteliai gali perstumti kilp\u0173 pritvirtinim\u0105 \u012f priek\u012f ar atgal iki sau tikimo. <\/p>\n<p>Anatomi\u0161kai pritaikyta s\u0117dyn\u0117 turi neslid\u0173 pavir\u0161i\u0173; keli\u0173 pagalv\u0117l\u0117s \u0161velniai stabilizuoja raitelio koj\u0105 tinkamoje pozicijoje. Papildomas pamink\u0161tinimas gali b\u016bti prisegtas po suformuotu balnu lipuk\u0173 sutvirtinimais. Balne yra lanksti V formos pavar\u017ea.<\/p>\n<p>Kaip ir kiti Barefoot balnai, \u0161is balnas yra dedamas truput\u012f toliau ant \u017eirgo nugaros. Tod\u0117l raitelis s\u0117di vir\u0161 \u017eirgo svorio centro ir \u017eirgui lengviau subalansuoti raitelio svor\u012f.<\/p>\n<p>Pagrindin\u0117s funkcijos:<\/p>\n<ul>\n<li>Lankstus visomis kryptimis<\/li>\n<li>Nespaud\u017eia, tod\u0117l leid\u017eia gerai vystytis vir\u0161utinei linijai<\/li>\n<li>Lanksti V formos pavar\u017eos prisegimo sistema<\/li>\n<li>Perkeliamos kilpos<\/li>\n<li>3 sluoksni\u0173 VPS<\/li>\n<li>Anatomi\u0161kai pritaikyti balnasparniai<\/li>\n<li>Artimas  kontaktas su arkliu jojant<\/li>\n<li>Svoris apie 5 kg<\/li>\n<\/ul>\n<p>Kaip ir visuose m\u016bs\u0173 balnuose lankelis yra kei\u010diamas (komplekte yra vidutinio dyd\u017eio lankelis).<\/p>\n","protected":false},"excerpt":{"rendered":"<ul>\n<li>Lankstus ber\u0117mis dailiojo jojimo balnas<\/li>\n<li>Gili, saugi s\u0117dyn\u0117<\/li>\n<li>Ai\u0161kiai apibr\u0117\u017eti keli\u0173 blokeliai<\/li>\n<li>Atviras kilp\u0173 pritvirtinimas su lipuk\u0173 prisegimu<\/li>\n<\/ul>\n","protected":false},"featured_media":431,"template":"","meta":[],"product_brand":[],"product_cat":[1844],"product_tag":[1871,1892,1891],"class_list":{"0":"post-6100","1":"product","2":"type-product","3":"status-publish","4":"has-post-thumbnail","6":"product_cat-beremiai-balnai","7":"product_tag-dailusis-jojimas","8":"product_tag-lengvas","9":"product_tag-oda","10":"product_shipping_class-kurjeriu-pristatymas","11":"pa_size-1-lt","12":"pa_size-2-lt","14":"first","15":"onbackorder","16":"shipping-taxable","17":"purchasable","18":"product-type-variable"},"_links":{"self":[{"href":"https:\/\/www.barefoot-baltics.ee\/lt\/wp-json\/wp\/v2\/product\/6100","targetHints":{"allow":["GET"]}}],"collection":[{"href":"https:\/\/www.barefoot-baltics.ee\/lt\/wp-json\/wp\/v2\/product"}],"about":[{"href":"https:\/\/www.barefoot-baltics.ee\/lt\/wp-json\/wp\/v2\/types\/product"}],"wp:featuredmedia":[{"embeddable":true,"href":"https:\/\/www.barefoot-baltics.ee\/lt\/wp-json\/wp\/v2\/media\/431"}],"wp:attachment":[{"href":"https:\/\/www.barefoot-baltics.ee\/lt\/wp-json\/wp\/v2\/media?parent=6100"}],"wp:term":[{"taxonomy":"product_brand","embeddable":true,"href":"https:\/\/www.barefoot-baltics.ee\/lt\/wp-json\/wp\/v2\/product_brand?post=6100"},{"taxonomy":"product_cat","embeddable":true,"href":"https:\/\/www.barefoot-baltics.ee\/lt\/wp-json\/wp\/v2\/product_cat?post=6100"},{"taxonomy":"product_tag","embeddable":true,"href":"https:\/\/www.barefoot-baltics.ee\/lt\/wp-json\/wp\/v2\/product_tag?post=6100"}],"curies":[{"name":"wp","href":"https:\/\/api.w.org\/{rel}","templated":true}]}}