{"id":6097,"date":"2018-06-23T09:59:17","date_gmt":"2018-06-23T06:59:17","guid":{"rendered":"https:\/\/www.barefoot-baltics.ee\/product\/vesterno-balnas-arizonos-roze\/"},"modified":"2023-01-28T15:15:54","modified_gmt":"2023-01-28T13:15:54","slug":"vesterno-balnas-arizonos-roze","status":"publish","type":"product","link":"https:\/\/www.barefoot-baltics.ee\/lt\/produktas\/vesterno-balnas-arizonos-roze\/","title":{"rendered":"Vesterno balnas \u201cArizonos ro\u017e\u0117\u201d"},"content":{"rendered":"<p>Barefoot \u201cArizonos ro\u017e\u0117\u201d yra draugi\u0161kas \u017eirgui, gra\u017eus vesterno balnas, pagamintas i\u0161 brazili\u0161kos ver\u0161iuko odos. Oda padaryta ir rankomis papuo\u0161ta ma\u017eu krep\u0161io ra\u0161tu. S\u0117dyn\u0117 labai gili, kad gal\u0117tum\u0117te visada b\u016bti ar\u010diau \u017eirgo nugaros. S\u0117dyn\u0117 pagaminta i\u0161 zom\u0161os. Balno komplektacijoje yra derantys balno papuo\u0161imai ir oda dengtos, ra\u0161tuotos kilpos.<\/p>\n<p>\u201cArizonos ro\u017e\u0117\u201d yra lengvai prisitaikantis ir lankstus ant \u017eirgo nugaros bei patogus raiteliui. Pabaln\u0117 trumpa ir apvali, kad b\u016bt\u0173 pritaikyta trumpoms nugaroms ir ji tai pat tinka  \u017eemo gogo \u017eirgams.<\/p>\n<p>6 D formos \u017eiedai ir balno papuo\u0161imai su odiniais dir\u017eeliais skirti \u012fvairi\u0173 reikmen\u0173 prisegimui. Kilpsaitis ir nailono dir\u017eas vesterno pavar\u017eai prisegti yra taip pat \u012ftraukti \u012f komplektacij\u0105. Stiklo pluo\u0161to balno lankelis (komplekte yra plataus dyd\u017eio lankelis)gali b\u016bti pakeistas kaip ir visuose Barefoot balnuose. Kilp\u0173 prisegimas gali b\u016bti perkeltas pagal poreik\u012f.<\/p>\n<p>\u0160is gra\u017eus vesterno balnas pagamintas i\u0161 tvirtesn\u0117s odos, kadangi mums reikia kietesnio pagrindo ra\u0161tui. Tod\u0117l &#8222;Arizonos ro\u017e\u0117&#8221;  ilgiau taikosi prie j\u016bs\u0173 \u017eirgo nugaros nei kiti baln\u0173 modeliai.<\/p>\n<p>Pagrindin\u0117s funkcijos:<\/p>\n<ul>\n<li>Lankstus visomis kryptimis<\/li>\n<li>VPS sistema<\/li>\n<li>Leid\u017eia gerai vystytis vir\u0161utinei linija<\/li>\n<li>Puikiai tinka arkliams su trumpomis nugaromis<\/li>\n<li>Svoris apie 7 kg<\/li>\n<\/ul>\n<p>Su Barefoot vesterno balnais leid\u017eiama dalyvauti daugelyje vesterno var\u017eyb\u0173.<\/p>\n","protected":false},"excerpt":{"rendered":"<ul>\n<li>Lengvas, brazili\u0161kos ver\u0161iuko odos vesterno balnas (7 kg)<\/li>\n<li>Rank\u0173 darbo ra\u0161tas<\/li>\n<li>Trumpos, apvalios pabaln\u0117s trump\u0173 nugar\u0173 \u017eirgams<\/li>\n<li>\u012e komplektacij\u0105 \u012feina balnasparniai ir kilpos<\/li>\n<\/ul>\n","protected":false},"featured_media":2229,"template":"","meta":[],"product_brand":[],"product_cat":[1844],"product_tag":[1865,1891,1909],"class_list":{"0":"post-6097","1":"product","2":"type-product","3":"status-publish","4":"has-post-thumbnail","6":"product_cat-beremiai-balnai","7":"product_tag-madingas","8":"product_tag-oda","9":"product_tag-vesterno","10":"product_shipping_class-kurjeriu-pristatymas","11":"pa_size-1-lt","12":"pa_size-2-lt","14":"first","15":"onbackorder","16":"shipping-taxable","17":"purchasable","18":"product-type-variable"},"_links":{"self":[{"href":"https:\/\/www.barefoot-baltics.ee\/lt\/wp-json\/wp\/v2\/product\/6097","targetHints":{"allow":["GET"]}}],"collection":[{"href":"https:\/\/www.barefoot-baltics.ee\/lt\/wp-json\/wp\/v2\/product"}],"about":[{"href":"https:\/\/www.barefoot-baltics.ee\/lt\/wp-json\/wp\/v2\/types\/product"}],"wp:featuredmedia":[{"embeddable":true,"href":"https:\/\/www.barefoot-baltics.ee\/lt\/wp-json\/wp\/v2\/media\/2229"}],"wp:attachment":[{"href":"https:\/\/www.barefoot-baltics.ee\/lt\/wp-json\/wp\/v2\/media?parent=6097"}],"wp:term":[{"taxonomy":"product_brand","embeddable":true,"href":"https:\/\/www.barefoot-baltics.ee\/lt\/wp-json\/wp\/v2\/product_brand?post=6097"},{"taxonomy":"product_cat","embeddable":true,"href":"https:\/\/www.barefoot-baltics.ee\/lt\/wp-json\/wp\/v2\/product_cat?post=6097"},{"taxonomy":"product_tag","embeddable":true,"href":"https:\/\/www.barefoot-baltics.ee\/lt\/wp-json\/wp\/v2\/product_tag?post=6097"}],"curies":[{"name":"wp","href":"https:\/\/api.w.org\/{rel}","templated":true}]}}