{"id":6090,"date":"2018-07-19T13:17:25","date_gmt":"2018-07-19T10:17:25","guid":{"rendered":"https:\/\/www.barefoot-baltics.ee\/product\/dailiojo-jojimo-balnas-merlinas\/"},"modified":"2019-07-27T13:58:34","modified_gmt":"2019-07-27T10:58:34","slug":"dailiojo-jojimo-balnas-merlinas","status":"publish","type":"product","link":"https:\/\/www.barefoot-baltics.ee\/lt\/produktas\/dailiojo-jojimo-balnas-merlinas\/","title":{"rendered":"Dailiojo jojimo balnas \u201cMerlinas\u201d"},"content":{"rendered":"<p>Barefoot \u201cMerlinas\u201d yra novatori\u0161kas, ma\u017eas, mink\u0161tos odos balnas labai trumpais balno sparnais cob dyd\u017eio \u017eirgams ar ma\u017eiems raiteliams.<\/p>\n<p>Ypa\u010d lengvas dailusis jojimas su m\u016bs\u0173 pasitvirtinusia VPS sistema. Ypa\u010d siaura s\u0117dyn\u0117 ir specialiai plok\u0161ti trumpi balno sparnai suteikia nepriekai\u0161ting\u0105 kontakt\u0105 tarp raitelio kojos ir \u017eirgo. Nusegama s\u0117dyn\u0117 rei\u0161kia, kad balnas yra ypatingai lankstus ir pats prisitaiko prie \u017eirgo k\u016bno formos. Atviras kilp\u0173 pritvirtinimas yra  tarp s\u0117dyn\u0117s ir balno konstrukcijos ir gali b\u016bti lengvai reguliuojamas. Skirtingi raiteliai gali perstumti kilp\u0173 pritvirtinim\u0105 \u012f priek\u012f ar atgal iki sau tikimo. \u0160io balno s\u0117dyn\u0117s nugar\u0117l\u0117 yra \u017eema.<\/p>\n<p>Anatomi\u0161kai pritaikyta s\u0117dyn\u0117 turi neslid\u0173 pavir\u0161i\u0173; keli\u0173 pagalv\u0117l\u0117s \u0161velniai stabilizuoja raitelio koj\u0105 teisingoje dailiojo jojimo pozicijoje. Papildomas pamink\u0161tinimas gali b\u016bti prisegtas po suformuotu balnu lipuk\u0173 sutvirtinimais. Balne yra lanksti V formos pavar\u017ea.<\/p>\n<p>Kaip ir kiti Barefoot balnai, \u0161is balnas yra dedamas truput\u012f toliau ant \u017eirgo nugaros. Tod\u0117l raitelis s\u0117di vir\u0161 \u017eirgo svorio centro ir \u017eirgui lengviau subalansuoti raitelio svor\u012f. D\u0117l \u017eemesn\u0117s s\u0117dyn\u0117s nugar\u0117l\u0117s (apie 2 cm) balnas vizualiai yra kiek \u017eemesnis nugaros srityje nei kiti m\u016bs\u0173 baln\u0173 modeliai.<\/p>\n<p>Kaip ir visuose m\u016bs\u0173 balnuose (\u012f komplektacij\u0105 \u012feina vidutinio dyd\u017eio lankelis) lankelis yra kei\u010diamas (d\u0117l detalesn\u0117s informacijos  pasi\u017evalgykite m\u016bs\u0173 dyd\u017ei\u0173 patarim\u0173 skiltyje).<\/p>\n<p>Pagrindin\u0117s funkcijos:<\/p>\n<ul>\n<li>Lankstus visomis kryptimis<\/li>\n<li>VPS sistema<\/li>\n<li>Leid\u017eia gerai vystytis vir\u0161utinei linija<\/li>\n<li>Persegamos kilpos<\/li>\n<li>S\u0117dyn\u0117 ir ypatingai trumpas sparnas u\u017etikrina artim\u0105 kontakt\u0105 su arkliu<\/li>\n<li>Svoris apie 5 kg<\/li>\n<\/ul>\n","protected":false},"excerpt":{"rendered":"<ul>\n<li>Lankstus ber\u0117mis dailiojo jojimo balnas<\/li>\n<li>Saugi, gili s\u0117dyn\u0117<\/li>\n<li>Special\u016bs, mink\u0161ti keli\u0173 blokeliai<\/li>\n<li>Atviras kilp\u0173 pritvirtinimas su lipuk\u0173 sutvirtinimais<\/li>\n<li>\u017dema s\u0117dyn\u0117s nugar\u0117l\u0117<\/li>\n<\/ul>\n","protected":false},"featured_media":403,"template":"","meta":[],"product_brand":[],"product_cat":[1844],"product_tag":[1871,1892,1891],"class_list":{"0":"post-6090","1":"product","2":"type-product","3":"status-publish","4":"has-post-thumbnail","6":"product_cat-beremiai-balnai","7":"product_tag-dailusis-jojimas","8":"product_tag-lengvas","9":"product_tag-oda","10":"product_shipping_class-kurjeriu-pristatymas","11":"pa_size-0-lt","12":"pa_size-1-lt","13":"pa_size-2-lt","15":"first","16":"onbackorder","17":"shipping-taxable","18":"purchasable","19":"product-type-variable"},"_links":{"self":[{"href":"https:\/\/www.barefoot-baltics.ee\/lt\/wp-json\/wp\/v2\/product\/6090","targetHints":{"allow":["GET"]}}],"collection":[{"href":"https:\/\/www.barefoot-baltics.ee\/lt\/wp-json\/wp\/v2\/product"}],"about":[{"href":"https:\/\/www.barefoot-baltics.ee\/lt\/wp-json\/wp\/v2\/types\/product"}],"wp:featuredmedia":[{"embeddable":true,"href":"https:\/\/www.barefoot-baltics.ee\/lt\/wp-json\/wp\/v2\/media\/403"}],"wp:attachment":[{"href":"https:\/\/www.barefoot-baltics.ee\/lt\/wp-json\/wp\/v2\/media?parent=6090"}],"wp:term":[{"taxonomy":"product_brand","embeddable":true,"href":"https:\/\/www.barefoot-baltics.ee\/lt\/wp-json\/wp\/v2\/product_brand?post=6090"},{"taxonomy":"product_cat","embeddable":true,"href":"https:\/\/www.barefoot-baltics.ee\/lt\/wp-json\/wp\/v2\/product_cat?post=6090"},{"taxonomy":"product_tag","embeddable":true,"href":"https:\/\/www.barefoot-baltics.ee\/lt\/wp-json\/wp\/v2\/product_tag?post=6090"}],"curies":[{"name":"wp","href":"https:\/\/api.w.org\/{rel}","templated":true}]}}