{"id":6077,"date":"2018-07-19T11:19:06","date_gmt":"2018-07-19T08:19:06","guid":{"rendered":"https:\/\/www.barefoot-baltics.ee\/product\/dailiojo-jojimo-balnas-leksingtonas\/"},"modified":"2019-07-27T12:12:05","modified_gmt":"2019-07-27T09:12:05","slug":"dailiojo-jojimo-balnas-leksingtonas","status":"publish","type":"product","link":"https:\/\/www.barefoot-baltics.ee\/lt\/produktas\/dailiojo-jojimo-balnas-leksingtonas\/","title":{"rendered":"Dailiojo jojimo balnas \u201cLeksingtonas\u201d"},"content":{"rendered":"<p>Barefoot \u201cLeksingtonas\u201d\u2013 novatori\u0161kas dailiojo jojimo balnas. Pagamintas i\u0161 mink\u0161tos nubuko odos, kuriame yra  pagal poreikius perkeliamas kilp\u0173 pritvirtinimas. Jis taip pat turi lanks\u010di\u0105, V\u2013 formos pavar\u017eos u\u017ever\u017eimo sistem\u0105 ir plei\u0161to formos VPS sistem\u0105 po s\u0117dyne. Tai svarbu! \u201cLeksingtonas\u201d sukurtas auk\u0161to gogo, sporti\u0161kiems \u017eirgams. Keli\u0173 pagalv\u0117l\u0117s reguliuojamos lipukais.<\/p>\n<p>\u0160is balnas leid\u017eia raiteliui pajusti kiekvien\u0105 savo \u017eirgo nugaros raumens judes\u012f, taip sukuriant tvirt\u0105 subtilaus jojimo pagrind\u0105. Kadangi kilp\u0173 pritvirtinimas gali b\u016bti reguliuojamas, balnas gali b\u016bti sureguliuotas pagal j\u016bs\u0173 asmeninius poreikius ir i\u0161matavimus. D\u0117l VPS sistemos, s\u0117dyn\u0117 yra pakelta gale, taip sukurdama tiesi\u0105 raitelio s\u0117d\u0117sen\u0105 ,kuri\u0105 dar labiau palengvina i\u0161skirtiniai keli\u0173 blokeliai.<\/p>\n<p>Pavar\u017eos u\u017ever\u017eimo sistema yra lanksti ir sudaro V\u2013 form\u0105. Tai leid\u017eia baln\u0105 lengvai priver\u017eti  net ir arkliam, kurie prie\u0161inasi balno ver\u017eimui. Palyginus su standartiniais dailiojo jojimo balnais, \u201cLeksingtonas\u201d yra dedamas truput\u012f toliau ant \u017eirgo nugaros. Tod\u0117l raitelis s\u0117di vir\u0161 \u017eirgo svorio centro ir \u017eirgui lengviau subalansuoti raitelio svor\u012f.<\/p>\n<p>Ilgo ir truput\u012f platesnio sparno bei gerai suformuot\u0173 kelio blokeli\u0173 d\u0117ka raitelio koja yra pastatoma \u012f teising\u0105 dailiajam jojimui pozicij\u0105. Papildomai lipuk\u0173 pagalba galima prisegti papildomus keli\u0173 blokelius(komplektacijoje yra dviej\u0173 skirting\u0173 dyd\u017ei\u0173 ) . Be to, keli\u0173 blokeliai turi m\u016bs\u0173 \u201cOro pompos sistem\u0105\u201d (angl. \u201c<em>Air Pump System<\/em>\u201d ), kuri leid\u017eia orui cirkuliuoti, tod\u0117l keli\u0173 blokeliai dar geriau prisitaiko prie raitelio kojos.<\/p>\n<p>\u0160is balnas taip pat tinkamas tiesiog i\u0161jojant \u012f gamt\u0105. \u0160tai kod\u0117l jame yra 6 D formos \u017eiedai prisegti j\u016bs\u0173 jojimo g\u016bniai ir krep\u0161iams. Kaip ir visuose Barefoot balnuose, stiklo pluo\u0161to balno lankelis (\u012f komplektacij\u0105 \u012feina vidutinio dyd\u017eio lankelis) gali b\u016bti pakeistas.<\/p>\n<p>Pagrindin\u0117s funkcijos:<\/p>\n<ul>\n<li>Lankstus visomis kryptimis<\/li>\n<li>VPS sistema<\/li>\n<li>Nespaud\u017eia nugaros, tod\u0117l vir\u0161utin\u0117 linija gali gerai vystytis<\/li>\n<li>Lanksti V formos pavar\u017eos prisegimo sistema<\/li>\n<li>Oro pompos sistema didesniam patogumui<\/li>\n<li>Kei\u010diami keli\u0173 blokeliai<\/li>\n<li>U\u017etikrin\u0105 subtil\u0173 jojimo stili\u0173, nes raitelis priart\u0117ja prie arklio<\/li>\n<li>Svoris apie 6 kg<\/li>\n<\/ul>\n<p>\u0160is dailiojo jojimo balnas yra juodos spalvos, trij\u0173 dyd\u017ei\u0173 ir dviej\u0173 modeli\u0173.<\/p>\n<ul>\n<li>0 dydis pagal u\u017esakym\u0105 (8\u201312 savai\u010di\u0173 pristatymo laikas): rekomenduojama S dyd\u017eio raiteliams<\/li>\n<li>1 dydis, trumpas sparnas\u2013 ma\u017eesnis, siauresnis balno sparnas, rekomenduojama iki M\/L dyd\u017eio raiteliams, 170 cm \u016bgio<\/li>\n<li>1 dydis, ilgas sparnas \u2013 ilgesnis, platesnis balno sparnas, rekomenduojama nuo L dyd\u017eio raiteliams, 170 cm \u016bgio ar auk\u0161tesniems, gan ilgomis kojomis<\/li>\n<li>2 dydis, trumpas sparnas\u2013 ma\u017eesnis, siauresnis balno sparnas, rekomenduojama didesniems nei L dyd\u017eio raiteliams, kurie yra 170 cm \u016bgio ar \u017eemesni<\/li>\n<li>2 dydis, ilgas sparnas \u2013 ilgesnis, platesnis balno sparnas, rekomenduojamas didesniems nei  L dyd\u017eio raiteliams, kurie yra auk\u0161tesni nei 170 cm, ilgomis kojomis<\/li>\n<\/ul>\n","protected":false},"excerpt":{"rendered":"<ul>\n<li>Tikros nubuko odos, lankstus dailiojo jojimo balnas<\/li>\n<li>Lipukais reguliuojami kelio blokeliai<\/li>\n<li>Kilp\u0173 pritvirtinimas gali b\u016bti perd\u0117tas pagal poreikius<\/li>\n<li>Plei\u0161to formos VPS sistema<\/li>\n<li>V-formos pavar\u017eos u\u017ever\u017eimas leid\u017eia lengvai prisitaikyti prie \u012fvairios apimties pilvo<\/li>\n<\/ul>\n","protected":false},"featured_media":364,"template":"","meta":[],"product_brand":[],"product_cat":[1844],"product_tag":[1871,1865,1891],"class_list":{"0":"post-6077","1":"product","2":"type-product","3":"status-publish","4":"has-post-thumbnail","6":"product_cat-beremiai-balnai","7":"product_tag-dailusis-jojimas","8":"product_tag-madingas","9":"product_tag-oda","10":"product_shipping_class-kurjeriu-pristatymas","11":"pa_flap-ilgas","12":"pa_flap-trumpas","13":"pa_size-0-lt","14":"pa_size-1-lt","15":"pa_size-2-lt","17":"first","18":"onbackorder","19":"shipping-taxable","20":"purchasable","21":"product-type-variable"},"_links":{"self":[{"href":"https:\/\/www.barefoot-baltics.ee\/lt\/wp-json\/wp\/v2\/product\/6077","targetHints":{"allow":["GET"]}}],"collection":[{"href":"https:\/\/www.barefoot-baltics.ee\/lt\/wp-json\/wp\/v2\/product"}],"about":[{"href":"https:\/\/www.barefoot-baltics.ee\/lt\/wp-json\/wp\/v2\/types\/product"}],"wp:featuredmedia":[{"embeddable":true,"href":"https:\/\/www.barefoot-baltics.ee\/lt\/wp-json\/wp\/v2\/media\/364"}],"wp:attachment":[{"href":"https:\/\/www.barefoot-baltics.ee\/lt\/wp-json\/wp\/v2\/media?parent=6077"}],"wp:term":[{"taxonomy":"product_brand","embeddable":true,"href":"https:\/\/www.barefoot-baltics.ee\/lt\/wp-json\/wp\/v2\/product_brand?post=6077"},{"taxonomy":"product_cat","embeddable":true,"href":"https:\/\/www.barefoot-baltics.ee\/lt\/wp-json\/wp\/v2\/product_cat?post=6077"},{"taxonomy":"product_tag","embeddable":true,"href":"https:\/\/www.barefoot-baltics.ee\/lt\/wp-json\/wp\/v2\/product_tag?post=6077"}],"curies":[{"name":"wp","href":"https:\/\/api.w.org\/{rel}","templated":true}]}}