{"id":6069,"date":"2018-06-20T16:26:08","date_gmt":"2018-06-20T13:26:08","guid":{"rendered":"https:\/\/www.barefoot-baltics.ee\/product\/vesterno-balnas-arizona\/"},"modified":"2021-07-05T15:28:17","modified_gmt":"2021-07-05T12:28:17","slug":"vesterno-balnas-arizona","status":"publish","type":"product","link":"https:\/\/www.barefoot-baltics.ee\/lt\/produktas\/vesterno-balnas-arizona\/","title":{"rendered":"Vesterno balnas \u201cArizona\u201d"},"content":{"rendered":"<p>Barefoot \u201cArizona\u201d yra \u017eirgui draugi\u0161kas, tvirtos, atvir\u0173 por\u0173 apdirbtos karv\u0117s odos vesterno balnas. Labai lankstus, prisitaiko prie \u017eirgo nugaros ir taip pat yra patogus raiteliui. Balnas turi labai gili\u0105 s\u0117dyn\u0119, taigi j\u016bs esate ar\u010diau \u017eirgo nugaros. Jis turi trump\u0105, apvali\u0105 pabaln\u0119, kuri suteikia  ger\u0105 balno pozicij\u0105 trumpos nugaros ir auk\u0161to gogo \u017eirgams.<\/p>\n<p>\u201cArizona\u201d turi ne\u0161varumams atspar\u0173 pavir\u0161iaus apdirbim\u0105, odin\u0119 apdail\u0105, 6 D formos \u017eiedus, metalinius balno papuo\u0161imus su odiniais dir\u017eeliais ir pavar\u017eos u\u017ever\u017eimo sistem\u0105. Atskirai \u012fsigyti galite deran\u010dius pla\u010dius balnasparnius ir kilpas. Stiklo pluo\u0161to lankelis ( \u012f komplektacij\u0105 \u012feina platus lankelis) yra kei\u010diamas kaip ir visuose Barefoot balnuose. \u012e komplektacij\u0105 \u012feina vesterno dir\u017eas pavar\u017eai prisegti ir nailono kilpsaitis.<\/p>\n<p>Pagrindin\u0117s funkcijos:<\/p>\n<ul>\n<li>Lankstus visomis kryptimis<\/li>\n<li>VPS sistema<\/li>\n<li>Nespaud\u017eia nugaros, tod\u0117l vir\u0161utin\u0117 linija gali gerai vystytis<\/li>\n<li>Idealus arkliam turintiem trump\u0105 nugar\u0105<\/li>\n<li>Svoris apie 6,5 kg<\/li>\n<\/ul>\n<p>Kilp\u0173 pritvirtinimas \u0161iame vesterno balne gali b\u016bti perkeltas. Barefoot vesterno balnai yra leid\u017eiami Vesterno Pramoginio Jojimo var\u017eybose.<\/p>\n","protected":false},"excerpt":{"rendered":"<ul>\n<li>Lengvas vesterno balnas (6,5 kg)<\/li>\n<li>Labai lankstus; prisitaiko prie \u017eirgo nugaros<\/li>\n<li>Pagamintas i\u0161 tvirtos, atvir\u0173 por\u0173, apdribtos karv\u0117s odos, patogus raiteliui<\/li>\n<li>Labai gili s\u0117dyn\u0117\u2013 jausmas beveik prilygsta jojimui be balno<\/li>\n<li>Idealiai tinka trump\u0173 nugar\u0173 \u017eirgams<\/li>\n<\/ul>\n","protected":false},"featured_media":2193,"template":"","meta":[],"product_brand":[],"product_cat":[1844],"product_tag":[1892,1891,1909],"class_list":{"0":"post-6069","1":"product","2":"type-product","3":"status-publish","4":"has-post-thumbnail","6":"product_cat-beremiai-balnai","7":"product_tag-lengvas","8":"product_tag-oda","9":"product_tag-vesterno","10":"product_shipping_class-kurjeriu-pristatymas","11":"pa_colour-juoda","12":"pa_colour-ruda","13":"pa_size-0-lt","14":"pa_size-1-lt","15":"pa_size-2-lt","16":"pa_size-3-lt","18":"first","19":"onbackorder","20":"shipping-taxable","21":"purchasable","22":"product-type-variable"},"_links":{"self":[{"href":"https:\/\/www.barefoot-baltics.ee\/lt\/wp-json\/wp\/v2\/product\/6069","targetHints":{"allow":["GET"]}}],"collection":[{"href":"https:\/\/www.barefoot-baltics.ee\/lt\/wp-json\/wp\/v2\/product"}],"about":[{"href":"https:\/\/www.barefoot-baltics.ee\/lt\/wp-json\/wp\/v2\/types\/product"}],"wp:featuredmedia":[{"embeddable":true,"href":"https:\/\/www.barefoot-baltics.ee\/lt\/wp-json\/wp\/v2\/media\/2193"}],"wp:attachment":[{"href":"https:\/\/www.barefoot-baltics.ee\/lt\/wp-json\/wp\/v2\/media?parent=6069"}],"wp:term":[{"taxonomy":"product_brand","embeddable":true,"href":"https:\/\/www.barefoot-baltics.ee\/lt\/wp-json\/wp\/v2\/product_brand?post=6069"},{"taxonomy":"product_cat","embeddable":true,"href":"https:\/\/www.barefoot-baltics.ee\/lt\/wp-json\/wp\/v2\/product_cat?post=6069"},{"taxonomy":"product_tag","embeddable":true,"href":"https:\/\/www.barefoot-baltics.ee\/lt\/wp-json\/wp\/v2\/product_tag?post=6069"}],"curies":[{"name":"wp","href":"https:\/\/api.w.org\/{rel}","templated":true}]}}