{"id":6046,"date":"2018-07-29T12:54:30","date_gmt":"2018-07-29T09:54:30","guid":{"rendered":"https:\/\/www.barefoot-baltics.ee\/product\/balnas-zygiams-svelnus-zingsnis\/"},"modified":"2019-07-27T11:39:46","modified_gmt":"2019-07-27T08:39:46","slug":"balnas-zygiams-svelnus-zingsnis","status":"publish","type":"product","link":"https:\/\/www.barefoot-baltics.ee\/lt\/produktas\/balnas-zygiams-svelnus-zingsnis\/","title":{"rendered":"Balnas \u017eygiams \u201c\u0160velnus \u017eingsnis\u201d"},"content":{"rendered":"<p>Barefoot \u201c\u0160velnus \u017eingsnis\u201d yra labai patogus balnas tiek raiteliui, tiek \u017eirgui. Gaminant baln\u0105 buvo atsi\u017evelgta \u012f atsiliepimus raiteli\u0173, norin\u010di\u0173 pigesnio avikailio balno, kuris nekelt\u0173 problem\u0173 \u017eirgo nugarai, bet b\u016bt\u0173 maksimaliai patogus.<\/p>\n<p>\u201c\u0160velnus \u017eingsnis\u201d balno strukt\u016bra atitinka m\u016bs\u0173 pasitvirtinusi\u0105 Barefoot id\u0117j\u0105. Balnas \u017eirgui suteikia ir apsaug\u0105, ir lankstum\u0105. Integruota VPS sistema apsaugo \u017eirgo nugar\u0105 nuo spaudimo, o balnas prisitaiko prie \u017eirgo judesi\u0173, taip leisdamas raumenims vystytis.<\/p>\n<p>Taip pat \u201c\u0160velnus \u017eingsnis\u201d patogus  raiteliui. S\u0117dyn\u0117 yra labai mink\u0161ta, o put\u0173 pamink\u0161tinimas suteikia raiteliui saugi\u0105, gili\u0105 s\u0117d\u0117sen\u0105. Balnas suteikia daugiau nei atram\u0105, jis \u0161velniai ir saugiai \u201capsupa\u201d raitel\u012f.<\/p>\n<p>Apa\u010dia pagaminta i\u0161 storos vilnos. Balnas turi 4 D formos \u017eiedus j\u016bs\u0173 reikmenims prisegti. Auk\u0161tos kokyb\u0117s metaliniai papuo\u0161imai su odiniais dir\u017eeliais yra skirti avikailio s\u0117dyn\u0117s prisegimui prie balno pagrindo.<\/p>\n<p>Balno lankelis (\u012f komplektacij\u0105 \u012feina vidutinio dyd\u017eio lankelis) yra kei\u010diamas, kaip ir visuose Barefoot balnuose.<\/p>\n","protected":false},"excerpt":{"rendered":"<ul>\n<li>Pagamintas ilgiems \u017eygiams<\/li>\n<li>N\u0117ra spaudimo ta\u0161k\u0173 po kilp\u0173 pritvirtinimu<\/li>\n<li>Tikro avikailio ir dirbtin\u0117s odos kombinacija<\/li>\n<li>Prisitaiko prie \u017eirgo visais matmenimis<\/li>\n<li>Patogi ir saugi s\u0117dyn\u0117<\/li>\n<\/ul>\n","protected":false},"featured_media":474,"template":"","meta":[],"product_brand":[],"product_cat":[1844],"product_tag":[1861,1877,1907],"class_list":{"0":"post-6046","1":"product","2":"type-product","3":"status-publish","4":"has-post-thumbnail","6":"product_cat-beremiai-balnai","7":"product_tag-dirbtine-oda","8":"product_tag-labai-patogus","9":"product_tag-zygis","10":"product_shipping_class-kurjeriu-pristatymas","11":"pa_size-1-lt","12":"pa_size-2-lt","14":"first","15":"onbackorder","16":"shipping-taxable","17":"purchasable","18":"product-type-variable"},"_links":{"self":[{"href":"https:\/\/www.barefoot-baltics.ee\/lt\/wp-json\/wp\/v2\/product\/6046","targetHints":{"allow":["GET"]}}],"collection":[{"href":"https:\/\/www.barefoot-baltics.ee\/lt\/wp-json\/wp\/v2\/product"}],"about":[{"href":"https:\/\/www.barefoot-baltics.ee\/lt\/wp-json\/wp\/v2\/types\/product"}],"wp:featuredmedia":[{"embeddable":true,"href":"https:\/\/www.barefoot-baltics.ee\/lt\/wp-json\/wp\/v2\/media\/474"}],"wp:attachment":[{"href":"https:\/\/www.barefoot-baltics.ee\/lt\/wp-json\/wp\/v2\/media?parent=6046"}],"wp:term":[{"taxonomy":"product_brand","embeddable":true,"href":"https:\/\/www.barefoot-baltics.ee\/lt\/wp-json\/wp\/v2\/product_brand?post=6046"},{"taxonomy":"product_cat","embeddable":true,"href":"https:\/\/www.barefoot-baltics.ee\/lt\/wp-json\/wp\/v2\/product_cat?post=6046"},{"taxonomy":"product_tag","embeddable":true,"href":"https:\/\/www.barefoot-baltics.ee\/lt\/wp-json\/wp\/v2\/product_tag?post=6046"}],"curies":[{"name":"wp","href":"https:\/\/api.w.org\/{rel}","templated":true}]}}