{"id":6013,"date":"2018-07-20T10:51:49","date_gmt":"2018-07-20T07:51:49","guid":{"rendered":"https:\/\/www.barefoot-baltics.ee\/product\/konkurinis-balnas-notingamas\/"},"modified":"2019-11-15T17:21:17","modified_gmt":"2019-11-15T15:21:17","slug":"konkurinis-balnas-notingamas","status":"publish","type":"product","link":"https:\/\/www.barefoot-baltics.ee\/lt\/produktas\/konkurinis-balnas-notingamas\/","title":{"rendered":"Konk\u016brinis balnas \u201cNotingamas\u201d"},"content":{"rendered":"<p>Barefoot \u201cNotingamas\u201d yra nuostabus ber\u0117mis konk\u016brinis balnas, kuris turi i\u0161skirtinai storesn\u0119, trij\u0173 sluoksni\u0173 VPS sistem\u0105. Tai u\u017etikrina didesn\u0119 apsaug\u0105 nuo spaudimo po kilp\u0173 pritvirtinimu. Tod\u0117l \u0161is balnas yra tinkamas ne tik \u0161okin\u0117jimui, bet didesnio svorio raiteliams, ilgiems i\u0161jojimams \u012f gamt\u0105 ir kitiems kr\u016bviams. Nepaisant to, balnas vis vien i\u0161liks lankstus, taip u\u017etikrindamas \u017eirgo komfort\u0105 ir nevar\u017eydamas jo judesi\u0173. Raumenys  turi vystytis, o ne nykti!<\/p>\n<p>Pagrindas pagamintas i\u0161 puikios, mink\u0161tos tikros ir dirbtin\u0117s, lengvai pri\u017ei\u016brimos odos kombinacijos. Yra storos vilnos apa\u010dia ir 6 D formos \u017eiedai. Keli\u0173 pagalv\u0117l\u0117s yra pamink\u0161tintos, o keli\u0173 blokeli\u0173 pagrindas lengvai perkeliamas su lipukais, priklausomai nuo j\u016bs\u0173 noro. Balno lankelis (\u012f komplektacij\u0105 \u012feina vidutinio dyd\u017eio lankelis) kei\u010diamas kaip ir visuose Barefoot balnuose.<\/p>\n<p>Pagrindin\u0117s funkcijos:<\/p>\n<ul>\n<li>Lankstus visomis kryptimis<\/li>\n<li>3 sluoksni\u0173 VPS sistema<\/li>\n<li>Nespaud\u017eia nugaros, tod\u0117l vir\u0161utin\u0117 linija gali gerai vystytis<\/li>\n<li>Perkeliamos kilp\u0173 sagtys ir keli\u0173 blokeliai<\/li>\n<li>Lankst\u016bs V formos pavar\u017eos dir\u017eai<\/li>\n<li>Patogi, subalansuota s\u0117d\u0117sena vir\u0161 arklio svorio centro<\/li>\n<li>Svoris apie 5 kg<\/li>\n<\/ul>\n","protected":false},"excerpt":{"rendered":"<ul>\n<li>Storesnis, 3 sluoksni\u0173 VPS sistema, daugiau apsaugos \u017eirgo nugarai<\/li>\n<li>Tinkamas tiek \u0161okin\u0117jimui, tiek i\u0161jojimams \u012f gamt\u0105<\/li>\n<li>Reguliuojamas kilp\u0173 pritvirtinimas<\/li>\n<li>Artimas kontaktas su \u017eirgu, patogi jojimo pozicija<\/li>\n<li>Pagamintas i\u0161 mink\u0161tos ir dirbtin\u0117s odos kombinacijos<\/li>\n<\/ul>\n","protected":false},"featured_media":415,"template":"","meta":[],"product_brand":[],"product_cat":[1844],"product_tag":[1861,1889,1891],"class_list":{"0":"post-6013","1":"product","2":"type-product","3":"status-publish","4":"has-post-thumbnail","6":"product_cat-beremiai-balnai","7":"product_tag-dirbtine-oda","8":"product_tag-konkuras","9":"product_tag-oda","10":"product_shipping_class-kurjeriu-pristatymas","11":"pa_colour-juoda","12":"pa_colour-juoda-gelsvai-ruda","13":"pa_size-1-lt","14":"pa_size-2-lt","15":"pa_size-3-lt","17":"first","18":"onbackorder","19":"shipping-taxable","20":"purchasable","21":"product-type-variable"},"_links":{"self":[{"href":"https:\/\/www.barefoot-baltics.ee\/lt\/wp-json\/wp\/v2\/product\/6013","targetHints":{"allow":["GET"]}}],"collection":[{"href":"https:\/\/www.barefoot-baltics.ee\/lt\/wp-json\/wp\/v2\/product"}],"about":[{"href":"https:\/\/www.barefoot-baltics.ee\/lt\/wp-json\/wp\/v2\/types\/product"}],"wp:featuredmedia":[{"embeddable":true,"href":"https:\/\/www.barefoot-baltics.ee\/lt\/wp-json\/wp\/v2\/media\/415"}],"wp:attachment":[{"href":"https:\/\/www.barefoot-baltics.ee\/lt\/wp-json\/wp\/v2\/media?parent=6013"}],"wp:term":[{"taxonomy":"product_brand","embeddable":true,"href":"https:\/\/www.barefoot-baltics.ee\/lt\/wp-json\/wp\/v2\/product_brand?post=6013"},{"taxonomy":"product_cat","embeddable":true,"href":"https:\/\/www.barefoot-baltics.ee\/lt\/wp-json\/wp\/v2\/product_cat?post=6013"},{"taxonomy":"product_tag","embeddable":true,"href":"https:\/\/www.barefoot-baltics.ee\/lt\/wp-json\/wp\/v2\/product_tag?post=6013"}],"curies":[{"name":"wp","href":"https:\/\/api.w.org\/{rel}","templated":true}]}}