{"id":5978,"date":"2018-07-19T12:16:06","date_gmt":"2018-07-19T09:16:06","guid":{"rendered":"https:\/\/www.barefoot-baltics.ee\/product\/ispaniskas-balnas-madridas\/"},"modified":"2019-07-16T13:37:40","modified_gmt":"2019-07-16T10:37:40","slug":"ispaniskas-balnas-madridas","status":"publish","type":"product","link":"https:\/\/www.barefoot-baltics.ee\/lt\/produktas\/ispaniskas-balnas-madridas\/","title":{"rendered":"Ispani\u0161kas balnas \u201cMadridas\u201d"},"content":{"rendered":"<p>Barefoot \u201cMadridas\u201d yra \u017eavus ispani\u0161kas balnas, kuris yra tikras malonumas visiems, mylintiems klasikin\u012f jojim\u0105. Jis atrodo gerai, yra patogus, suteikia raiteliui gili\u0105, saugi\u0105 s\u0117d\u0117sen\u0105.<\/p>\n<p>Akivaizdus artumas \u017eirgui- j\u016bs\u0173 \u017eirgo dirban\u010di\u0173 raumen\u0173 ir nugaros judesiai yra jau\u010diami, skirtingai nei su kitais \u0161io tipo balnais. Tod\u0117l tai sukuria pagrind\u0105 dar tikslesniam jojimui.<\/p>\n<p>Tuo pat metu \u017eirgo nugara nespaud\u017eiama. Daug reikalaujan\u010dios treniruot\u0117s, sutelkimas, per\u0117jimai\u2013 j\u016bs\u0173 \u017eirgas gali mokytis be \u012ftampos ir u\u017esiauginti tinkam\u0105 vir\u0161utin\u0119 linij\u0105 be var\u017ean\u010dio balno. N\u0117ra jokio balno spaudimo, trukdan\u010dio j\u016bs\u0173 \u017eirgui jud\u0117ti laisvai. Kraujo apr\u016bpinimas raumenims nesutrinka ir tod\u0117l raumenys gali augti.<\/p>\n<p>Kilp\u0173 pritvirtinimas gali b\u016bti perkeltas tarp s\u0117dyn\u0117s ir balno pagal nor\u0105. D\u0117l to balnas lengvai prisitaiko prie j\u016bs\u0173 s\u0117d\u0117senos ir fig\u016bros. Pavar\u017eos dir\u017eai yra V formos, tod\u0117l prisegimas yra saugus ir reguliuojamas. Balnas taip pat tinka \u017eirgams turintiems problem\u0173 u\u017ever\u017eiant baln\u0105.<\/p>\n<p>Kaip ir visi Barefoot balnai, \u201cMadridas\u201d gul\u0117s truput\u012f toliau ant \u017eirgo nugaros nei tradicinis balnas, taip pasodindamas raitel\u012f vir\u0161 \u017eirgo svorio centro. Tod\u0117l \u017eirgui yra lengviau subalansuoti raitelio svor\u012f, taip palengvinant treniruotes.<\/p>\n<p>S\u0117dyn\u0117 yra nuimama su lipukais ir gali b\u016bti pakeista \u012f tikros vilnos s\u0117dyn\u0119, kuri\u0105 galima \u012fsigyti atskirai.<\/p>\n<p>\u0160is ispani\u0161kas balnas yra pagamintas i\u0161 dviej\u0173 skirting\u0173 tikros odos tip\u0173:<\/p>\n<ol>\n<li>Mink\u0161ta, elastinga, neslidi zom\u0161a su integruotu pamink\u0161tinimu s\u0117dynei<\/li>\n<li>Tvirta, \u0161velni oda i\u0161 Piet\u0173 Amerikos likusiai balno daliai.<\/li>\n<\/ol>\n<p>Yra 6 D formos \u017eiedai jojimo g\u016bniai, krep\u0161iams ir kt. prisegti. Prid\u0117tas balno lankelis (dydis platus) gali b\u016bti pakeistas kaip ir kituose Barefoot baln\u0173 modeliuose.<\/p>\n<p>Pagrindin\u0117s funkcijos:<\/p>\n<ul>\n<li>Lankstus visomis kryptimis<\/li>\n<li>Nespaud\u017eia nugaros, tod\u0117l vir\u0161utin\u0117 linija gali gerai vystytis<\/li>\n<li>VPS sistema ir perkeliamos kilp\u0173 sagtys<\/li>\n<li>Lankst\u016bs V formos pavar\u017eos dir\u017eai<\/li>\n<li>Svoris apie 6 kg<\/li>\n<\/ul>\n","protected":false},"excerpt":{"rendered":"<ul>\n<li>Prisitaiko prie \u017eirgo nugaros<\/li>\n<li>Leid\u017eia vystytis raumenims<\/li>\n<li>Tikslios komandos per artim\u0105 kontakt\u0105, gili s\u0117dyn\u0117<\/li>\n<li>Reguliuojami kilp\u0173 pritvirtinimai<\/li>\n<li>Mink\u0161ta, patogi zom\u0161os s\u0117dyn\u0117<\/li>\n<\/ul>\n","protected":false},"featured_media":385,"template":"","meta":[],"product_brand":[],"product_cat":[1844],"product_tag":[1903,1891],"class_list":{"0":"post-5978","1":"product","2":"type-product","3":"status-publish","4":"has-post-thumbnail","6":"product_cat-beremiai-balnai","7":"product_tag-ispaniskas","8":"product_tag-oda","9":"product_shipping_class-kurjeriu-pristatymas","10":"pa_colour-juoda","11":"pa_colour-ruda","12":"pa_size-1-lt","13":"pa_size-2-lt","15":"first","16":"onbackorder","17":"shipping-taxable","18":"purchasable","19":"product-type-variable"},"_links":{"self":[{"href":"https:\/\/www.barefoot-baltics.ee\/lt\/wp-json\/wp\/v2\/product\/5978","targetHints":{"allow":["GET"]}}],"collection":[{"href":"https:\/\/www.barefoot-baltics.ee\/lt\/wp-json\/wp\/v2\/product"}],"about":[{"href":"https:\/\/www.barefoot-baltics.ee\/lt\/wp-json\/wp\/v2\/types\/product"}],"wp:featuredmedia":[{"embeddable":true,"href":"https:\/\/www.barefoot-baltics.ee\/lt\/wp-json\/wp\/v2\/media\/385"}],"wp:attachment":[{"href":"https:\/\/www.barefoot-baltics.ee\/lt\/wp-json\/wp\/v2\/media?parent=5978"}],"wp:term":[{"taxonomy":"product_brand","embeddable":true,"href":"https:\/\/www.barefoot-baltics.ee\/lt\/wp-json\/wp\/v2\/product_brand?post=5978"},{"taxonomy":"product_cat","embeddable":true,"href":"https:\/\/www.barefoot-baltics.ee\/lt\/wp-json\/wp\/v2\/product_cat?post=5978"},{"taxonomy":"product_tag","embeddable":true,"href":"https:\/\/www.barefoot-baltics.ee\/lt\/wp-json\/wp\/v2\/product_tag?post=5978"}],"curies":[{"name":"wp","href":"https:\/\/api.w.org\/{rel}","templated":true}]}}