{"id":5969,"date":"2018-06-23T10:29:35","date_gmt":"2018-06-23T07:29:35","guid":{"rendered":"https:\/\/www.barefoot-baltics.ee\/product\/istvermes-balnas-atlanta\/"},"modified":"2023-01-28T15:24:02","modified_gmt":"2023-01-28T13:24:02","slug":"istvermes-balnas-atlanta","status":"publish","type":"product","link":"https:\/\/www.barefoot-baltics.ee\/lt\/produktas\/istvermes-balnas-atlanta\/","title":{"rendered":"I\u0161tverm\u0117s balnas \u201cAtlanta\u201d"},"content":{"rendered":"<p>Barefoot \u201cAtlanta\u201d yra labai lengvas, \u017eirgui draugi\u0161kas \u017eygi\u0173 ir i\u0161tverm\u0117s balnas, pagamintas i\u0161 tvirtos, atvir\u0173 por\u0173, apdirbtos karv\u0117s odos. Jis yra ypatingai lankstus ir tiksliai prisitaiko prie j\u016bs\u0173 \u017eirgo nugaros formos.<\/p>\n<p>Pavir\u0161iaus apdirbimas yra atsparus purvui. Stilingos detal\u0117s: odos apdaila ir \u017eirgo galvos \u012fspaudas. Apa\u010dia yra \u0161viesi, pagaminta i\u0161 storos vilnos. 8 D formos \u017eiedai, metaliniai papuo\u0161imai ir odiniai dir\u017eeliai kelioni\u0173 b\u016btinyb\u0117ms prisegti. Balno sparnas yra trumpas, balnasijonis apvalus, balnui naudojama angli\u0161ka pavar\u017ea.<\/p>\n<p>Pagrindin\u0117s funkcijos:<\/p>\n<ul>\n<li>Lankstus visomis kryptimis<\/li>\n<li>Skatina taisykling\u0105 nugaros raumen\u0173 vytymasi<\/li>\n<li>VPS sistema<\/li>\n<li>Itin patogus ilgai jojant<\/li>\n<li>Svoris 6 kg<\/li>\n<\/ul>\n<p>Tiek j\u016bs, tiek j\u016bs\u0173 \u017eirgas gailite ilgai joti su \u0161iuo i\u0161tverm\u0117s balnu, nejausdami jokio nepatogumo . Kilp\u0173 pritvirtinimas gali b\u016bti perkeltas pagal norus, o balno lankelis pakei\u010diamas, kad tikt\u0173 j\u016bs\u0173 \u017eirgo gogui (komplektacijoje yra vidutinio dyd\u017eio lankelis).<\/p>\n","protected":false},"excerpt":{"rendered":"<ul>\n<li>Labai lengvas \u017eygi\u0173 ir i\u0161tverm\u0117s balnas<\/li>\n<li>Labai lankstus; prisitaiko prie \u017eirgo nugaros<\/li>\n<li>Pagamintas i\u0161 mink\u0161tos, atvir\u0173 por\u0173, apdirbtos karv\u0117s odos, atsparus purvui<\/li>\n<li>Labai patogus ilgiems i\u0161jojimams<\/li>\n<\/ul>\n","protected":false},"featured_media":2241,"template":"","meta":[],"product_brand":[],"product_cat":[1844],"product_tag":[1875,1892,1891],"class_list":{"0":"post-5969","1":"product","2":"type-product","3":"status-publish","4":"has-post-thumbnail","6":"product_cat-beremiai-balnai","7":"product_tag-istverme","8":"product_tag-lengvas","9":"product_tag-oda","10":"product_shipping_class-kurjeriu-pristatymas","11":"pa_colour-juoda","12":"pa_colour-ruda","13":"pa_size-1-lt","14":"pa_size-2-lt","15":"pa_size-3-lt","17":"first","18":"onbackorder","19":"shipping-taxable","20":"purchasable","21":"product-type-variable"},"_links":{"self":[{"href":"https:\/\/www.barefoot-baltics.ee\/lt\/wp-json\/wp\/v2\/product\/5969","targetHints":{"allow":["GET"]}}],"collection":[{"href":"https:\/\/www.barefoot-baltics.ee\/lt\/wp-json\/wp\/v2\/product"}],"about":[{"href":"https:\/\/www.barefoot-baltics.ee\/lt\/wp-json\/wp\/v2\/types\/product"}],"wp:featuredmedia":[{"embeddable":true,"href":"https:\/\/www.barefoot-baltics.ee\/lt\/wp-json\/wp\/v2\/media\/2241"}],"wp:attachment":[{"href":"https:\/\/www.barefoot-baltics.ee\/lt\/wp-json\/wp\/v2\/media?parent=5969"}],"wp:term":[{"taxonomy":"product_brand","embeddable":true,"href":"https:\/\/www.barefoot-baltics.ee\/lt\/wp-json\/wp\/v2\/product_brand?post=5969"},{"taxonomy":"product_cat","embeddable":true,"href":"https:\/\/www.barefoot-baltics.ee\/lt\/wp-json\/wp\/v2\/product_cat?post=5969"},{"taxonomy":"product_tag","embeddable":true,"href":"https:\/\/www.barefoot-baltics.ee\/lt\/wp-json\/wp\/v2\/product_tag?post=5969"}],"curies":[{"name":"wp","href":"https:\/\/api.w.org\/{rel}","templated":true}]}}