{"id":5959,"date":"2018-07-19T09:55:30","date_gmt":"2018-07-19T06:55:30","guid":{"rendered":"https:\/\/www.barefoot-baltics.ee\/product\/universalus-balnas-tiesiog-prisitaikyk-dirbtine-oda\/"},"modified":"2019-07-16T13:26:56","modified_gmt":"2019-07-16T10:26:56","slug":"universalus-balnas-tiesiog-prisitaikyk-dirbtine-oda","status":"publish","type":"product","link":"https:\/\/www.barefoot-baltics.ee\/lt\/produktas\/universalus-balnas-tiesiog-prisitaikyk-dirbtine-oda\/","title":{"rendered":"Universalus balnas \u201cTiesiog prisitaikyk\u201d (dirbtin\u0117 oda)"},"content":{"rendered":"<p>Barefoot \u201cTiesiog prisitaikyk \u201d yra reguliuojamo dyd\u017eio&#8230;. Taip! J\u016bs galite tur\u0117ti vien\u0105 baln\u0105 kuriuo naudojasi skirtingas fig\u016bras turintys \u017emon\u0117s. Balno nugar\u0117l\u0117 lengvai perkeliama ir fiksuojama lipuk\u0173 pagalba. J\u016bs galite reguliuoti balno s\u0117dyn\u0117s dyd\u012f ir pritaikyt\u012f j\u012f kiekvienam raiteliui.<\/p>\n<p>\u201cTiesiog prisitaikyk \u201d balnas gaminamas su paslankiais \u0161laun\u0173 blokeliais, kurie u\u017etikrina saugi\u0105 s\u0117d\u0117sen\u0105, ir  perkeliamais kilpdir\u017ei\u0173 laikikliais, kurie gali b\u016bti pritaikomi pagal raitelio poreikius. Reguliuojama balno strukt\u016bra ir VPS sistema prisitaikys prie  \u017eirgo &#8211; lankstesnio balno ir negali b\u016bti!<\/p>\n<p>\u0160is reguliuojamas balnas yra idealus jojimo mokykloms, \u017eirgynams ar priva\u010dioms arklid\u0117ms, kur raiteliai dalijasi balnu. Jis taip pat puikiai tinka greitai kintan\u010di\u0173 fig\u016br\u0173 raiteliams- t.y. n\u0117\u0161tumo ar diet\u0173 metu. \u201cTiesiog prisitaikyk \u201d u\u017etikrina pakankam\u0105 atram\u0105 ir saugum\u0105  net bijantiems raiteliams. \u017dirgo ir raitelio artumas leid\u017eia raiteliui lengviau sekti \u017eirgo judesius ir u\u017etikrina greitesn\u012f bei malonesn\u012f mokym\u0105si. <\/p>\n<p>Balnas pagamintas i\u0161 lengvai pri\u017ei\u016brimos DryTex dirbtin\u0117s odos , s\u0117dyn\u0117 aptraukta neslid\u017eiu zom\u0161u Balno apa\u010dia pagaminta i\u0161 storos juodos vilnos. Yra 6 D-formos \u017eiedai pobalniui ar krep\u0161iams prisegti. Prid\u0117tas balno lankelis ( vidutinio dyd\u017eio lankelis yra komplektacijoje ) gali b\u016bti kei\u010diamas kaip ir kituose Barefoot balnuose.<\/p>\n<p>Pagrinin\u0117s funkcijos:<\/p>\n<ul>\n<li>Kintamo dyd\u017eio s\u0117dyn\u0117<\/li>\n<li>Kilnojamos kilp\u0173 sagtys<\/li>\n<li>Lankstus visomis kryptimis<\/li>\n<li>Nespaud\u017eia nugaros, tod\u0117l vir\u0161utin\u0117 linija gali gerai vystytis VPS sistema<\/li>\n<li>Artimas kontaktas, laisva ir komfortabili s\u0117d\u0117sena vir\u0161 arklio svorio centro<\/li>\n<\/ul>\n<p>Mes rekomenduojame naudoti atitinkamus dirbtin\u0117s odos kilpdir\u017eius, nes tikros odos dir\u017e\u0173 kra\u0161tai gadina dirbtin\u0117s odos baln\u0105. Rekomenduojame m\u016bs\u0173 DryTex modelius naudoti kaip atsarginius balnus arba pradedantiesiems. Jei balnas naudojamas pastoviai, manome, kad verta pirkti odin\u012f baln\u0105.<\/p>\n","protected":false},"excerpt":{"rendered":"<ul>\n<li>Reguliuojamas balno dydis<\/li>\n<li>Perkeliami \u0161laun\u0173 blokeliai<\/li>\n<li>Reguliuojama kilpdir\u017ei\u0173 pozicija<\/li>\n<li>Neslidi zom\u0161o s\u0117dyn\u0117<\/li>\n<li>Idealus jojimo mokykloms, \u017eirgynams<\/li>\n<\/ul>\n","protected":false},"featured_media":345,"template":"","meta":[],"product_brand":[],"product_cat":[1844],"product_tag":[1861,1858],"class_list":{"0":"post-5959","1":"product","2":"type-product","3":"status-publish","4":"has-post-thumbnail","6":"product_cat-beremiai-balnai","7":"product_tag-dirbtine-oda","8":"product_tag-reguliuojamas","9":"product_shipping_class-kurjeriu-pristatymas","10":"pa_size-0-1-2-lt","11":"pa_size-1-2-3-lt","13":"first","14":"onbackorder","15":"shipping-taxable","16":"purchasable","17":"product-type-variable"},"_links":{"self":[{"href":"https:\/\/www.barefoot-baltics.ee\/lt\/wp-json\/wp\/v2\/product\/5959","targetHints":{"allow":["GET"]}}],"collection":[{"href":"https:\/\/www.barefoot-baltics.ee\/lt\/wp-json\/wp\/v2\/product"}],"about":[{"href":"https:\/\/www.barefoot-baltics.ee\/lt\/wp-json\/wp\/v2\/types\/product"}],"wp:featuredmedia":[{"embeddable":true,"href":"https:\/\/www.barefoot-baltics.ee\/lt\/wp-json\/wp\/v2\/media\/345"}],"wp:attachment":[{"href":"https:\/\/www.barefoot-baltics.ee\/lt\/wp-json\/wp\/v2\/media?parent=5959"}],"wp:term":[{"taxonomy":"product_brand","embeddable":true,"href":"https:\/\/www.barefoot-baltics.ee\/lt\/wp-json\/wp\/v2\/product_brand?post=5959"},{"taxonomy":"product_cat","embeddable":true,"href":"https:\/\/www.barefoot-baltics.ee\/lt\/wp-json\/wp\/v2\/product_cat?post=5959"},{"taxonomy":"product_tag","embeddable":true,"href":"https:\/\/www.barefoot-baltics.ee\/lt\/wp-json\/wp\/v2\/product_tag?post=5959"}],"curies":[{"name":"wp","href":"https:\/\/api.w.org\/{rel}","templated":true}]}}