{"id":5956,"date":"2018-06-29T15:10:29","date_gmt":"2018-06-29T12:10:29","guid":{"rendered":"https:\/\/www.barefoot-baltics.ee\/product\/veganiskas-balnas-sajenas-dirbtine-oda\/"},"modified":"2020-02-20T11:21:26","modified_gmt":"2020-02-20T09:21:26","slug":"veganiskas-balnas-sajenas-dirbtine-oda","status":"publish","type":"product","link":"https:\/\/www.barefoot-baltics.ee\/lt\/produktas\/veganiskas-balnas-sajenas-dirbtine-oda\/","title":{"rendered":"Vegani\u0161kas balnas \u201c\u0160ajenas\u201d (dirbtin\u0117 oda)"},"content":{"rendered":"<p>\u201e\u0160ajenas\u201c, kaip vegani\u0161kas balnas yra pagamintas tik i\u0161 negyv\u016bnin\u0117s kilm\u0117s produkt\u0173. Net pavar\u017eos dir\u017eai pagaminti i\u0161 sintetin\u0117s med\u017eiagos. Kitaip, \u0161is balnas identi\u0161kas dirbtin\u0117s odos balnui \u201c\u0160ajenas\u201d. Barefoot dirbtin\u0117 oda vadinama DryTex ir turi ne\u017eymiai gr\u016bd\u0117t\u0105 strukt\u016br\u0105. \u0160i med\u017eiaga yra labai lengva ir gali b\u016bti i\u0161valyta su dr\u0117gna kempine.<\/p>\n<p>\u201c\u0160ajenas\u201d yra ypatingai m\u0117giamas raiteli\u0173, kurie nori kuo laisvesnio s\u0117d\u0117jimo, nes jame n\u0117ra kelio pagalv\u0117li\u0173, kurios apribot\u0173 kojos jud\u0117jim\u0105.. \u201c\u0160ajenas\u201d d\u0117l savo mink\u0161tumo gerai prisitaiko prie \u017eirgo nugaros. Balno apa\u010dia pagaminta i\u0161 storos, prie balno deran\u010dios spalvos vilnos. Yra 6 D formos \u017eiedai j\u016bs\u0173 kelion\u0117s\/ jojimo daiktams prisegti. Stiklo pluo\u0161to balno lankelis (vidutinio dyd\u017eio lankelis yra komplektacijoje) gali b\u016bti pakeistas kaip ir kituose Barefoot balnuose.<\/p>\n<p>Pagrindin\u0117s funkcijos:<\/p>\n<ul>\n<li>Lankstus visomis kryptimis<\/li>\n<li>Nespaud\u017eia nugaros, tod\u0117l vir\u0161utin\u0117 linija gali gerai vystytis<\/li>\n<li>VPS sistema ir perkeliamos kilp\u0173 sagtys<\/li>\n<li>\u012eperkamas ir lengvai pri\u017ei\u016brimas<\/li>\n<li>Svoris tik 4 kg<\/li>\n<\/ul>\n<p>Su \u0161iuo vegani\u0161ku balnu mes rekomenduojame naudoti atitinkamus dirbtin\u0117s odos kilpdir\u017eius, nes tikros odos dir\u017e\u0173 kra\u0161tai gadina dirbtin\u0119 od\u0105. Mes rekomenduojame naudoti m\u016bs\u0173 DryTex balnus kaip atsarginius arba pradedantiesiems. Jei balnas naudojamas pastoviai, manome, kad verta pasirinkti odin\u012f baln\u0105. \u017dinoma, jei j\u016bs nenorite naudoti gyv\u016bnin\u0117s kilm\u0117s produkt\u0173, j\u016bs\u0173 pasirinkimas bus kitoks.<\/p>\n<p>Vegani\u0161kas \u201c\u0160ajenas\u201d yra tik juodos spalvos<\/p>\n","protected":false},"excerpt":{"rendered":"<ul>\n<li>Universalus balno modelis, kuriame n\u0117ra joki\u0173 gyv\u016bnin\u0117s kilm\u0117s produkt\u0173<\/li>\n<li>Labai lengvas, sveria tik 4 kg<\/li>\n<li>Artimas kontaktas su \u017eirgu ir patogus balnas<\/li>\n<li>Keli\u0173 blokeliai nevar\u017eo kojos judesi\u0173<\/li>\n<\/ul>\n","protected":false},"featured_media":2341,"template":"","meta":[],"product_brand":[],"product_cat":[1844],"product_tag":[1861,1892,1908],"class_list":{"0":"post-5956","1":"product","2":"type-product","3":"status-publish","4":"has-post-thumbnail","6":"product_cat-beremiai-balnai","7":"product_tag-dirbtine-oda","8":"product_tag-lengvas","9":"product_tag-universalus-lt","10":"product_shipping_class-kurjeriu-pristatymas","11":"pa_size-1-lt","12":"pa_size-2-lt","14":"first","15":"onbackorder","16":"shipping-taxable","17":"purchasable","18":"product-type-variable"},"_links":{"self":[{"href":"https:\/\/www.barefoot-baltics.ee\/lt\/wp-json\/wp\/v2\/product\/5956","targetHints":{"allow":["GET"]}}],"collection":[{"href":"https:\/\/www.barefoot-baltics.ee\/lt\/wp-json\/wp\/v2\/product"}],"about":[{"href":"https:\/\/www.barefoot-baltics.ee\/lt\/wp-json\/wp\/v2\/types\/product"}],"wp:featuredmedia":[{"embeddable":true,"href":"https:\/\/www.barefoot-baltics.ee\/lt\/wp-json\/wp\/v2\/media\/2341"}],"wp:attachment":[{"href":"https:\/\/www.barefoot-baltics.ee\/lt\/wp-json\/wp\/v2\/media?parent=5956"}],"wp:term":[{"taxonomy":"product_brand","embeddable":true,"href":"https:\/\/www.barefoot-baltics.ee\/lt\/wp-json\/wp\/v2\/product_brand?post=5956"},{"taxonomy":"product_cat","embeddable":true,"href":"https:\/\/www.barefoot-baltics.ee\/lt\/wp-json\/wp\/v2\/product_cat?post=5956"},{"taxonomy":"product_tag","embeddable":true,"href":"https:\/\/www.barefoot-baltics.ee\/lt\/wp-json\/wp\/v2\/product_tag?post=5956"}],"curies":[{"name":"wp","href":"https:\/\/api.w.org\/{rel}","templated":true}]}}