{"id":5946,"date":"2018-06-29T13:04:14","date_gmt":"2018-06-29T10:04:14","guid":{"rendered":"https:\/\/www.barefoot-baltics.ee\/product\/universalus-balnas-sajenas-dirbtine-oda\/"},"modified":"2019-10-02T09:45:32","modified_gmt":"2019-10-02T06:45:32","slug":"universalus-balnas-sajenas-dirbtine-oda","status":"publish","type":"product","link":"https:\/\/www.barefoot-baltics.ee\/lt\/produktas\/universalus-balnas-sajenas-dirbtine-oda\/","title":{"rendered":"Universalus balnas \u201c\u0160ajenas\u201d (dirbtin\u0117 oda)"},"content":{"rendered":"<p>Tai m\u016bs\u0173 populiariausias balnas\u2013 \u201c\u0160ajenas\u201d \u2013 pagamintas i\u0161 vandeniui atsparios Barefoot dirbtin\u0117s odos, vadinamos DryTex, kuri turi ne\u017eymiai gr\u016bd\u0117tos tekst\u016bros pavir\u0161i\u0173. \u0160i med\u017eiaga yra labai lengva ir gali b\u016bti i\u0161valyta tiesiog su dr\u0117gna kempine. \u201c\u0160ajenas\u201d yra ypatingai pam\u0117gtas raiteli\u0173, kurie nori laisvesn\u0117s balno s\u0117dyn\u0117s, nes keli\u0173 pagalv\u0117l\u0117s nevar\u017eo kojos judesi\u0173. <\/p>\n<p>\u201c\u0160ajenas\u201d gerai prisitaiko prie \u017eirgo nugaros, nes yra gan mink\u0161tas. Balno apa\u010dia pagaminta i\u0161 deran\u010dios spalvos storos vilnos. 6 D formos \u017eiedai leis jums prisisegti j\u016bs\u0173 kelion\u0117s\/jojimo b\u016btinybes. Stiklo pluo\u0161to balno lankelis (rinkinyje yra vidutinio dyd\u017eio lankelis) gali b\u016bti pakeistas kaip ir kituose Barefoot balnuose.<\/p>\n<p>Pagrindin\u0117s funkcijos:<\/p>\n<ul>\n<li>Lankstus visomis kryptimis<\/li>\n<li>Nespaud\u017eia nugaros, tod\u0117l vir\u0161utin\u0117 linija gali gerai vystytis<\/li>\n<li>VPS sistema ir perkeliamos kilp\u0173 sagtys<\/li>\n<li>\u012eperkamas ir lengvai pri\u017ei\u016brimas<\/li>\n<li>Svoris tik 4 kg<\/li>\n<\/ul>\n<p>Mes rekomenduojame naudoti atitinkamus dirbtin\u0117s odos kilpdir\u017eius su \u0161iuo balnu, nes tikros odos dir\u017eeli\u0173 kra\u0161tai gadina dirbtin\u0119 od\u0105. Trumpai tariant, mes rekomenduojame savo DryTex balnus naudoti kaip atsarginius arba pradedantiesiems. Jei baln\u0105 naudojat pastoviai vert\u0117t\u0173 pirkti odin\u012f variant\u0105.<\/p>\n","protected":false},"excerpt":{"rendered":"<p>Tai m\u016bs\u0173 populiariausias balnas\u2013 \u201c\u0160ajenas\u201d \u2013 pagamintas i\u0161 vandeniui atsparios Barefoot dirbtin\u0117s odos, vadinamos DryTex, kuri turi ne\u017eymiai gr\u016bd\u0117tos tekst\u016bros pavir\u0161i\u0173. \u0160i med\u017eiaga yra labai lengva ir gali b\u016bti i\u0161valyta tiesiog su dr\u0117gna kempine. \u201c\u0160ajenas\u201d yra ypatingai pam\u0117gtas raiteli\u0173, kurie nori laisvesn\u0117s balno s\u0117dyn\u0117s, nes keli\u0173 pagalv\u0117l\u0117s nevar\u017eo kojos judesi\u0173. \u201c\u0160ajenas\u201d gerai prisitaiko prie \u017eirgo [&hellip;]<\/p>\n","protected":false},"featured_media":2357,"template":"","meta":[],"product_brand":[],"product_cat":[1844],"product_tag":[1861,1892,1908],"class_list":{"0":"post-5946","1":"product","2":"type-product","3":"status-publish","4":"has-post-thumbnail","6":"product_cat-beremiai-balnai","7":"product_tag-dirbtine-oda","8":"product_tag-lengvas","9":"product_tag-universalus-lt","10":"product_shipping_class-kurjeriu-pristatymas","11":"pa_colour-juoda","12":"pa_colour-ruda","13":"pa_size-0-lt","14":"pa_size-1-lt","15":"pa_size-2-lt","17":"first","18":"onbackorder","19":"shipping-taxable","20":"purchasable","21":"product-type-variable"},"_links":{"self":[{"href":"https:\/\/www.barefoot-baltics.ee\/lt\/wp-json\/wp\/v2\/product\/5946","targetHints":{"allow":["GET"]}}],"collection":[{"href":"https:\/\/www.barefoot-baltics.ee\/lt\/wp-json\/wp\/v2\/product"}],"about":[{"href":"https:\/\/www.barefoot-baltics.ee\/lt\/wp-json\/wp\/v2\/types\/product"}],"wp:featuredmedia":[{"embeddable":true,"href":"https:\/\/www.barefoot-baltics.ee\/lt\/wp-json\/wp\/v2\/media\/2357"}],"wp:attachment":[{"href":"https:\/\/www.barefoot-baltics.ee\/lt\/wp-json\/wp\/v2\/media?parent=5946"}],"wp:term":[{"taxonomy":"product_brand","embeddable":true,"href":"https:\/\/www.barefoot-baltics.ee\/lt\/wp-json\/wp\/v2\/product_brand?post=5946"},{"taxonomy":"product_cat","embeddable":true,"href":"https:\/\/www.barefoot-baltics.ee\/lt\/wp-json\/wp\/v2\/product_cat?post=5946"},{"taxonomy":"product_tag","embeddable":true,"href":"https:\/\/www.barefoot-baltics.ee\/lt\/wp-json\/wp\/v2\/product_tag?post=5946"}],"curies":[{"name":"wp","href":"https:\/\/api.w.org\/{rel}","templated":true}]}}