{"id":5940,"date":"2018-06-27T07:38:49","date_gmt":"2018-06-27T04:38:49","guid":{"rendered":"https:\/\/www.barefoot-baltics.ee\/product\/universalus-balnas-sajenas-vaikams-dirbtine-oda\/"},"modified":"2021-07-13T23:24:59","modified_gmt":"2021-07-13T20:24:59","slug":"universalus-balnas-sajenas-vaikams-dirbtine-oda","status":"publish","type":"product","link":"https:\/\/www.barefoot-baltics.ee\/lt\/produktas\/universalus-balnas-sajenas-vaikams-dirbtine-oda\/","title":{"rendered":"Universalus balnas \u201c\u0160ajenas\u201d vaikams (dirbtin\u0117 oda)"},"content":{"rendered":"<p>Tai dirbtin\u0117s odos balnas vaikams, kurie yra 140 cm \u016bgio ir \u017eemesni. Balno med\u017eiaga yra atspari vandeniui ir turi ne\u017eymiai gr\u016bd\u0117t\u0105 pavir\u0161i\u0173. Labai lengvas ir gali b\u016bti valomas tiesiog su dr\u0117gna kempine.<\/p>\n<p>\u201c\u0160ajenas\u201d yra m\u016bs\u0173 populiariausias modelis ir ypatingai pam\u0117gtas tarp raiteli\u0173, kurie nori tur\u0117ti laisv\u0105 balno s\u0117dyn\u0119. Balnas gerai prisitaiko prie \u017eirgo nugaros formos ir raitelio kojos gali lengvai si\u016bbuoti; nes nevar\u017eomos keli\u0173 blokeli\u0173.<\/p>\n<p>Apa\u010dia pagaminta i\u0161 storos vilnos ir jos spalva dera prie balno. Yra nailono apdaila ir 6 D formos \u017eiedai pritvirtinti j\u016bs\u0173 kelioni\u0173\/jojimo b\u016btinyb\u0117ms. Stiklo pluo\u0161to balno lankelis (\u012f rinkin\u012f \u012feina platus lankelis) gali b\u016bti pakeistas \u012f ma\u017e\u0105, mink\u0161t\u0105 balno lankel\u012f. <\/p>\n<p>Pagrindin\u0117s funkcijos:<\/p>\n<ul>\n<li>Lankstus visomis kryptimis<\/li>\n<li>Nespaud\u017eia nugaros, tod\u0117l vir\u0161utin\u0117 linija gali gerai vystytis<\/li>\n<li>VPS sistema ir perkeliamos kilp\u0173 sagtys<\/li>\n<li>\u012eperkamas ir lengvai pri\u017ei\u016brimas<\/li>\n<li>Svoris tik 3 kg<\/li>\n<\/ul>\n<p>Mes rekomenduojame naudoti dirbtin\u0117s odos kilpdir\u017eius su \u0161iuo balnu vaikams, nes tikros odos kra\u0161tai gali sugadinti med\u017eiag\u0105. Taip pat j\u016bs galite naudoti m\u016bs\u0173 kilpdir\u017ei\u0173 pamink\u0161tinimus balno pavir\u0161iui apsaugoti.<\/p>\n","protected":false},"excerpt":{"rendered":"<ul>\n<li>Vaiki\u0161kas balnas, pagamintas i\u0161 dirbtin\u0117s odos<\/li>\n<li>Labai lengvas\u2013 tik 3 kg!<\/li>\n<li>Artimas kontaktas su \u017eirgu<\/li>\n<li>Patogi ir nevar\u017eanti s\u0117dyn\u0117<\/li>\n<\/ul>\n","protected":false},"featured_media":2377,"template":"","meta":[],"product_brand":[],"product_cat":[1844],"product_tag":[1861,1892,1882],"class_list":{"0":"post-5940","1":"product","2":"type-product","3":"status-publish","4":"has-post-thumbnail","6":"product_cat-beremiai-balnai","7":"product_tag-dirbtine-oda","8":"product_tag-lengvas","9":"product_tag-vaikams","10":"product_shipping_class-siuntu-stotis","11":"pa_colour-juoda","12":"pa_colour-juoda-ruda","13":"pa_colour-juoda-sviesiai-melyna","14":"pa_colour-ruda","15":"pa_colour-ruda-rozine","17":"first","18":"onbackorder","19":"shipping-taxable","20":"purchasable","21":"product-type-variable"},"_links":{"self":[{"href":"https:\/\/www.barefoot-baltics.ee\/lt\/wp-json\/wp\/v2\/product\/5940","targetHints":{"allow":["GET"]}}],"collection":[{"href":"https:\/\/www.barefoot-baltics.ee\/lt\/wp-json\/wp\/v2\/product"}],"about":[{"href":"https:\/\/www.barefoot-baltics.ee\/lt\/wp-json\/wp\/v2\/types\/product"}],"wp:featuredmedia":[{"embeddable":true,"href":"https:\/\/www.barefoot-baltics.ee\/lt\/wp-json\/wp\/v2\/media\/2377"}],"wp:attachment":[{"href":"https:\/\/www.barefoot-baltics.ee\/lt\/wp-json\/wp\/v2\/media?parent=5940"}],"wp:term":[{"taxonomy":"product_brand","embeddable":true,"href":"https:\/\/www.barefoot-baltics.ee\/lt\/wp-json\/wp\/v2\/product_brand?post=5940"},{"taxonomy":"product_cat","embeddable":true,"href":"https:\/\/www.barefoot-baltics.ee\/lt\/wp-json\/wp\/v2\/product_cat?post=5940"},{"taxonomy":"product_tag","embeddable":true,"href":"https:\/\/www.barefoot-baltics.ee\/lt\/wp-json\/wp\/v2\/product_tag?post=5940"}],"curies":[{"name":"wp","href":"https:\/\/api.w.org\/{rel}","templated":true}]}}