{"id":6842,"date":"2019-03-13T09:40:37","date_gmt":"2019-03-13T07:40:37","guid":{"rendered":"https:\/\/www.barefoot-baltics.ee\/kaip-suristi-pavadi-mekatai-prie-bosal-tipo-kapsules\/"},"modified":"2019-09-12T15:04:55","modified_gmt":"2019-09-12T12:04:55","slug":"kaip-suristi-pavadi-mekatai-prie-bosal-tipo-kapsules","status":"publish","type":"page","link":"https:\/\/www.barefoot-baltics.ee\/lt\/zinok-kaip\/kaip-suristi-pavadi-mekatai-prie-bosal-tipo-kapsules\/","title":{"rendered":"Kaip suri\u0161ti pavad\u012f mekatai prie bosal tipo kapsul\u0117s?"},"content":{"rendered":"\n<p>\u0160tai kaip priri\u0161amas pavadys mekatai prie bosal tipo kapsul\u0117s. Toliau pateiktos raid\u0117s \u017eymi:<\/p>\n\n<ul class=\"wp-block-list\"><li>A \u2013 j\u016bs\u0173 pavad\u017eiai<\/li><li>B \u2013 kutas<\/li><li>C \u2013 j\u016bs\u0173 vedimo virv\u0117<\/li><\/ul>\n<p>Kai baigsite ri\u0161ti, nustumkite mazg\u0105 \u017eemyn.<\/p>\n\n<div class=\"wp-block-image\"><figure class=\"aligncenter is-resized\"><a href=\"https:\/\/www.barefoot-baltics.ee\/wp-content\/uploads\/2019\/03\/mecate-reins.png\"><img loading=\"lazy\" decoding=\"async\" src=\"https:\/\/www.barefoot-baltics.ee\/wp-content\/uploads\/2019\/03\/mecate-reins.png\" alt=\"mecate reins\" class=\"wp-image-2106\" width=\"613\" height=\"678\" srcset=\"https:\/\/www.barefoot-baltics.ee\/wp-content\/uploads\/2019\/03\/mecate-reins.png 817w, https:\/\/www.barefoot-baltics.ee\/wp-content\/uploads\/2019\/03\/mecate-reins-416x460.png 416w, https:\/\/www.barefoot-baltics.ee\/wp-content\/uploads\/2019\/03\/mecate-reins-271x300.png 271w, https:\/\/www.barefoot-baltics.ee\/wp-content\/uploads\/2019\/03\/mecate-reins-768x850.png 768w, https:\/\/www.barefoot-baltics.ee\/wp-content\/uploads\/2019\/03\/mecate-reins-600x664.png 600w\" sizes=\"auto, (max-width: 613px) 100vw, 613px\" \/><\/a><\/figure><\/div>\n\n<p>Dabar j\u016bs \u017einote!<\/p>\n","protected":false},"excerpt":{"rendered":"<p>\u0160tai kaip priri\u0161amas pavadys mekatai prie bosal tipo kapsul\u0117s. Toliau pateiktos raid\u0117s \u017eymi: A \u2013 j\u016bs\u0173 pavad\u017eiai B \u2013 kutas C \u2013 j\u016bs\u0173 vedimo virv\u0117 Kai baigsite ri\u0161ti, nustumkite mazg\u0105 \u017eemyn. Dabar j\u016bs \u017einote!<\/p>\n","protected":false},"author":1,"featured_media":0,"parent":6846,"menu_order":0,"comment_status":"closed","ping_status":"closed","template":"","meta":{"footnotes":""},"class_list":["post-6842","page","type-page","status-publish","hentry"],"_links":{"self":[{"href":"https:\/\/www.barefoot-baltics.ee\/lt\/wp-json\/wp\/v2\/pages\/6842","targetHints":{"allow":["GET"]}}],"collection":[{"href":"https:\/\/www.barefoot-baltics.ee\/lt\/wp-json\/wp\/v2\/pages"}],"about":[{"href":"https:\/\/www.barefoot-baltics.ee\/lt\/wp-json\/wp\/v2\/types\/page"}],"author":[{"embeddable":true,"href":"https:\/\/www.barefoot-baltics.ee\/lt\/wp-json\/wp\/v2\/users\/1"}],"replies":[{"embeddable":true,"href":"https:\/\/www.barefoot-baltics.ee\/lt\/wp-json\/wp\/v2\/comments?post=6842"}],"version-history":[{"count":1,"href":"https:\/\/www.barefoot-baltics.ee\/lt\/wp-json\/wp\/v2\/pages\/6842\/revisions"}],"predecessor-version":[{"id":6843,"href":"https:\/\/www.barefoot-baltics.ee\/lt\/wp-json\/wp\/v2\/pages\/6842\/revisions\/6843"}],"up":[{"embeddable":true,"href":"https:\/\/www.barefoot-baltics.ee\/lt\/wp-json\/wp\/v2\/pages\/6846"}],"wp:attachment":[{"href":"https:\/\/www.barefoot-baltics.ee\/lt\/wp-json\/wp\/v2\/media?parent=6842"}],"curies":[{"name":"wp","href":"https:\/\/api.w.org\/{rel}","templated":true}]}}