{"id":6840,"date":"2019-03-13T09:07:19","date_gmt":"2019-03-13T07:07:19","guid":{"rendered":"https:\/\/www.barefoot-baltics.ee\/kaip-suristi-virvelini-kantara\/"},"modified":"2019-09-12T15:02:32","modified_gmt":"2019-09-12T12:02:32","slug":"kaip-suristi-virvelini-kantara","status":"publish","type":"page","link":"https:\/\/www.barefoot-baltics.ee\/lt\/zinok-kaip\/kaip-suristi-virvelini-kantara\/","title":{"rendered":"Kaip suri\u0161ti virvelin\u012f kantar\u0105?"},"content":{"rendered":"\n<p>Yra du pagrindiniai, m\u016bs\u0173 rekomenduojami b\u016bdai virveliniui kantarui suri\u0161ti. Mes kalbame apie \u0161\u012f suri\u0161im\u0105. <\/p>\n\n<div class=\"wp-block-image\"><figure class=\"aligncenter is-resized\"><img loading=\"lazy\" decoding=\"async\" src=\"https:\/\/www.barefoot-baltics.ee\/wp-content\/uploads\/2019\/03\/tie-a-rope-halter-3.png\" alt=\"suri&#x161;ti virvelin&#x12F; kantar&#x105;\" class=\"wp-image-2097\" width=\"205\" height=\"220\" srcset=\"https:\/\/www.barefoot-baltics.ee\/wp-content\/uploads\/2019\/03\/tie-a-rope-halter-3.png 410w, https:\/\/www.barefoot-baltics.ee\/wp-content\/uploads\/2019\/03\/tie-a-rope-halter-3-280x300.png 280w\" sizes=\"auto, (max-width: 205px) 100vw, 205px\" \/><figcaption>Virvelinio kantaro suri\u0161imas<\/figcaption><\/figure><\/div>\n\n<p>Pirmasis suri\u0161imo b\u016bdas yra \u0161is.<\/p>\n\n<div class=\"wp-block-image\"><figure class=\"aligncenter is-resized\"><a href=\"https:\/\/www.barefoot-baltics.ee\/wp-content\/uploads\/2019\/03\/tie-a-rope-halter-1.png\"><img loading=\"lazy\" decoding=\"async\" src=\"https:\/\/www.barefoot-baltics.ee\/wp-content\/uploads\/2019\/03\/tie-a-rope-halter-1-1024x376.png\" alt=\"tie a rope halter\" class=\"wp-image-2099\" width=\"512\" height=\"188\" srcset=\"https:\/\/www.barefoot-baltics.ee\/wp-content\/uploads\/2019\/03\/tie-a-rope-halter-1-1024x376.png 1024w, https:\/\/www.barefoot-baltics.ee\/wp-content\/uploads\/2019\/03\/tie-a-rope-halter-1-416x153.png 416w, https:\/\/www.barefoot-baltics.ee\/wp-content\/uploads\/2019\/03\/tie-a-rope-halter-1-300x110.png 300w, https:\/\/www.barefoot-baltics.ee\/wp-content\/uploads\/2019\/03\/tie-a-rope-halter-1-768x282.png 768w, https:\/\/www.barefoot-baltics.ee\/wp-content\/uploads\/2019\/03\/tie-a-rope-halter-1-600x220.png 600w, https:\/\/www.barefoot-baltics.ee\/wp-content\/uploads\/2019\/03\/tie-a-rope-halter-1.png 1317w\" sizes=\"auto, (max-width: 512px) 100vw, 512px\" \/><\/a><figcaption>Vienas virvelinio kantaro suri\u0161imo b\u016bdas<\/figcaption><\/figure><\/div>\n\n<p>Antrasis b\u016bdas yra \u0161is.<\/p>\n\n<div class=\"wp-block-image\"><figure class=\"aligncenter is-resized\"><a href=\"https:\/\/www.barefoot-baltics.ee\/wp-content\/uploads\/2019\/03\/tie-a-rope-halter-2.png\"><img loading=\"lazy\" decoding=\"async\" src=\"https:\/\/www.barefoot-baltics.ee\/wp-content\/uploads\/2019\/03\/tie-a-rope-halter-2-1024x377.png\" alt=\"tie a rope halter\" class=\"wp-image-2098\" width=\"512\" height=\"189\" srcset=\"https:\/\/www.barefoot-baltics.ee\/wp-content\/uploads\/2019\/03\/tie-a-rope-halter-2-1024x377.png 1024w, https:\/\/www.barefoot-baltics.ee\/wp-content\/uploads\/2019\/03\/tie-a-rope-halter-2-416x153.png 416w, https:\/\/www.barefoot-baltics.ee\/wp-content\/uploads\/2019\/03\/tie-a-rope-halter-2-300x111.png 300w, https:\/\/www.barefoot-baltics.ee\/wp-content\/uploads\/2019\/03\/tie-a-rope-halter-2-768x283.png 768w, https:\/\/www.barefoot-baltics.ee\/wp-content\/uploads\/2019\/03\/tie-a-rope-halter-2-600x221.png 600w, https:\/\/www.barefoot-baltics.ee\/wp-content\/uploads\/2019\/03\/tie-a-rope-halter-2.png 1316w\" sizes=\"auto, (max-width: 512px) 100vw, 512px\" \/><\/a><figcaption>Kitas virvelinio kantaro suri\u0161imo b\u016bdas<\/figcaption><\/figure><\/div>\n\n<p>Bet kokiu atveju, mes stipriai rekomenduojame naudoti greito atsegimo karabin\u0105 ri\u0161ant \u017eirg\u0105. Jis gali i\u0161saugoti jo gyvyb\u0119!<\/p>\n\n<p>Dabar j\u016bs \u017einote!<\/p>\n","protected":false},"excerpt":{"rendered":"<p>Yra du pagrindiniai, m\u016bs\u0173 rekomenduojami b\u016bdai virveliniui kantarui suri\u0161ti. Mes kalbame apie \u0161\u012f suri\u0161im\u0105. Pirmasis suri\u0161imo b\u016bdas yra \u0161is. Antrasis b\u016bdas yra \u0161is. Bet kokiu atveju, mes stipriai rekomenduojame naudoti greito atsegimo karabin\u0105 ri\u0161ant \u017eirg\u0105. Jis gali i\u0161saugoti jo gyvyb\u0119! Dabar j\u016bs \u017einote!<\/p>\n","protected":false},"author":1,"featured_media":0,"parent":6846,"menu_order":0,"comment_status":"closed","ping_status":"closed","template":"","meta":{"footnotes":""},"class_list":["post-6840","page","type-page","status-publish","hentry"],"_links":{"self":[{"href":"https:\/\/www.barefoot-baltics.ee\/lt\/wp-json\/wp\/v2\/pages\/6840","targetHints":{"allow":["GET"]}}],"collection":[{"href":"https:\/\/www.barefoot-baltics.ee\/lt\/wp-json\/wp\/v2\/pages"}],"about":[{"href":"https:\/\/www.barefoot-baltics.ee\/lt\/wp-json\/wp\/v2\/types\/page"}],"author":[{"embeddable":true,"href":"https:\/\/www.barefoot-baltics.ee\/lt\/wp-json\/wp\/v2\/users\/1"}],"replies":[{"embeddable":true,"href":"https:\/\/www.barefoot-baltics.ee\/lt\/wp-json\/wp\/v2\/comments?post=6840"}],"version-history":[{"count":1,"href":"https:\/\/www.barefoot-baltics.ee\/lt\/wp-json\/wp\/v2\/pages\/6840\/revisions"}],"predecessor-version":[{"id":6841,"href":"https:\/\/www.barefoot-baltics.ee\/lt\/wp-json\/wp\/v2\/pages\/6840\/revisions\/6841"}],"up":[{"embeddable":true,"href":"https:\/\/www.barefoot-baltics.ee\/lt\/wp-json\/wp\/v2\/pages\/6846"}],"wp:attachment":[{"href":"https:\/\/www.barefoot-baltics.ee\/lt\/wp-json\/wp\/v2\/media?parent=6840"}],"curies":[{"name":"wp","href":"https:\/\/api.w.org\/{rel}","templated":true}]}}