{"id":6836,"date":"2018-09-27T09:17:45","date_gmt":"2018-09-27T06:17:45","guid":{"rendered":"https:\/\/www.barefoot-baltics.ee\/kaip-reguliuoti-pobalni-su-uzpildais\/"},"modified":"2019-09-09T14:16:41","modified_gmt":"2019-09-09T11:16:41","slug":"kaip-reguliuoti-pobalni-su-uzpildais","status":"publish","type":"page","link":"https:\/\/www.barefoot-baltics.ee\/lt\/zinok-kaip\/kaip-reguliuoti-pobalni-su-uzpildais\/","title":{"rendered":"Kaip reguliuoti pobaln\u012f su u\u017epildais?"},"content":{"rendered":"<p>Balnas visada turi lygiai gul\u0117ti ant \u017eirgo nugaros.<\/p>\n<ul>\n<li>Pirma, jis turi gul\u0117ti horizontaliai taip, jog lankelis ir s\u0117dyn\u0117s nugar\u0117l\u0117 b\u016bt\u0173 tame pa\u010diame auk\u0161tyje,<\/li>\n<li>Antra, pavar\u017eos dir\u017eai tur\u0117t\u0173 eiti lygiai vertikaliai, jog balnas b\u016bt\u0173 truputi toliau ant \u017eirgo nugaros, kaip ir turi b\u016bti su Barefoot balnais.<\/li>\n<\/ul>\n<p>Jei j\u016bs u\u017ed\u0117jote baln\u0105 teisingoje vietoje ant \u017eirgo nugaros ir lankelis su s\u0117dyn\u0117s nugar\u0117le nesusilygina, j\u016bs galite tai sureguliuoti pridedant u\u017epild\u0173 \u012f pobaln\u012f. \u0160tai kaip tai daroma.<\/p>\n<p>Pirma, jums reiks nuspr\u0119sti ar jums reikia papildom\u0173 u\u017epild\u0173 priekyje, viduryje ar gale. <\/p>\n<p>J\u016bs tur\u0117tum\u0117te prid\u0117ti u\u017epild\u0173 priekyje, kai:<\/p>\n<ul>\n<li>Balnas gri\u016bna priekyje,<\/li>\n<li>Balnas  \u201cslysta ant kaklo\u201d,<\/li>\n<li>Raitelis jau\u010diasi past\u016bm\u0117tas \u012f priek\u012f,<\/li>\n<li>\u017dirgas yra auk\u0161to pasturgalio.<\/li>\n<\/ul>\n<p>J\u016bs tur\u0117tum\u0117te prid\u0117ti u\u017epild\u0173 viduryje, kai:<\/p>\n<ul>\n<li>\u017dirgas turi ry\u0161kiai i\u0161linkusi\u0105 nugar\u0105.<\/li>\n<\/ul>\n<p>J\u016bs tur\u0117tum\u0117te prid\u0117ti u\u017epild\u0173 gale, kai:<\/p>\n<ul>\n<li>Balnas slysta atgal,<\/li>\n<li>Raitelis jau\u010diasi past\u016bm\u0117tas atgal,<\/li>\n<li>\u017dirgas turi raumeningus pe\u010dius,<\/li>\n<li>\u017dirgas turi labai ilg\u0105 nugar\u0105.<\/li>\n<\/ul>\n<p>Kai nuspr\u0119site kur reikia papildom\u0173 u\u017epild\u0173, jums reiks i\u0161sikarpyti atitinkamas formas \u017eirkl\u0117mis. J\u016bs tur\u0117tum\u0117te kirpti <strong>45 laipsni\u0173<\/strong> kampu, nes tai padarys mink\u0161tesn\u012f per\u0117jim\u0105 j\u016bs\u0173 \u017eirgui, nuo u\u017epildytos vietos iki vietos be papildom\u0173 u\u017epild\u0173.<\/p>\n\n<div class=\"wp-block-image\"><figure class=\"aligncenter\"><img loading=\"lazy\" decoding=\"async\" width=\"213\" height=\"155\" src=\"https:\/\/www.barefoot-baltics.ee\/wp-content\/uploads\/2019\/03\/cut-inlay.png\" alt=\"\" class=\"wp-image-2004\"><figcaption>Pjaustymas guminiu u\u017epildai<\/figcaption><\/figure><\/div>\n\n<p>M\u016bs\u0173 pobalnis \u201cSpecialus\u201d yra su poliuretano put\u0173 u\u017epildais. M\u016bs\u0173 pobalnis \u201cFizio\u201d yra su poliuretano put\u0173 ir gumos u\u017epildais. <\/p>\n\n<p>Da\u017eniausias b\u016bdas pobalniams reguliuoti yra gumos i\u0161kirpimas \u012f dvi ar tris dalis ir j\u0173 \u012fd\u0117jimas \u012f pobaln\u012f ant mink\u0161tesni\u0173, poliuretano u\u017epild\u0173, kurie tur\u0117t\u0173 u\u017edengti vis\u0105 pobalnio ilg\u012f.<\/p>\n\n<figure class=\"wp-block-image\"><img loading=\"lazy\" decoding=\"async\" width=\"654\" height=\"168\" src=\"https:\/\/www.barefoot-baltics.ee\/wp-content\/uploads\/2019\/03\/filling.png\" alt=\"\" class=\"wp-image-2012\" srcset=\"https:\/\/www.barefoot-baltics.ee\/wp-content\/uploads\/2019\/03\/filling.png 654w, https:\/\/www.barefoot-baltics.ee\/wp-content\/uploads\/2019\/03\/filling-416x107.png 416w, https:\/\/www.barefoot-baltics.ee\/wp-content\/uploads\/2019\/03\/filling-300x77.png 300w, https:\/\/www.barefoot-baltics.ee\/wp-content\/uploads\/2019\/03\/filling-600x154.png 600w\" sizes=\"auto, (max-width: 654px) 100vw, 654px\" \/><\/figure>\n<p>\u0160tai kaip viskas atrodo praktikoje:<\/p>\n\n<figure class=\"wp-block-image\"><img loading=\"lazy\" decoding=\"async\" width=\"699\" height=\"340\" src=\"https:\/\/www.barefoot-baltics.ee\/wp-content\/uploads\/2019\/03\/filling-1.png\" alt=\"\" class=\"wp-image-2016\" srcset=\"https:\/\/www.barefoot-baltics.ee\/wp-content\/uploads\/2019\/03\/filling-1.png 699w, https:\/\/www.barefoot-baltics.ee\/wp-content\/uploads\/2019\/03\/filling-1-416x202.png 416w, https:\/\/www.barefoot-baltics.ee\/wp-content\/uploads\/2019\/03\/filling-1-300x146.png 300w, https:\/\/www.barefoot-baltics.ee\/wp-content\/uploads\/2019\/03\/filling-1-600x292.png 600w\" sizes=\"auto, (max-width: 699px) 100vw, 699px\" \/><\/figure>\n<p>\u0160tai dabar!<\/p>\n","protected":false},"excerpt":{"rendered":"<p>Balnas visada turi lygiai gul\u0117ti ant \u017eirgo nugaros. Pirma, jis turi gul\u0117ti horizontaliai taip, jog lankelis ir s\u0117dyn\u0117s nugar\u0117l\u0117 b\u016bt\u0173 tame pa\u010diame auk\u0161tyje, Antra, pavar\u017eos dir\u017eai tur\u0117t\u0173 eiti lygiai vertikaliai, jog balnas b\u016bt\u0173 truputi toliau ant \u017eirgo nugaros, kaip ir turi b\u016bti su Barefoot balnais. Jei j\u016bs u\u017ed\u0117jote baln\u0105 teisingoje vietoje ant \u017eirgo nugaros ir [&hellip;]<\/p>\n","protected":false},"author":1,"featured_media":0,"parent":6846,"menu_order":0,"comment_status":"closed","ping_status":"closed","template":"","meta":{"footnotes":""},"class_list":["post-6836","page","type-page","status-publish","hentry"],"_links":{"self":[{"href":"https:\/\/www.barefoot-baltics.ee\/lt\/wp-json\/wp\/v2\/pages\/6836","targetHints":{"allow":["GET"]}}],"collection":[{"href":"https:\/\/www.barefoot-baltics.ee\/lt\/wp-json\/wp\/v2\/pages"}],"about":[{"href":"https:\/\/www.barefoot-baltics.ee\/lt\/wp-json\/wp\/v2\/types\/page"}],"author":[{"embeddable":true,"href":"https:\/\/www.barefoot-baltics.ee\/lt\/wp-json\/wp\/v2\/users\/1"}],"replies":[{"embeddable":true,"href":"https:\/\/www.barefoot-baltics.ee\/lt\/wp-json\/wp\/v2\/comments?post=6836"}],"version-history":[{"count":1,"href":"https:\/\/www.barefoot-baltics.ee\/lt\/wp-json\/wp\/v2\/pages\/6836\/revisions"}],"predecessor-version":[{"id":6837,"href":"https:\/\/www.barefoot-baltics.ee\/lt\/wp-json\/wp\/v2\/pages\/6836\/revisions\/6837"}],"up":[{"embeddable":true,"href":"https:\/\/www.barefoot-baltics.ee\/lt\/wp-json\/wp\/v2\/pages\/6846"}],"wp:attachment":[{"href":"https:\/\/www.barefoot-baltics.ee\/lt\/wp-json\/wp\/v2\/media?parent=6836"}],"curies":[{"name":"wp","href":"https:\/\/api.w.org\/{rel}","templated":true}]}}