{"id":6835,"date":"2018-09-27T09:17:10","date_gmt":"2018-09-27T06:17:10","guid":{"rendered":"https:\/\/www.barefoot-baltics.ee\/kaip-pakeisti-balno-lankeli\/"},"modified":"2019-09-09T13:45:57","modified_gmt":"2019-09-09T10:45:57","slug":"kaip-pakeisti-balno-lankeli","status":"publish","type":"page","link":"https:\/\/www.barefoot-baltics.ee\/lt\/zinok-kaip\/kaip-pakeisti-balno-lankeli\/","title":{"rendered":"Kaip pakeisti balno lankel\u012f?"},"content":{"rendered":"<p>J\u016bs galite pakeisti balno lankel\u012f Barefoot ber\u0117miuose balnuose, jog sureguliuotum\u0117t baln\u0105 skirting\u0173 \u017eirg\u0173 skirtingiems gogams ir, kad balnas gul\u0117t\u0173 tiesiai. Yra keturi skirtingi balno lankeli\u0173 dyd\u017eiai:<\/p>\n<ul>\n<li>\u201cSiauras\u201d (\u0161viesiai gelsva)<\/li>\n<li>\u201cVidutinis\u201d (pilkas)<\/li>\n<li>\u201cPlatus\u201d (raudonas)<\/li>\n<li>\u201cXXL\u201d (m\u0117lynas)<\/li>\n<\/ul>\n<p>M\u016bs\u0173 angli\u0161ki balnai paprastai yra su \u201cvidutinio\u201d dyd\u017eio (pilku) lankeliu, tuo tarpu vesterno balnai paprastai yra su \u201cplataus\u201d dyd\u017eio (raudonu) lankeliu. Jei jums reikia papildom\u0173 lankeli\u0173, galite juos \u012fsigyti m\u016bs\u0173 Parduotuv\u0117je. <\/p>\n<p>Pakeisti balno lankel\u012f yra lengva. Pra\u0161ome pad\u0117ti baln\u0105 ant k\u0117d\u0117s ar suolo atlo\u0161o. Pra\u0161ome ned\u0117ti jo ant plok\u0161\u010dio pavir\u0161iau, kaip grindys. Naujame balne balno lankelio ki\u0161en\u0117 galit b\u016bti kiek kieta ir jums reiks panaudoti kiek j\u0117gos lankeliui i\u0161imti ir pakeisti, bet su laiku, naudojant baln\u0105, tai taps lengviau. <\/p>\n<p><strong>PIRMAS \u017dINGSNIS<\/strong>. Nuimkite balno s\u0117dyn\u0119 ir pastumkite j\u0105 u\u017e lankelio. <\/p>\n<p><a href=\"https:\/\/barefoot-baltics.ee\/wp-content\/uploads\/2018\/09\/change-pommel-1.jpg\"><img loading=\"lazy\" decoding=\"async\" class=\"alignnone size-medium wp-image-725\" src=\"https:\/\/www.barefoot-baltics.ee\/wp-content\/uploads\/2018\/09\/change-pommel-1-300x205.jpg\" alt=\"pakeisti balno lank\u0105\" width=\"300\" height=\"205\" srcset=\"https:\/\/www.barefoot-baltics.ee\/wp-content\/uploads\/2018\/09\/change-pommel-1-300x205.jpg 300w, https:\/\/www.barefoot-baltics.ee\/wp-content\/uploads\/2018\/09\/change-pommel-1-416x285.jpg 416w, https:\/\/www.barefoot-baltics.ee\/wp-content\/uploads\/2018\/09\/change-pommel-1-600x411.jpg 600w, https:\/\/www.barefoot-baltics.ee\/wp-content\/uploads\/2018\/09\/change-pommel-1.jpg 688w\" sizes=\"auto, (max-width: 300px) 100vw, 300px\" \/><\/a><\/p>\n<p><strong>ANTRAS \u017dINGSNIS<\/strong>. Atsekite u\u017etrauktuk\u0105 ir atsargiai atverkite lankelio ki\u0161en\u0119.<\/p>\n<p><a href=\"https:\/\/barefoot-baltics.ee\/wp-content\/uploads\/2018\/09\/change-pommel-2.jpg\"><img loading=\"lazy\" decoding=\"async\" class=\"alignnone size-medium wp-image-724\" src=\"https:\/\/www.barefoot-baltics.ee\/wp-content\/uploads\/2018\/09\/change-pommel-2-300x200.jpg\" alt=\"pakeisti balno lank\u0105\" width=\"300\" height=\"200\" srcset=\"https:\/\/www.barefoot-baltics.ee\/wp-content\/uploads\/2018\/09\/change-pommel-2-300x200.jpg 300w, https:\/\/www.barefoot-baltics.ee\/wp-content\/uploads\/2018\/09\/change-pommel-2-416x278.jpg 416w, https:\/\/www.barefoot-baltics.ee\/wp-content\/uploads\/2018\/09\/change-pommel-2-600x401.jpg 600w, https:\/\/www.barefoot-baltics.ee\/wp-content\/uploads\/2018\/09\/change-pommel-2.jpg 704w\" sizes=\"auto, (max-width: 300px) 100vw, 300px\" \/><\/a><\/p>\n<p><strong>TRE\u010cIAS \u017dINGSNIS<\/strong>. I\u0161traukite lankel\u012f i\u0161 ki\u0161en\u0117s. Pirma i\u0161traukite vien\u0105 pus\u0119, o tada kit\u0105. Tada i\u0161 kitos pus\u0117s ir t.t. Naujuose balnuose jis gali tvirtai gul\u0117ti vietoje, bet galiausiai j\u016bs j\u012f i\u0161trauksite. <\/p>\n<p><a href=\"https:\/\/barefoot-baltics.ee\/wp-content\/uploads\/2018\/09\/change-pommel-3.jpg\"><img loading=\"lazy\" decoding=\"async\" class=\"alignnone size-medium wp-image-723\" src=\"https:\/\/www.barefoot-baltics.ee\/wp-content\/uploads\/2018\/09\/change-pommel-3-300x200.jpg\" alt=\"pakeisti balno lank\u0105\" width=\"300\" height=\"200\" srcset=\"https:\/\/www.barefoot-baltics.ee\/wp-content\/uploads\/2018\/09\/change-pommel-3-300x200.jpg 300w, https:\/\/www.barefoot-baltics.ee\/wp-content\/uploads\/2018\/09\/change-pommel-3-416x277.jpg 416w, https:\/\/www.barefoot-baltics.ee\/wp-content\/uploads\/2018\/09\/change-pommel-3-600x400.jpg 600w, https:\/\/www.barefoot-baltics.ee\/wp-content\/uploads\/2018\/09\/change-pommel-3.jpg 707w\" sizes=\"auto, (max-width: 300px) 100vw, 300px\" \/><\/a><\/p>\n<p>KETVIRTAS \u017dINGSNIS. \u012ed\u0117kite nauj\u0105 lankel\u012f \u012f ki\u0161en\u0119. Geriausia yra pirma \u012fd\u0117ti viena pus\u0119, o tada kit\u0105. Pra\u0161ome atkreipti d\u0117mes\u012f i L (<em>angl. &#8222;left&#8221;<\/em>) ir R (<em>angl. &#8222;right&#8221;<\/em>) raides ant lankelio. Jos parodys, kuri pus\u0117 yra kair\u0117 ir kuri de\u0161in\u0117 i\u0161 raitelio, s\u0117din\u010dio balne, perspektyvos, taigi \u017einosite kuria puse \u012fd\u0117ti lankel\u012f \u012f ki\u0161en\u0119.<\/p>\n<p><a href=\"https:\/\/barefoot-baltics.ee\/wp-content\/uploads\/2018\/09\/change-pommel-4.jpg\"><img loading=\"lazy\" decoding=\"async\" class=\"alignnone size-medium wp-image-722\" src=\"https:\/\/www.barefoot-baltics.ee\/wp-content\/uploads\/2018\/09\/change-pommel-4-300x195.jpg\" alt=\"pakeisti balno lank\u0105\" width=\"300\" height=\"195\" srcset=\"https:\/\/www.barefoot-baltics.ee\/wp-content\/uploads\/2018\/09\/change-pommel-4-300x195.jpg 300w, https:\/\/www.barefoot-baltics.ee\/wp-content\/uploads\/2018\/09\/change-pommel-4-416x271.jpg 416w, https:\/\/www.barefoot-baltics.ee\/wp-content\/uploads\/2018\/09\/change-pommel-4-600x391.jpg 600w, https:\/\/www.barefoot-baltics.ee\/wp-content\/uploads\/2018\/09\/change-pommel-4.jpg 726w\" sizes=\"auto, (max-width: 300px) 100vw, 300px\" \/><\/a><\/p>\n<p><strong>PENKTAS \u017dINGSNIS<\/strong>. \u012estumkite kit\u0105 lankelio gal\u0105 \u012f ki\u0161en\u0119 ir \u012fspauskite vis\u0105 balno lankel\u012f iki ki\u0161en\u0117s dugno.<\/p>\n<p><a href=\"https:\/\/barefoot-baltics.ee\/wp-content\/uploads\/2018\/09\/change-pommel-5.jpg\"><img loading=\"lazy\" decoding=\"async\" class=\"alignnone size-medium wp-image-721\" src=\"https:\/\/www.barefoot-baltics.ee\/wp-content\/uploads\/2018\/09\/change-pommel-5-300x200.jpg\" alt=\"pakeisti balno lank\u0105\" width=\"300\" height=\"200\" srcset=\"https:\/\/www.barefoot-baltics.ee\/wp-content\/uploads\/2018\/09\/change-pommel-5-300x200.jpg 300w, https:\/\/www.barefoot-baltics.ee\/wp-content\/uploads\/2018\/09\/change-pommel-5-416x277.jpg 416w, https:\/\/www.barefoot-baltics.ee\/wp-content\/uploads\/2018\/09\/change-pommel-5-600x400.jpg 600w, https:\/\/www.barefoot-baltics.ee\/wp-content\/uploads\/2018\/09\/change-pommel-5.jpg 705w\" sizes=\"auto, (max-width: 300px) 100vw, 300px\" \/><\/a><\/p>\n<p><strong>\u0160E\u0160TAS \u017dINGSNIS<\/strong>. Patikrinkite ar lankelis tikrai guli ki\u0161en\u0117s dugne. Jums reiks sutraukti abu u\u017etrauktuko \u0161onus kartu ir pa\u017ei\u016br\u0117ti, ar jis u\u017esitraukia. Jei neu\u017esitraukia, jums reikia \u012fstumti lankel\u012f dar giliau. Tai gali b\u016bti sunku su nauju balnu, bet j\u016bs tai galite padaryti!<\/p>\n<p><a href=\"https:\/\/barefoot-baltics.ee\/wp-content\/uploads\/2018\/09\/change-pommel-6.jpg\"><img loading=\"lazy\" decoding=\"async\" class=\"alignnone size-medium wp-image-720\" src=\"https:\/\/www.barefoot-baltics.ee\/wp-content\/uploads\/2018\/09\/change-pommel-6-300x199.jpg\" alt=\"pakeisti balno lank\u0105\" width=\"300\" height=\"199\" srcset=\"https:\/\/www.barefoot-baltics.ee\/wp-content\/uploads\/2018\/09\/change-pommel-6-300x199.jpg 300w, https:\/\/www.barefoot-baltics.ee\/wp-content\/uploads\/2018\/09\/change-pommel-6-416x276.jpg 416w, https:\/\/www.barefoot-baltics.ee\/wp-content\/uploads\/2018\/09\/change-pommel-6-600x398.jpg 600w, https:\/\/www.barefoot-baltics.ee\/wp-content\/uploads\/2018\/09\/change-pommel-6.jpg 705w\" sizes=\"auto, (max-width: 300px) 100vw, 300px\" \/><\/a><\/p>\n<p><strong>SEPTINTAS \u017dINGSNIS<\/strong>. U\u017esekite u\u017etrauktuk\u0105. Jei jis neu\u017esisega ir jums reikia daug j\u0117gos jam u\u017etraukti, pra\u0161ome sustoti. Patikrinkite v\u0117l, ar balno lankelis tikrai yra pa\u010diame ki\u0161en\u0117s dugne ir ar niekas netrukdo u\u017etrauktukui u\u017esitraukti. Jei viskas yra gerai, jis tur\u0117t\u0173 lengvai u\u017esitraukti.<\/p>\n<p><a href=\"https:\/\/barefoot-baltics.ee\/wp-content\/uploads\/2018\/09\/change-pommel-7.jpg\"><img loading=\"lazy\" decoding=\"async\" class=\"alignnone size-medium wp-image-719\" src=\"https:\/\/www.barefoot-baltics.ee\/wp-content\/uploads\/2018\/09\/change-pommel-7-300x200.jpg\" alt=\"pakeisti balno lank\u0105\" width=\"300\" height=\"200\" srcset=\"https:\/\/www.barefoot-baltics.ee\/wp-content\/uploads\/2018\/09\/change-pommel-7-300x200.jpg 300w, https:\/\/www.barefoot-baltics.ee\/wp-content\/uploads\/2018\/09\/change-pommel-7-416x277.jpg 416w, https:\/\/www.barefoot-baltics.ee\/wp-content\/uploads\/2018\/09\/change-pommel-7-600x400.jpg 600w, https:\/\/www.barefoot-baltics.ee\/wp-content\/uploads\/2018\/09\/change-pommel-7.jpg 752w\" sizes=\"auto, (max-width: 300px) 100vw, 300px\" \/><\/a><\/p>\n<p>Viskas padaryta!<\/p>\n","protected":false},"excerpt":{"rendered":"<p>J\u016bs galite pakeisti balno lankel\u012f Barefoot ber\u0117miuose balnuose, jog sureguliuotum\u0117t baln\u0105 skirting\u0173 \u017eirg\u0173 skirtingiems gogams ir, kad balnas gul\u0117t\u0173 tiesiai. Yra keturi skirtingi balno lankeli\u0173 dyd\u017eiai: \u201cSiauras\u201d (\u0161viesiai gelsva) \u201cVidutinis\u201d (pilkas) \u201cPlatus\u201d (raudonas) \u201cXXL\u201d (m\u0117lynas) M\u016bs\u0173 angli\u0161ki balnai paprastai yra su \u201cvidutinio\u201d dyd\u017eio (pilku) lankeliu, tuo tarpu vesterno balnai paprastai yra su \u201cplataus\u201d dyd\u017eio (raudonu) [&hellip;]<\/p>\n","protected":false},"author":1,"featured_media":0,"parent":6846,"menu_order":0,"comment_status":"closed","ping_status":"closed","template":"","meta":{"footnotes":""},"class_list":["post-6835","page","type-page","status-publish","hentry"],"_links":{"self":[{"href":"https:\/\/www.barefoot-baltics.ee\/lt\/wp-json\/wp\/v2\/pages\/6835","targetHints":{"allow":["GET"]}}],"collection":[{"href":"https:\/\/www.barefoot-baltics.ee\/lt\/wp-json\/wp\/v2\/pages"}],"about":[{"href":"https:\/\/www.barefoot-baltics.ee\/lt\/wp-json\/wp\/v2\/types\/page"}],"author":[{"embeddable":true,"href":"https:\/\/www.barefoot-baltics.ee\/lt\/wp-json\/wp\/v2\/users\/1"}],"replies":[{"embeddable":true,"href":"https:\/\/www.barefoot-baltics.ee\/lt\/wp-json\/wp\/v2\/comments?post=6835"}],"version-history":[{"count":0,"href":"https:\/\/www.barefoot-baltics.ee\/lt\/wp-json\/wp\/v2\/pages\/6835\/revisions"}],"up":[{"embeddable":true,"href":"https:\/\/www.barefoot-baltics.ee\/lt\/wp-json\/wp\/v2\/pages\/6846"}],"wp:attachment":[{"href":"https:\/\/www.barefoot-baltics.ee\/lt\/wp-json\/wp\/v2\/media?parent=6835"}],"curies":[{"name":"wp","href":"https:\/\/api.w.org\/{rel}","templated":true}]}}