{"id":6833,"date":"2019-09-09T13:33:53","date_gmt":"2019-09-09T10:33:53","guid":{"rendered":"https:\/\/www.barefoot-baltics.ee\/kaip-pasirinkti-tinkama-balno-lankeli\/"},"modified":"2019-09-09T13:33:54","modified_gmt":"2019-09-09T10:33:54","slug":"kaip-pasirinkti-tinkama-balno-lankeli","status":"publish","type":"page","link":"https:\/\/www.barefoot-baltics.ee\/lt\/zinok-kaip\/kaip-pasirinkti-tinkama-balno-lankeli\/","title":{"rendered":"Kaip pasirinkti tinkam\u0105 balno lankel\u012f?"},"content":{"rendered":"\n<p>J\u016bs galite pakeisti balno lankel\u012f visuose Barefoot ber\u0117miuose balnuose, taip padarant baln\u0105 tinkant\u012f beveik kiekvieno plo\u010dio gogui. Jeigu norite su\u017einoti kokio plo\u010dio lankelis tinkamas j\u016bs\u0173 \u017eirgui, j\u016bs galite naudoti gamykloje pagamintus \u0161ablonus, kuriuos galite \u012fsigyti m\u016bs\u0173 parduotuv\u0117je, arba atsispausdinti ir pasigaminti \u0161ablonus pats. <\/p>\n\n<p>Pirma, j\u016bs tur\u0117tum\u0117te atidaryti \u0161ablon\u0173 fail\u0105 ir atsispausdinti keturias kopijas ant A4 popieriaus. Priklijuokite kiekvien\u0105 dalies kopij\u0105 ant kartono, jog padarytum\u0117te stipresn\u012f \u0161ablon\u0105. <\/p>\n\n<div class=\"wp-block-image\"><figure class=\"aligncenter\"><img loading=\"lazy\" decoding=\"async\" width=\"300\" height=\"223\" src=\"https:\/\/www.barefoot-baltics.ee\/wp-content\/uploads\/2019\/03\/how-to-choose-pommel-1.jpg\" alt=\"tinkamas balno lankelis\" class=\"wp-image-2035\"><figcaption>\u0160ablon\u0173 atsispausdinimas<\/figcaption><\/figure><\/div>\n\n<p>Antra, i\u0161kirpkite keturis skirtingus \u0161ablonus ties keturiomis skirtingomis linijomis. Kiekvienas i\u0161 j\u0173 atitinka kiekvien\u0105 i\u0161 m\u016bs\u0173 keturi\u0173 balno lankelio plo\u010di\u0173. <\/p>\n\n<div class=\"wp-block-image\"><figure class=\"aligncenter\"><img loading=\"lazy\" decoding=\"async\" width=\"300\" height=\"221\" src=\"https:\/\/www.barefoot-baltics.ee\/wp-content\/uploads\/2019\/03\/how-to-choose-pommel-2.jpg\" alt=\"tinkamas balno lankelis\" class=\"wp-image-2036\"><figcaption>\u0160ablono i\u0161kirpimas<\/figcaption><\/figure><\/div>\n\n<p>Tre\u010dia, i\u0161bandykite \u0161iuos keturis \u0161ablonus ant savo \u017eirgo gogo, vir\u0161 ment\u0117s. Tinkamas \u0161ablonas yra tas, kurio linijos yra lygiagre\u010dios \u017eirgo gogo linijoms. <\/p>\n\n<p>NB! Jei jums bus sunku pasirinkti tarp dviej\u0173 skirting\u0173 plo\u010di\u0173, geriausia rinktis platesn\u012fj\u012f i\u0161 dviej\u0173. Mes da\u017enai matome, jog \u017eirgo gogas apauga raumenimis naudojant Barefoot ber\u0117mius balnus, taigi platesnis balno lankelis greitu metu grei\u010diausiai puikiai tiks. <\/p>\n\n<div class=\"wp-block-image\"><figure class=\"aligncenter\"><img loading=\"lazy\" decoding=\"async\" width=\"300\" height=\"224\" src=\"https:\/\/www.barefoot-baltics.ee\/wp-content\/uploads\/2019\/03\/how-to-choose-pommel-3.jpg\" alt=\"tinkamas balno lankelis\" class=\"wp-image-2037\"><figcaption>\u0160ablono i\u0161bandymas ant \u017eirgo gogo<\/figcaption><\/figure><\/div>\n<h2>Kada vert\u0117t\u0173 pasirinkti mink\u0161t\u0105 balno lankel\u012f?<\/h2>\r\n\n<p>Jeigu j\u016bs\u0173 \u017eirgo gogas yra labai auk\u0161tas ir kaul\u0117tas, ko gero geriausia yra naudoti mink\u0161t\u0105 balno lankel\u012f, nes jis leis lankeliui mink\u0161\u010diau gul\u0117ti ant \u017eirgo gogo. J\u016bs taip pat galite naudoti mink\u0161t\u0105 balno lankel\u012f jei:<\/p>\n\n<ul class=\"wp-block-list\">\n<li>j\u016bs\u0173 \u017eirgo nugara yra ne\u012fprastai jautri, <\/li>\n<li>jos liemuo yra apvalus kaip kamuolys, \ud83d\ude42<\/li>\n<li>her withers are so wide that even our XXL pommel insert is not wide enough.  <\/li>\n<\/ul>\n<p>Viskas baigta!<\/p>\n","protected":false},"excerpt":{"rendered":"<p>J\u016bs galite pakeisti balno lankel\u012f visuose Barefoot ber\u0117miuose balnuose, taip padarant baln\u0105 tinkant\u012f beveik kiekvieno plo\u010dio gogui. Jeigu norite su\u017einoti kokio plo\u010dio lankelis tinkamas j\u016bs\u0173 \u017eirgui, j\u016bs galite naudoti gamykloje pagamintus \u0161ablonus, kuriuos galite \u012fsigyti m\u016bs\u0173 parduotuv\u0117je, arba atsispausdinti ir pasigaminti \u0161ablonus pats. Pirma, j\u016bs tur\u0117tum\u0117te atidaryti \u0161ablon\u0173 fail\u0105 ir atsispausdinti keturias kopijas ant A4 [&hellip;]<\/p>\n","protected":false},"author":1,"featured_media":0,"parent":6846,"menu_order":0,"comment_status":"closed","ping_status":"closed","template":"","meta":{"footnotes":""},"class_list":["post-6833","page","type-page","status-publish","hentry"],"_links":{"self":[{"href":"https:\/\/www.barefoot-baltics.ee\/lt\/wp-json\/wp\/v2\/pages\/6833","targetHints":{"allow":["GET"]}}],"collection":[{"href":"https:\/\/www.barefoot-baltics.ee\/lt\/wp-json\/wp\/v2\/pages"}],"about":[{"href":"https:\/\/www.barefoot-baltics.ee\/lt\/wp-json\/wp\/v2\/types\/page"}],"author":[{"embeddable":true,"href":"https:\/\/www.barefoot-baltics.ee\/lt\/wp-json\/wp\/v2\/users\/1"}],"replies":[{"embeddable":true,"href":"https:\/\/www.barefoot-baltics.ee\/lt\/wp-json\/wp\/v2\/comments?post=6833"}],"version-history":[{"count":1,"href":"https:\/\/www.barefoot-baltics.ee\/lt\/wp-json\/wp\/v2\/pages\/6833\/revisions"}],"predecessor-version":[{"id":6834,"href":"https:\/\/www.barefoot-baltics.ee\/lt\/wp-json\/wp\/v2\/pages\/6833\/revisions\/6834"}],"up":[{"embeddable":true,"href":"https:\/\/www.barefoot-baltics.ee\/lt\/wp-json\/wp\/v2\/pages\/6846"}],"wp:attachment":[{"href":"https:\/\/www.barefoot-baltics.ee\/lt\/wp-json\/wp\/v2\/media?parent=6833"}],"curies":[{"name":"wp","href":"https:\/\/api.w.org\/{rel}","templated":true}]}}