{"id":6831,"date":"2019-09-09T13:24:42","date_gmt":"2019-09-09T10:24:42","guid":{"rendered":"https:\/\/www.barefoot-baltics.ee\/pradeveti-nauja-barefoot-balna\/"},"modified":"2019-09-09T13:24:43","modified_gmt":"2019-09-09T10:24:43","slug":"pradeveti-nauja-barefoot-balna","status":"publish","type":"page","link":"https:\/\/www.barefoot-baltics.ee\/lt\/zinok-kaip\/pradeveti-nauja-barefoot-balna\/","title":{"rendered":"\u201ePrad\u0117v\u0117ti\u201c nauj\u0105 Barefoot baln\u0105?"},"content":{"rendered":"\n<p>Kai i\u0161bandysite m\u016bs\u0173 nauj\u0105 Barefoot baln\u0105 pirm\u0105 kart\u0105, jis bus toli nuo tobulo. Ta\u010diau, jis po truput\u012f prisitaikys keli\u0173 savai\u010di\u0173 laikotarpyje ir j\u016bs ko gero j\u012f \u012fsimyl\u0117site. Po m\u0117nesio, j\u016bs grei\u010diausiai m\u0105stysite, kaip j\u016bs gyvenote be jo ank\u0161\u010diau ir daugiau nebenor\u0117site kitokio tipo balno. <\/p>\n\n<p>Balnas gerokai atsileis naudojamas. Pirm\u0105sias valandas balne keliomis skyl\u0117mis jums reiks u\u017ever\u017eti pavar\u017e\u0105. Pra\u0161ome pasir\u016bpinti ir u\u017ever\u017eti pavar\u017e\u0105 i\u0161kart to \u012fs\u0117dimo baln\u0105, jog jis nenuslyst\u0173.<\/p>\n\n<div class=\"wp-block-image\"><figure class=\"aligncenter\"><img loading=\"lazy\" decoding=\"async\" width=\"362\" height=\"439\" src=\"https:\/\/www.barefoot-baltics.ee\/wp-content\/uploads\/2019\/03\/barefoot-saddle-1.png\" alt=\"barefoot balnas\" class=\"wp-image-2114\" srcset=\"https:\/\/www.barefoot-baltics.ee\/wp-content\/uploads\/2019\/03\/barefoot-saddle-1.png 362w, https:\/\/www.barefoot-baltics.ee\/wp-content\/uploads\/2019\/03\/barefoot-saddle-1-247x300.png 247w\" sizes=\"auto, (max-width: 362px) 100vw, 362px\" \/><figcaption>I\u0161 pirmo, balnas atrodys ir jausis labai auk\u0161tas.<\/figcaption><\/figure><\/div>\n\n<p>Jei prad\u017eioje balnas guli per auk\u0161tai, pobaln\u012f galima naudoti be u\u017epild\u0173. Jis gali b\u016bti u\u017epildytas v\u0117liau, kai pajusite, jog balnas pakankamai sumink\u0161t\u0117jo, jog jaustum\u0117t\u0117s patogiai. <\/p>\n\n<p>I\u0161 pirmo karto balnas gali slysti \u012f j\u012f belipant. Mes rekomenduojame naudoti laiptelius u\u017elipimui kada tik galima, jog b\u016bt\u0173 lengviau j\u016bs\u0173 \u017eirgui.<\/p>\n\n<div class=\"wp-block-image\"><figure class=\"aligncenter\"><img loading=\"lazy\" decoding=\"async\" width=\"359\" height=\"441\" src=\"https:\/\/www.barefoot-baltics.ee\/wp-content\/uploads\/2019\/03\/barefoot-saddle-2.png\" alt=\"barefoot balnas\" class=\"wp-image-2113\" srcset=\"https:\/\/www.barefoot-baltics.ee\/wp-content\/uploads\/2019\/03\/barefoot-saddle-2.png 359w, https:\/\/www.barefoot-baltics.ee\/wp-content\/uploads\/2019\/03\/barefoot-saddle-2-244x300.png 244w\" sizes=\"auto, (max-width: 359px) 100vw, 359px\" \/><figcaption>Po naudojimo, balnas pasikeis \u012f tinkam\u0105 form\u0105. <\/figcaption><\/figure><\/div>\n\n<p>Mes taip pat rekomenduojame i\u0161 prad\u017ei\u0173 pasitrumpinti savo kilpdir\u017eius. Trumpesni kilpdir\u017eiai suteiks jums saugi\u0105 s\u0117d\u0117sen\u0105, kol priprasite prie naujo balno.<\/p>\n\n<p>Tai tiek dabar!<\/p>\n","protected":false},"excerpt":{"rendered":"<p>Kai i\u0161bandysite m\u016bs\u0173 nauj\u0105 Barefoot baln\u0105 pirm\u0105 kart\u0105, jis bus toli nuo tobulo. Ta\u010diau, jis po truput\u012f prisitaikys keli\u0173 savai\u010di\u0173 laikotarpyje ir j\u016bs ko gero j\u012f \u012fsimyl\u0117site. Po m\u0117nesio, j\u016bs grei\u010diausiai m\u0105stysite, kaip j\u016bs gyvenote be jo ank\u0161\u010diau ir daugiau nebenor\u0117site kitokio tipo balno. Balnas gerokai atsileis naudojamas. Pirm\u0105sias valandas balne keliomis skyl\u0117mis jums reiks [&hellip;]<\/p>\n","protected":false},"author":1,"featured_media":0,"parent":6846,"menu_order":0,"comment_status":"closed","ping_status":"closed","template":"","meta":{"footnotes":""},"class_list":["post-6831","page","type-page","status-publish","hentry"],"_links":{"self":[{"href":"https:\/\/www.barefoot-baltics.ee\/lt\/wp-json\/wp\/v2\/pages\/6831","targetHints":{"allow":["GET"]}}],"collection":[{"href":"https:\/\/www.barefoot-baltics.ee\/lt\/wp-json\/wp\/v2\/pages"}],"about":[{"href":"https:\/\/www.barefoot-baltics.ee\/lt\/wp-json\/wp\/v2\/types\/page"}],"author":[{"embeddable":true,"href":"https:\/\/www.barefoot-baltics.ee\/lt\/wp-json\/wp\/v2\/users\/1"}],"replies":[{"embeddable":true,"href":"https:\/\/www.barefoot-baltics.ee\/lt\/wp-json\/wp\/v2\/comments?post=6831"}],"version-history":[{"count":1,"href":"https:\/\/www.barefoot-baltics.ee\/lt\/wp-json\/wp\/v2\/pages\/6831\/revisions"}],"predecessor-version":[{"id":6832,"href":"https:\/\/www.barefoot-baltics.ee\/lt\/wp-json\/wp\/v2\/pages\/6831\/revisions\/6832"}],"up":[{"embeddable":true,"href":"https:\/\/www.barefoot-baltics.ee\/lt\/wp-json\/wp\/v2\/pages\/6846"}],"wp:attachment":[{"href":"https:\/\/www.barefoot-baltics.ee\/lt\/wp-json\/wp\/v2\/media?parent=6831"}],"curies":[{"name":"wp","href":"https:\/\/api.w.org\/{rel}","templated":true}]}}