{"id":6830,"date":"2019-09-09T09:53:37","date_gmt":"2019-09-09T06:53:37","guid":{"rendered":"https:\/\/www.barefoot-baltics.ee\/kaip-pasirinkti-tinkama-dydi\/"},"modified":"2019-09-09T09:53:37","modified_gmt":"2019-09-09T06:53:37","slug":"kaip-pasirinkti-tinkama-dydi","status":"publish","type":"page","link":"https:\/\/www.barefoot-baltics.ee\/lt\/zinok-kaip\/kaip-pasirinkti-tinkama-dydi\/","title":{"rendered":"Kaip pasirinkti tinkam\u0105 dyd\u012f?"},"content":{"rendered":"<p>Kai rasite jums patinkant\u012f baln\u0105, i\u0161kils klausimas: koks dydis yra tinkamas man? Barefoot balnai Yra keturi\u0173 skirting\u0173 dyd\u017ei\u0173 ir tiesa sakant, labai lengva pasirinkti tinkam\u0105:<\/p>\n<ul>\n<li>Jeigu j\u016bs esate liekno sud\u0117jimo, pasirinkite 0 dyd\u012f. (Galimas tik kai kuriems balno modeliams.)<\/li>\n<li>Jeigu esate vidutinio sud\u0117jimo, pasirinkite 1 dyd\u012f.<\/li>\n<li>Jeigu esate stambaus sud\u0117jimo, pasirinkite 2 dyd\u012f.<\/li>\n<li>Jeigu esate labai stambaus sud\u0117jimo, pasirinkite 3 dyd\u012f. (Galimas tik kai kuriems balno modeliams.)<\/li>\n<\/ul>\n<p>M\u016bs\u0173 vaiki\u0161ki balnai yra ma\u017eesnio nei 0 dydis ir jie skirti vaikams, kurie yra 140 cm \u016bgio ir \u017eemesni. <\/p>\n<p><img loading=\"lazy\" decoding=\"async\" class=\"alignright size-full wp-image-1060\" src=\"https:\/\/www.barefoot-baltics.ee\/wp-content\/uploads\/2018\/10\/saddle-dimensions.jpg\" alt=\"tinkamo dyd\u017eio balnelis\" width=\"350\" height=\"315\" srcset=\"https:\/\/www.barefoot-baltics.ee\/wp-content\/uploads\/2018\/10\/saddle-dimensions.jpg 350w, https:\/\/www.barefoot-baltics.ee\/wp-content\/uploads\/2018\/10\/saddle-dimensions-300x270.jpg 300w\" sizes=\"auto, (max-width: 350px) 100vw, 350px\" \/>Kartais Barefoot balnas gali atrodyti per ilgas j\u016bs\u0173 \u017eirgo nugarai, bet pra\u0161ome atsiminto, jog balno dyd\u012f tur\u0117tum\u0117te rinktis pagal <strong>savo i\u0161matavimus<\/strong>, o ne \u017eirgo. Labai svarbu, jog balnas taip pat tikt\u0173 ir raiteliui, jog ji(s) tur\u0117t\u0173 pakankamai vietos tarp jo\/jos \u0161laun\u0173 ir balno lankelio, ir nes\u0117d\u0117t\u0173 ant balno lankelio ar s\u0117dyn\u0117s nugar\u0117l\u0117s. Tai suma\u017eint\u0173 balno lankstum\u0105 ir prisitaikym\u0105\u2013 balnas neveikt\u0173 tinkamai. Nesir\u016bpinkite, jei balnas atrodo truputi per didelis ant j\u016bs\u0173 \u017eirgo nugaros. Tiesa sakant, jojant, j\u016bs\u0173 \u017eirgo nugara yra laisva nuo balno galo spaudimo. Balnas ties s\u0117dynes nugar\u0117le gali net pakilti s\u0117dint raiteliui.<\/p>\n<div id=\"footable_parent_6829\"\n         class=\" footable_parent ninja_table_wrapper loading_ninja_table wp_table_data_press_parent bootstrap3 \">\n                    <h3 class=\"table_title footable_title\">Skirting\u0173 baln\u0173 i\u0161matavimai<\/h3>\n                                <div\n                class=\"table_description footable_description\"><p class=\"western\"><span lang=\"lt-LT\">Pra\u0161ome paspausti ant skilties pavadinimo, i\u0161matavimams sur\u016b\u0161iuoti. Paspauskite v\u0117l tvarkai pakeisti atgal. <\/span><\/p><\/div>\n                    <table data-ninja_table_instance=\"ninja_table_instance_0\" data-footable_id=\"6829\" data-filter-delay=\"1000\" aria-label=\"Skirting\u0173 baln\u0173 i\u0161matavimai\"            id=\"footable_6829\"\n           data-unique_identifier=\"ninja_table_unique_id_2557102785_6829\"\n           class=\" foo-table ninja_footable foo_table_6829 ninja_table_unique_id_2557102785_6829 table  nt_type_ajax_table vertical_centered  footable-paging-right ninja_table_search_disabled\">\n                <colgroup>\n                            <col class=\"ninja_column_0 \">\n                            <col class=\"ninja_column_1 \">\n                            <col class=\"ninja_column_2 \">\n                            <col class=\"ninja_column_3 \">\n                    <\/colgroup>\n            <\/table>\n    \n    \n    \n<\/div>\n\n","protected":false},"excerpt":{"rendered":"<p>Kai rasite jums patinkant\u012f baln\u0105, i\u0161kils klausimas: koks dydis yra tinkamas man? Barefoot balnai Yra keturi\u0173 skirting\u0173 dyd\u017ei\u0173 ir tiesa sakant, labai lengva pasirinkti tinkam\u0105: Jeigu j\u016bs esate liekno sud\u0117jimo, pasirinkite 0 dyd\u012f. (Galimas tik kai kuriems balno modeliams.) Jeigu esate vidutinio sud\u0117jimo, pasirinkite 1 dyd\u012f. Jeigu esate stambaus sud\u0117jimo, pasirinkite 2 dyd\u012f. Jeigu esate [&hellip;]<\/p>\n","protected":false},"author":1,"featured_media":0,"parent":6846,"menu_order":0,"comment_status":"closed","ping_status":"closed","template":"","meta":{"footnotes":""},"class_list":["post-6830","page","type-page","status-publish","hentry"],"_links":{"self":[{"href":"https:\/\/www.barefoot-baltics.ee\/lt\/wp-json\/wp\/v2\/pages\/6830","targetHints":{"allow":["GET"]}}],"collection":[{"href":"https:\/\/www.barefoot-baltics.ee\/lt\/wp-json\/wp\/v2\/pages"}],"about":[{"href":"https:\/\/www.barefoot-baltics.ee\/lt\/wp-json\/wp\/v2\/types\/page"}],"author":[{"embeddable":true,"href":"https:\/\/www.barefoot-baltics.ee\/lt\/wp-json\/wp\/v2\/users\/1"}],"replies":[{"embeddable":true,"href":"https:\/\/www.barefoot-baltics.ee\/lt\/wp-json\/wp\/v2\/comments?post=6830"}],"version-history":[{"count":0,"href":"https:\/\/www.barefoot-baltics.ee\/lt\/wp-json\/wp\/v2\/pages\/6830\/revisions"}],"up":[{"embeddable":true,"href":"https:\/\/www.barefoot-baltics.ee\/lt\/wp-json\/wp\/v2\/pages\/6846"}],"wp:attachment":[{"href":"https:\/\/www.barefoot-baltics.ee\/lt\/wp-json\/wp\/v2\/media?parent=6830"}],"curies":[{"name":"wp","href":"https:\/\/api.w.org\/{rel}","templated":true}]}}