{"id":6005,"date":"2018-09-13T22:06:30","date_gmt":"2018-09-13T19:06:30","guid":{"rendered":"https:\/\/www.barefoot-baltics.ee\/paslaugu-teikimo-salygos\/"},"modified":"2022-11-22T20:25:19","modified_gmt":"2022-11-22T18:25:19","slug":"paslaugu-teikimo-salygos","status":"publish","type":"page","link":"https:\/\/www.barefoot-baltics.ee\/lt\/paslaugu-teikimo-salygos\/","title":{"rendered":"Paslaug\u0173 teikimo s\u0105lygos"},"content":{"rendered":"<p><strong>APIBR\u0116\u017dIMAI<\/strong><\/p>\n<ul>\n<li><strong>Pirk\u0117jas<\/strong> yra asmuo, perkantis jojimo reikmenis i\u0161 Barefoot Baltics e\u2013Parduotuv\u0117s tinklapyje https:\/\/www.barefoot-baltics.ee.<\/li>\n<li><strong>Pardav\u0117jas<\/strong> yra asmuo, kuris vadovauja \u0161iai e\u2013Parduotuvei ir parduoda \u0161ias prekes, t.y. Log Horse O\u00dc (Estijos Verslo Registro \u012fra\u0161as nr. 12039208), kuris yra \u012fsik\u016br\u0119s adresu Villema \u016bkyje, Nehatu kaime, 90123 L\u00e4\u00e4neranna apylink\u0117je, P\u00e4rnu apskrityje, Estijoje.<\/li>\n<li>https:\/\/www.barefoot-baltics.ee yra <strong>e\u2013Parduotuv\u0117<\/strong>, kuri parduoda ber\u0117mius balnus ir kitus jojimo reikmenis, pagamintus vokie\u010di\u0173 Barefoot kompanijos.<\/li>\n<\/ul>\n<p><strong>TERITORIJA<\/strong><\/p>\n<p>Pardav\u0117jas turi licencij\u0105 i\u0161 Barefoot Vokietijoje pardavin\u0117ti Barefoot ber\u0117mius balnus ir kitus jojimo reikmenis Baltijos \u0161alyse: <strong>Estijoje, Latvijoje ir Lietuvoje<\/strong>. Tod\u0117l pardav\u0117jas gali priimti u\u017esakymus tik i\u0161 priva\u010di\u0173 asmen\u0173 ir kompanij\u0173 \u0161iose trijose \u0161alyse.<\/p>\n<p><strong>PRODUKT\u0172 U\u017dSAKYMAS<\/strong><\/p>\n<p>Pardav\u0117jas atlieka veiksmus atsi\u017evelgdamas \u012f Pirk\u0117jo u\u017esakym\u0105 e\u2013Parduotuv\u0117je ir netrukus \u012fvykdo u\u017esakym\u0105 kai tik Pirk\u0117jo pavedimas pasiekia Pardav\u0117jo banko s\u0105skaitas.<\/p>\n<p>Norint padaryti u\u017esakym\u0105, Pirk\u0117jui reikia atlikti \u017eemiau pateiktus veiksmus:<\/p>\n<ol>\n<li>Eiti \u012f Parduotuv\u0117s puslap\u012f, esant\u012f https:\/\/www.barefoot-baltics.ee\/lt\/<\/li>\n<li>Pasirinkti vien\u0105 i\u0161 produkt\u0173 kategorij\u0173 (pvz.: \u201cBer\u0117miai balnai\u201d ar \u201cBaln\u0173 aksesuarai\u201d).<\/li>\n<li>Pasirinkite vien\u0105 i\u0161 produkt\u0173 kategorijoje (pvz.: &#8222;I\u0161tverm\u0117s balnas &#8222;Atlanta&#8221;&#8221;).<\/li>\n<li>Pasirinkite galimus atribut\u0173 \u0161iam produktui (dydis, spalva, kt.).<\/li>\n<li>Paspauskite oran\u017ein\u012f mygtuk\u0105 \u201cPrid\u0117ti \u012f krep\u0161el\u012f\u201d.<\/li>\n<li>Pakartokite \u0161iuos penkis \u017eingsnius visiems produktams kuriuos norite \u012fsigyti.<\/li>\n<li>Kai visi produktai bus krep\u0161elyje, paspauskite \u017eali\u0105 mygtuk\u0105 \u201cPer\u017ei\u016br\u0117ti krep\u0161el\u012f\u201d arba paspauskite ant krep\u0161elio bendros vert\u0117s vir\u0161utiniame de\u0161iniajame kampe.<\/li>\n<li>Patikrinkite ar visi produktai krep\u0161elyje teisingai i\u0161vardyti, atlikite pakeitimus jei b\u016btina ir pasirinkite galimus siuntimo b\u016bdus. Paspauskite ant oran\u017einio mygtuko \u201cAtsiskaitymas\u201d.<\/li>\n<li>Suveskite Pirk\u0117jo asmeninius duomenis, \u012fskaitant vard\u0105, mobil\u0173j\u012f numer\u012f ir siuntimo adres\u0105. Pasirinkite tinkam\u0105 siuntimo ir apmok\u0117jimo b\u016bd\u0105. Perskaitykite Paslaug\u0173 Teikimo S\u0105lygas ir nurodykite sutikim\u0105. Galiausiai, paspauskite ant oran\u017einio mygtuko \u201cPadaryti u\u017esakym\u0105\u201d.<\/li>\n<li>Atlikite tinkam\u0105 apmok\u0117jim\u0105.<\/li>\n<\/ol>\n<p><strong>APMOK\u0116JIMO B\u016aDAI<\/strong><\/p>\n<p>Pirk\u0117jas gali sumok\u0117ti u\u017e u\u017esakytus produktus vienu i\u0161 \u0161i\u0173 b\u016bd\u0173:<\/p>\n<ul>\n<li><strong>Tiesioginis banko pavedimas<\/strong>. B\u016btinos Pardav\u0117jo banko detal\u0117s bus parodytos Pirk\u0117jui i\u0161kart po u\u017esakymo padarymo. Alternatyviai, Pardav\u0117jas i\u0161si\u0173s Pirk\u0117jui tinkam\u0105 Pirk\u0117jo noru u\u017esakyt\u0173 produkt\u0173 s\u0105skait\u0105 fakt\u016br\u0105 ir b\u016btinos banko detal\u0117s bus i\u0161d\u0117stytos s\u0105skaitoje fakt\u016broje.<\/li>\n<li><strong>Esti\u0161k\u0173 bank\u0173 nuorodos<\/strong>: Swedbank, Luminor, SEB, Coop, LHV, WebMoney, Paysera.<\/li>\n<li><strong>Latvi\u0161k\u0173 bank\u0173 nuorodos<\/strong>: Swedbank, SEB, Citadele, Luminor, WebMoney, Paysera.<\/li>\n<li><strong>Lietuvi\u0161k\u0173 bank\u0173 nuorodos<\/strong>: Danske, Luminor, Citadele, SEB, Swedbank, \u0160iauli\u0173 bankas, Medicinos Bankas, LKU, MoQ, WebMoney, Paysera, GF Lizingas, Mokilizingas, &#8222;Pay by cash&#8221;.<\/li>\n<\/ul>\n<p>Jei Pirk\u0117jas pasirenka mok\u0117ti per banko nuorod\u0105, ji(s) tur\u0117t\u0173 tur\u0117ti omenyje, jog Pardav\u0117jui reikia i\u0161si\u0173sti nedidel\u0119 dal\u012f Pirk\u0117jo asmenin\u0117s informacijos \u012fgaliotam mok\u0117jimo pri\u017ei\u016br\u0117tojui, Lietuvos kompanijai <a href=\"https:\/\/www.paysera.com\/\" target=\"_blank\" rel=\"noopener noreferrer\">Paysera LT UAB<\/a>, kad mok\u0117jimas \u012fvykt\u0173.<\/p>\n<p><strong>PIRK\u0116JO TEIS\u0116S U\u017dSAKYMUI AT\u0160AUKTI<\/strong><\/p>\n<p>Pardav\u0117jas pasilieka teis\u0119 at\u0161aukti u\u017esakym\u0105 bet tik i\u0161kilus nenumatytoms aplinkyb\u0117ms, kurios u\u017esakymo \u012fvykdym\u0105 padaro objektyviai neracionaliu ir kartu ne\u012fmanomu. Tokiu atveju, Pardav\u0117jas tuoj pat informuoja Pirk\u0117j\u0105 telefonu ir\/arba elektroniniu pa\u0161tu , kuriame u\u017esakymas bus laikomas at\u0161auktu. Jei Pirk\u0117jas jau bus atlik\u0119s pavedim\u0105, prie\u0161 at\u0161aukimo prane\u0161im\u0105, Pardav\u0117jas gr\u0105\u017eins pinigus Pirk\u0117jui nedelsiant\u2013 ne v\u0117liau kaip 3 darbo dienas nuo pinig\u0173 gavimo i\u0161 Pirk\u0117jo.<\/p>\n<p><strong>PRODUKT\u0172 KAINA IR PRID\u0116TIN\u0116S VERT\u0116S MOKESTIS<\/strong><\/p>\n<p>Visos e\u2013Parduotuv\u0117s parduodamos prek\u0117s yra ai\u0161kiai pa\u017eym\u0117tos produkt\u0173 s\u0105ra\u0161uose ir produkt\u0173 apra\u0161ymuose. Kainos <strong>nurodytos su<\/strong> 20% Estijos prid\u0117tin\u0117s vert\u0117s mokes\u010diu (toliau PVM).<\/p>\n<p>Jei Pirk\u0117jas yra Latvijos ar Lietuvos \u012fmopn\u0117, kuri yra PVM mok\u0117toja savo \u0161alyje, jie gali pirkti produktus i\u0161 m\u016bs\u0173 su 0% PVM ir sumok\u0117ti atitinkam\u0105 PVM savo \u0161alyje. Tam atlikti, kompanijos atstovas tur\u0117t\u0173 para\u0161yti mums \u012f pastas@barefoot-baltics.ee ir i\u0161vardinti visus produktus kuriuos jie nori u\u017esakyti ir nurodyti PVM mok\u0117tojo kod\u0105, o mes pateiksime s\u0105skait\u0105 su 0% PVM. Tokiu atveju visos i\u0161vardintos Paslaug\u0173 teikimo s\u0105lygos galioja.<\/p>\n<p><strong>SIUNTIMO B\u016aDAI<\/strong><\/p>\n<p>Pirk\u0117jas gali pasirinkti vien\u0105 i\u0161 \u0161i\u0173 trij\u0173 siuntimo metod\u0173 produktams, kuriuos ji(s) nusipirko:<\/p>\n<ul>\n<li>DPD pa\u0161tomatai<\/li>\n<li>DPD kurjerio paslaugos<\/li>\n<\/ul>\n<p>Darant u\u017esakym\u0105 Pirk\u0117jas prane\u0161 Pardav\u0117jui kuris siuntimo metodas jam(jai) yra priimtinas. <\/p>\n<p><strong>SIUNTIMO LAIKAS IR KAINA<\/strong><\/p>\n<p>Jei Pirk\u0117jo u\u017esisakyti produktai i\u0161 Pardav\u0117jo yra <span style=\"color: #008000;\"><strong>Pardav\u0117jo sand\u0117lyje<\/strong><\/span> Estijoje, Pardav\u0117jas paprastai u\u017etrunka <span style=\"color: #008000;\"><strong>2-5 dienas<\/strong><\/span> produktui(ams) i\u0161si\u0173sti Pirk\u0117jui. Jei produktai yra tik <strong>Barefoot sand\u0117lyje Vokietijoje<\/strong>, Pardav\u0117jas paprastai u\u017etrunka <strong>10-15 dien\u0173<\/strong> produktui(ams) i\u0161si\u0173sti Pirk\u0117jui. Ta\u010diau jei produktas(ai) yra kaip <span style=\"color: #ff6600;\"><strong>specialus u\u017esakymas<\/strong><\/span>, Pardav\u0117jui paprastai prireikia <span style=\"color: #ff6600;\"><strong>3-4 m\u0117nesius<\/strong><\/span> i\u0161si\u0173sti g\u0117rybes Pirk\u0117jui. Pra\u0161ome prisiminti, jog \u0161ie siuntimo terminai yra pragristi patirtimi, taigi jie galioja did\u017ei\u0105j\u0105 dal\u012f laiko, bet ne visada. Ne\u012fprastomis aplinkyb\u0117mis (\u0161vent\u0117s, atid\u0117liojimai logistikoje, kt.) siuntimo terminai gali b\u016bti ilgesni. Jei tai nutiks, Pardav\u0117jas visada prane\u0161 Pirk\u0117jui telefonu\/ arba elektroniniu pa\u0161tu ir padarys visk\u0105 k\u0105 gali, jog i\u0161si\u0173st\u0173 produkt\u0105(us) kaip galima grei\u010diau.<\/p>\n<p>Pardav\u0117jas u\u017etikrina, jog siuntimo terminas nebus ilgesnis nei 10 dien\u0173 produktams, kurie yra pa\u017eym\u0117ti kaip esantys sand\u0117lyje Estijoje, ne ilgesnis nei 25 dienos produktams, kurie pa\u017eym\u0117ti kaip esantys sand\u0117lyje Vokietijoje ir ne ilgesnis nei 6 m\u0117nesiai produktams, kurie pa\u017eym\u0117ti kaip special\u016bs u\u017esakymai. Jei taip nutinka, Pardav\u0117jas turi teis\u0119 \u012f kompensacij\u0105, u\u017e kuri\u0105 Pardav\u0117jas pabandys pateikti s\u0105\u017eining\u0105 ir teising\u0105 pasi\u016blym\u0105.<\/p>\n<p>Kai Pirk\u0117jas padarys u\u017esakym\u0105, ji(s) taip pat gal\u0117s pasirinkti siuntimo metod\u0105.  Pristatymas <span style=\"color: #33cccc;\"><strong>nemokamas<\/strong><\/span>.<\/p>\n<p><strong>S\u0104SKAITA<\/strong><\/p>\n<p>Pardav\u0117jas i\u0161si\u0173s Pirk\u0117jui fakt\u016br\u0105 u\u017e u\u017esakytus produktus elektroniniu pa\u0161tu ir popierin\u012f variant\u0105, kartu su produktais.<\/p>\n<p><strong>SIUNTIMO ADRESO PAKEITIMAS<\/strong><\/p>\n<p>Jei Pirk\u0117jo siuntimo adresas pasikei\u010dia po u\u017esakymo padarymo prie\u0161 produktams i\u0161siun\u010diant, Pirk\u0117jas privalo tuojau pat tai prane\u0161ti Pardav\u0117jui, jog Pardav\u0117jas gal\u0117t\u0173 \u012fvykdyti u\u017esakym\u0105 be tr\u016bkum\u0173. Tokiu atveju, Pirk\u0117jas tur\u0117t\u0173 paskambinti Pardav\u0117jui (Kristjan Korsten, +372 5787 8389) ir elektroniniu pa\u0161tu para\u0161yti jo\/jos nauj\u0105 siuntimo adres\u0105 \u012f pastas@barefoot-baltics.ee.<\/p>\n<p><strong>PIRK\u0116JO TEIS\u0116 AT\u0160AUKTI U\u017dSAKYM\u0104 IR GR\u0104\u017dINTI PREKES<\/strong><\/p>\n<p>Pirk\u0117jas turi teis\u0119 at\u0161aukti savo u\u017esakym\u0105 per <span style=\"color: #99cc00;\"><strong>14 dien\u0173<\/strong><\/span> nuo produkt\u0173 gavimo i\u0161 Pardav\u0117jo be jokios prie\u017easties ir i\u0161keisti produktus \u012f kitus, \u0161ioje e\u2013Parduotuv\u0117je parduodamus produktus arba gr\u0105\u017einti juos visus kartu. Per \u0161ias 14 dien\u0173, Pirk\u0117jas gali ap\u017ei\u016br\u0117ti ir i\u0161bandyti produktus\u2013 taip pat ant \u017eirgo\u2013 bet taip pat turi pasistengti kuo ma\u017eiau paveikti produktus ir j\u0173 \u012fpakavim\u0105. Jei \u012fmanoma, Pirk\u0117jas tur\u0117t\u0173 i\u0161bandyti produktus nenuimant etike\u010di\u0173.<\/p>\n<p>Nor\u0117damas gr\u0105\u017einti prekes, Pirk\u0117jas privalo prane\u0161ti Pardav\u0117jui telefonu (Kristjan Korsten, +372 5787 8389) arba elektroniniu pa\u0161tu pastas@barefoot-baltics.ee), i\u0161si\u0173sti produktus atgal Pardav\u0117jo verslo adresu, kuris yra: Villema \u016bkyje, Nehatu kaime, 90123 L\u00e4\u00e4neranna apylink\u0117je, P\u00e4rnu apskrityje, Estijoje. Kai Pardav\u0117jas gaus gra\u017eintus produktus i\u0161 Pirk\u0117jo, Pardav\u0117jas netrukus <span style=\"color: #99cc00;\"><strong>gr\u0105\u017eins sumok\u0117tus pinigus<\/strong><\/span> \u012f Pirk\u0117jo banko s\u0105skait\u0105. Jei Pirk\u0117jo banko s\u0105skaita Pardav\u0117jui yra ne\u017einoma, Pirk\u0117jas tur\u0117t\u0173 pasir\u016bpinti, jog \u0161i informacija b\u016bt\u0173 prieinama Pardav\u0117jui, pateikiant u\u017esakymo at\u0161aukimo prane\u0161im\u0105.<\/p>\n<p>Pirk\u0117jo u\u017esakymo at\u0161aukimo prane\u0161imas gali b\u016bti para\u0161ytas laisva forma, kuri yra pateikiama ai\u0161kiai ir suprantamai Pardav\u0117jui. Ta\u010diau jei Pirk\u0117jas nori prane\u0161ti Pardav\u0117jui popierine forma, ji(s) gali naudotis \u0161iais \u0161ablonais:<\/p>\n<p><a href=\"https:\/\/www.barefoot-baltics.ee\/wp-content\/uploads\/2019\/07\/Prane\u0161imas-apie-u\u017esakymo-at\u0161aukim\u0105.odt\" target=\"_blank\" rel=\"noopener noreferrer\">Prane\u0161imas apie u\u017esakymo at\u0161aukim\u0105.odt<\/a><br \/>\n<a href=\"https:\/\/www.barefoot-baltics.ee\/wp-content\/uploads\/2019\/07\/Prane\u0161imas-apie-u\u017esakymo-at\u0161aukim\u0105.odt\" target=\"_blank\" rel=\"noopener noreferrer\">Prane\u0161imas apie u\u017esakymo at\u0161aukim\u0105.odt<\/a><br \/>\n<a href=\"https:\/\/www.barefoot-baltics.ee\/wp-content\/uploads\/2019\/07\/Prane\u0161imas-apie-u\u017esakymo-at\u0161aukim\u0105.docx\" target=\"_blank\" rel=\"noopener noreferrer\">Prane\u0161imas apie u\u017esakymo at\u0161aukim\u0105.docx<\/a><br \/>\n<a href=\"https:\/\/www.barefoot-baltics.ee\/wp-content\/uploads\/2019\/07\/Prane\u0161imas-apie-u\u017esakymo-at\u0161aukim\u0105.pdf\" target=\"_blank\" rel=\"noopener noreferrer\">Prane\u0161imas apie u\u017esakymo at\u0161aukim\u0105.pdf<\/a><\/p>\n<p><strong>GARANTIJA<\/strong><\/p>\n<p>Rementis Estijos Respublikos \u012fstatymais, kurie apibr\u0117\u017eia \u0161ios e\u2013Parduotuv\u0117s veiksmus, Pirk\u0117jas gali pra\u0161yti skund\u0105 Pardav\u0117jui d\u0117l produkto(\u0173) kuriuos ji(s) nusipirko dviej\u0173 met\u0173 laikotarpyje (po j\u0173 i\u0161siuntimo). Jei po pirm\u0173 6 m\u0117nesi\u0173 ant produkt\u0173 atsiranda defekt\u0173, jie laikomi kaip ten buv\u0119 vis\u0105 \u012fsigijimo laik\u0105, nebent Pardav\u0117jas gali \u012frodyti kitaip, kad defektai yra normalaus nusid\u0117v\u0117jimo ar ply\u0161imo pas\u0117ka. <\/p>\n<p>Pirk\u0117jas gali si\u0173sti skundus Pardav\u0117jui elektroniniu pa\u0161tu pastas@barefoot-baltics.ee. arba paskambinant Kristjan Korsten (parduotuv\u0117s vadybininkui) kurio mobilusis numeris yra +372 5787 8389. Bet kuriuo atveju, Pardav\u0117jas atsakys \u012f skund\u0105 per 5 darbo dienas. Skundo rezultatas gali b\u016bti dalin\u0117 kompensacija, Pardav\u0117jo prek\u0117s atpirkimas, pakeitimas kitu produktu arba pataisymas. <\/p>\n<p><strong>GIN\u010cO SPRENDIMAS<\/strong><\/p>\n<p>Jei tarp Pirk\u0117jo ir Pardav\u0117jo i\u0161kyla gin\u010das d\u0117l Pirk\u0117jo u\u017esakymo \u012fvykdymo arba d\u0117l to kaip Pirk\u0117jas naudojo produkt\u0105, Pirk\u0117jas ir Pardav\u0117jas pasistengs i\u0161spr\u0119sti gin\u010d\u0105 s\u0105\u017eininga, draugi\u0161ka diskusija. Jei nepaisant pastang\u0173, gin\u010de negalima rasti sprendimo, nesusitarimas bus i\u0161spr\u0119stas remiantis Estijos Respublikos \u012fstatym\u0173 sistema, teisme arba susitariant be teismo \u012fsiki\u0161imo. <\/p>\n<p>Jei Pirk\u0117jas mano, jog jo\/jso teis\u0117s buvo pa\u017eeistos, ji(s) gali kreiptis pagalbos \u012f <a href=\"https:\/\/www.ttja.ee\/en\" target=\"_blank\" rel=\"noopener noreferrer\">Estijos vartotoj\u0173 teisi\u0173 apsaugos ir techninio reguliavimo tarnyba<\/a> (esti\u0161kai: <em>Tarbijakaitse ja Tehnilise J\u00e4relevalve Amet<\/em>) adresu Endla 10a, 10142 Talinas, Estija. Telefono numeris +372 6201 707 (skambu\u010diai priimami kiekvin\u0105 darbo dien\u0105 nuo 09 iki 18 val.), elektroninis pa\u0161tas info@ttja.ee. <\/p>\n<p>Papildomai, Pirk\u0117jas pagalbos gali kreiptis \u012f <a href=\"https:\/\/ec.europa.eu\/consumers\/odr\/main\/?event=main.home2.show\" target=\"_blank\" rel=\"noopener noreferrer\">Europos S\u0105jungos Internetini\u0173 Gin\u010d\u0173 Sprendim\u0173 platform\u0105<\/a> (ang. <em>Online Disputes Resolution platform of the European Union<\/em>).<\/p>\n<p>Bet kokiu atveju, Pirk\u0117jas visada turi teis\u0119 kreiptis d\u0117l jo\/jos atvejo \u012f teism\u0105. <\/p>\n","protected":false},"excerpt":{"rendered":"<p>APIBR\u0116\u017dIMAI Pirk\u0117jas yra asmuo, perkantis jojimo reikmenis i\u0161 Barefoot Baltics e\u2013Parduotuv\u0117s tinklapyje https:\/\/www.barefoot-baltics.ee. Pardav\u0117jas yra asmuo, kuris vadovauja \u0161iai e\u2013Parduotuvei ir parduoda \u0161ias prekes, t.y. Log Horse O\u00dc (Estijos Verslo Registro \u012fra\u0161as nr. 12039208), kuris yra \u012fsik\u016br\u0119s adresu Villema \u016bkyje, Nehatu kaime, 90123 L\u00e4\u00e4neranna apylink\u0117je, P\u00e4rnu apskrityje, Estijoje. https:\/\/www.barefoot-baltics.ee yra e\u2013Parduotuv\u0117, kuri parduoda ber\u0117mius balnus [&hellip;]<\/p>\n","protected":false},"author":1,"featured_media":0,"parent":0,"menu_order":0,"comment_status":"closed","ping_status":"closed","template":"","meta":{"footnotes":""},"class_list":["post-6005","page","type-page","status-publish","hentry"],"_links":{"self":[{"href":"https:\/\/www.barefoot-baltics.ee\/lt\/wp-json\/wp\/v2\/pages\/6005","targetHints":{"allow":["GET"]}}],"collection":[{"href":"https:\/\/www.barefoot-baltics.ee\/lt\/wp-json\/wp\/v2\/pages"}],"about":[{"href":"https:\/\/www.barefoot-baltics.ee\/lt\/wp-json\/wp\/v2\/types\/page"}],"author":[{"embeddable":true,"href":"https:\/\/www.barefoot-baltics.ee\/lt\/wp-json\/wp\/v2\/users\/1"}],"replies":[{"embeddable":true,"href":"https:\/\/www.barefoot-baltics.ee\/lt\/wp-json\/wp\/v2\/comments?post=6005"}],"version-history":[{"count":10,"href":"https:\/\/www.barefoot-baltics.ee\/lt\/wp-json\/wp\/v2\/pages\/6005\/revisions"}],"predecessor-version":[{"id":9411,"href":"https:\/\/www.barefoot-baltics.ee\/lt\/wp-json\/wp\/v2\/pages\/6005\/revisions\/9411"}],"wp:attachment":[{"href":"https:\/\/www.barefoot-baltics.ee\/lt\/wp-json\/wp\/v2\/media?parent=6005"}],"curies":[{"name":"wp","href":"https:\/\/api.w.org\/{rel}","templated":true}]}}