{"id":5955,"date":"2019-07-16T13:19:21","date_gmt":"2019-07-16T10:19:21","guid":{"rendered":"https:\/\/www.barefoot-baltics.ee\/privatumo-politika\/"},"modified":"2021-09-11T10:46:44","modified_gmt":"2021-09-11T07:46:44","slug":"privatumo-politika","status":"publish","type":"page","link":"https:\/\/www.barefoot-baltics.ee\/lt\/privatumo-politika\/","title":{"rendered":"Privatumo politika"},"content":{"rendered":"<p>\u0160ios internetin\u0117s parduotuv\u0117s esan\u010dios internetiniu adresu https:\/\/www.\u201dBarefoot\u201d-baltics.ee\/  asmenin\u0117s informacijos valdantysis organas yra Estijos kompanija Log Horse O\u00dc (reg. nr. 12039208)  \u012fsik\u016brusi Villema \u016bkyje, Nehatu kaime, 90123 L\u00e4\u00e4neranna apylink\u0117je, P\u00e4rnu apskrityje, Estijoje. Valdantysis organas paskyr\u0117 Kristjan Korsten jos duomen\u0173 saugojimo pri\u017ei\u016br\u0117toju. J\u016bs galite susisiekti su Krisjan paskambinant numeriu +372 5787 8389 arba para\u0161ant elektronin\u012f lai\u0161k\u0105 \u012f pastas@barefoot-baltics.ee. <\/p>\n<h2>Kokius asmeninius duomenis mes apdorojame?<\/h2>\n<p>Mes apdorojame:<\/p>\n<ul>\n<li>Vardus, telefon\u0173 numerius ir elektroninius pa\u0161tus,<\/li>\n<li>Siuntimo adresus,<\/li>\n<li>Banko s\u0105skait\u0173 numerius,<\/li>\n<li>Preki\u0173 ir paslaug\u0173 kainas ir duomenis susijusius su apmok\u0117jimu (pirkimo istorija),<\/li>\n<li>Pagalbos klientams informacij\u0105.<\/li>\n<\/ul>\n<h2>Kurie asmeniniai duomenys yra apdorojami?<\/h2>\n<p>Apibendrintai kalbant, asmenin\u0117 informacija yra naudojama kliento u\u017esakymams tvarkyti ir i\u0161si\u0173sti u\u017esisakytas prekes. Detaliau:<\/p>\n<ul>\n<li>Pirkimo istorijos detal\u0117s (pirkimo data, prek\u0117s, kiekis, kliento informacija) yra naudojama ruo\u0161iant preki\u0173 ir \u012fsigyt\u0173 paslaug\u0173 ataskaitas ir analizuojant kliento poreikius.<\/li>\n<li>Banko s\u0105skaitos numeriai yra naudojami kompensaciniams apmok\u0117jimams klientams, j\u0173 prireikus.<\/li>\n<li>Asmeniniai duomenys  tokie, kaip elektroninis adresas, telefono numeriai ir klient\u0173 vardai yra apdorojami jog b\u016bt\u0173 i\u0161spr\u0119stos i\u0161kylan\u010dios problemos susijusios su preki\u0173 ir paslaug\u0173 teikimu( apibendrintai, klient\u0173 aptarnavimui).<\/li>\n<li>Asmens IP adresas ir\/arba kiti tinklo identifikatoriai \u0161ioje internetin\u0117je parduotuv\u0117je yra apdorojami statistikos tiekimams.<\/li>\n<\/ul>\n<h2>Teisiniai pagrindai<\/h2>\n<p>Asmeniniai duomenys yra apdorojami sutarties su klientu \u012fvykdymo tikslu. Asmeniniai duomenys taip pat yra apdorojama teisini\u0173 \u012fsipareigojim\u0173 \u012fvykdymams (kaip apskaitoms ir pirk\u0117jo skund\u0173 atsiskaitymams).<\/p>\n<h2>Asmenini\u0173 duomen\u0173 gav\u0117jai<\/h2>\n<p>Asmeniniai duomenys  yra perduodami \u0161ios internetin\u0117s parduotuv\u0117s klient\u0173 aptarnavimo personalui pirkim\u0173 valdymui ir pirkimo istorijai ir klientams i\u0161kylan\u010di\u0173 b\u0117d\u0173 sprendimams. <\/p>\n<p>Tuo atveju jei klientas pasirenka mok\u0117ti per banko nuorodas, mums reikia perduoti asmeninius duomenis, kurie yra reikalingi mok\u0117jimui padaryti \u012fgaliotam mok\u0117jim\u0173 pri\u017ei\u016br\u0117tojui, Lietuvos kompanijai <a href=\"https:\/\/www.paysera.com\/\" rel=\"noopener noreferrer\" target=\"_blank\">Paysera LT UAB<\/a>.<\/p>\n<p>Vardai, telefono numeriai ir elektroniniai adresai yra perduoti kliento pasirinktiems, siuntimo paslaug\u0173 tiek\u0117jams. Kai prek\u0117s siun\u010diamos kurjeriu, kliento adresas  taip pat perduotas kartu su kita kontaktine informacija. <\/p>\n<h2>Saugumas ir prieiga prie duomen\u0173<\/h2>\n<p>Visi m\u016bs\u0173 duomenys yra saugomi serveriuose, kurie yra Europos S\u0105jungos valstyb\u0117s nar\u0117s teritorijoje. Duomenys gali b\u016bti perduodami tik toms \u0161alims, kuri\u0173 duomen\u0173 apsaugos lygiai buvo \u012fvertinti Europos Komisijos kaip tinkami ir Jungtini\u0173 Amerikos Valstij\u0173 kompanijoms, kurios prisijung\u0117 prie Privatumo Skydo sistemos (ang. <em>Privacy Shield Framework<\/em>). <\/p>\n<p>Asmeniniai duomenys yra prieinami \u0161ios internetin\u0117s parduotuv\u0117s personalui, norint i\u0161spr\u0119sti technines problemas, susijusias su internetin\u0117s parduotuv\u0117s naudojimu ir klient\u0173 aptarnavimui suteikti. <\/p>\n<p>\u0160i internetin\u0117 parduotuv\u0117 imasi tinkam\u0173 fizini\u0173, organizacini\u0173 ir IT saugumo priemoni\u0173 asmeniniams duomenims apsaugoti nuo nety\u010dini\u0173 ar nelegali\u0173 sunaikinim\u0173, netekties, pasikeitusios ar neteis\u0117tos prieigos ir atskleidimo.<\/p>\n<h2>Pri\u0117jimas prie asmenini\u0173 duomen\u0173 ir j\u0173 taisymas<\/h2>\n<p>Jei \u0161i funkcija aktyvuota, asmeniniai duomenys yra prieinami ir gali b\u016bti taisomi internetin\u0117s parduotuv\u0117s naudotojo paskyroje. Kai padaromas u\u017esakymas be naudotojo paskyros, asmeniniai duomenys gali b\u016bti pasiekti per klient\u0173 aptarnavim\u0105.<\/p>\n<h2>Sutikimo at\u0161aukimas<\/h2>\n<p>Net jei asmeniniai duomenys yra apdorojami su kliento sutikimu, jie turi teis\u0119 at\u0161aukti savo sutikim\u0105. Tai padaroma prane\u0161ant klient\u0173 aptarnavimui elektroniniu pa\u0161tu (pastas@barefoot-baltics.ee). <\/p>\n<h2>Saugojimas<\/h2>\n<p>Asmeniniai duomenys yra i\u0161trinami po kliento paskyros u\u017edarymo internetin\u0117je parduotuv\u0117je, nebent duomen\u0173 saugojimas yra b\u016btinas apskaitai arba klient\u0173 gin\u010d\u0173 i\u0161sprendimui. Atlikus internetin\u012f apsipirkim\u0105 nesuk\u016brus kliento paskyros, pirkimo istorija yra saugoma tris m\u0117nesius.<\/p>\n<p>Gin\u010d\u0173 atveju, kai jie yra susij\u0119 su mok\u0117jimu ir kitais vartotojo gin\u010dais, asmeniniai duomenys yra saugomi iki problemos i\u0161sprendimo arba iki apribojimo periodo pabaigos. <\/p>\n<p>Asmeniniai duomenys apskaitos tikslams yra saugomi septynis metus. <\/p>\n<h2>Pa\u0161alinimas<\/h2>\n<p>D\u0117l asmenini\u0173 duomen\u0173 i\u0161trynimo, turi b\u016bti susisiekta su klient\u0173 aptarnavimu elektroniniu pa\u0161tu (pastas@barefoot-baltics.ee). \u012e pra\u0161ymus i\u0161trinti yra atsakoma per vien\u0105 savait\u0119 ir i\u0161trynimo laikas netruks ilgiau nei dvi savait\u0117s.<\/p>\n<h2>Perdavimas<\/h2>\n<p>Pra\u0161ymai asmeniniams duomenims perduoti yra pateikiami elektroniniu pa\u0161tu ir \u012f juos atsakoma per vien\u0105 savait\u0119. Klient\u0173 aptarnavimo personalas visada teisingai identifikuos \u017emog\u0173, teikiant\u012f pra\u0161ym\u0105 ir nuspr\u0119s prie kurios informacijos jie turi teis\u0119 prieiti. <\/p>\n<h2>Tiesiogin\u0117s marketingo \u017einut\u0117s<\/h2>\n<p>Elektroninio pa\u0161to adresai ir telefono numeriai gali b\u016bti naudojami tiesiogin\u0117ms marketingo \u017einut\u0117ms tik jei vartotojas pateik\u0117 ai\u0161k\u0173 sutikim\u0105. Jei vartotojas nebenori gauti tiesiogini\u0173 marketingo \u017einu\u010di\u0173, ji\/jis tur\u0117t\u0173 paspausti ant tinkamos nuorodos, kuri yra kiekvienos tiesiogin\u0117s marketingo \u017einut\u0117s pora\u0161t\u0117je arba susisiekti su klient\u0173 aptarnavimu elektroniniu pa\u0161tu (pastas@barefoot-baltics.ee). <\/p>\n<p>Kai asmeniniai duomenys naudojami tiesioginio marketingo tikslams (profiliavimui), klientas turi teis\u0119 paprie\u0161tarauti bet kurio metu pirminiam ir tolimesniam jo\/jos asmenini\u0173 duomen\u0173 apdorojimui. Klientas tur\u0117t\u0173 prane\u0161ti klient\u0173 aptarnavimui d\u0117l jo\/jos prie\u0161taravimo para\u0161ant \u012f pastas@barefoot-baltics.ee.<\/p>\n<h2>Gin\u010do nutarimas<\/h2>\n<p>Gin\u010dai susij\u0119 su asmeniniais duomenimis yra i\u0161sprend\u017eiami per Barefoot Baltics klient\u0173 aptarnavimo skyri\u0173, su kuriuo galima susisiekti para\u0161ant \u012f mailbox@barefoot-baltics.ee arba paskambinant +372 5787 8389. \u0160ios internetin\u0117s parduotuv\u0117s prie\u017ei\u016bros institucija yra <a href=\"http:\/\/www.aki.ee\/en\" target=\"_blank\" rel=\"noopener noreferrer\">Estijos Duomen\u0173 Apsaugos Inspekcija<\/a> (est. <em>Eesti Andmekaitse Inspektsioon<\/em>). Su jais galima susisiekti para\u0161ant \u012f info@aki.ee. \u0160i internetin\u0117 parduotuv\u0117 yra pavaldi visiems Estijos Respublikos \u012fstatymams. <\/p>\n<p>\u0160is svetain\u0117 naudoja slapukus, jog ji veikt\u0173. Pra\u0161ome naudotis m\u016bs\u0173 svetaine tik jei j\u016bs tam neprie\u0161taraujate. <\/p>\n","protected":false},"excerpt":{"rendered":"<p>\u0160ios internetin\u0117s parduotuv\u0117s esan\u010dios internetiniu adresu https:\/\/www.\u201dBarefoot\u201d-baltics.ee\/ asmenin\u0117s informacijos valdantysis organas yra Estijos kompanija Log Horse O\u00dc (reg. nr. 12039208) \u012fsik\u016brusi Villema \u016bkyje, Nehatu kaime, 90123 L\u00e4\u00e4neranna apylink\u0117je, P\u00e4rnu apskrityje, Estijoje. Valdantysis organas paskyr\u0117 Kristjan Korsten jos duomen\u0173 saugojimo pri\u017ei\u016br\u0117toju. J\u016bs galite susisiekti su Krisjan paskambinant numeriu +372 5787 8389 arba para\u0161ant elektronin\u012f lai\u0161k\u0105 \u012f [&hellip;]<\/p>\n","protected":false},"author":1,"featured_media":0,"parent":0,"menu_order":0,"comment_status":"closed","ping_status":"closed","template":"","meta":{"footnotes":""},"class_list":["post-5955","page","type-page","status-publish","hentry"],"_links":{"self":[{"href":"https:\/\/www.barefoot-baltics.ee\/lt\/wp-json\/wp\/v2\/pages\/5955","targetHints":{"allow":["GET"]}}],"collection":[{"href":"https:\/\/www.barefoot-baltics.ee\/lt\/wp-json\/wp\/v2\/pages"}],"about":[{"href":"https:\/\/www.barefoot-baltics.ee\/lt\/wp-json\/wp\/v2\/types\/page"}],"author":[{"embeddable":true,"href":"https:\/\/www.barefoot-baltics.ee\/lt\/wp-json\/wp\/v2\/users\/1"}],"replies":[{"embeddable":true,"href":"https:\/\/www.barefoot-baltics.ee\/lt\/wp-json\/wp\/v2\/comments?post=5955"}],"version-history":[{"count":3,"href":"https:\/\/www.barefoot-baltics.ee\/lt\/wp-json\/wp\/v2\/pages\/5955\/revisions"}],"predecessor-version":[{"id":9259,"href":"https:\/\/www.barefoot-baltics.ee\/lt\/wp-json\/wp\/v2\/pages\/5955\/revisions\/9259"}],"wp:attachment":[{"href":"https:\/\/www.barefoot-baltics.ee\/lt\/wp-json\/wp\/v2\/media?parent=5955"}],"curies":[{"name":"wp","href":"https:\/\/api.w.org\/{rel}","templated":true}]}}