{"id":5935,"date":"2018-09-13T21:42:55","date_gmt":"2018-09-13T18:42:55","guid":{"rendered":"https:\/\/www.barefoot-baltics.ee\/barefoot\/"},"modified":"2025-01-14T08:16:33","modified_gmt":"2025-01-14T06:16:33","slug":"barefoot","status":"publish","type":"page","link":"https:\/\/www.barefoot-baltics.ee\/lt\/barefoot\/","title":{"rendered":"Barefoot (Vokietija)"},"content":{"rendered":"\nBarefoot yra vokie\u010di\u0173 \u017eirg\u0173 fizioterapeut\u0117s Sabine Ullmann id\u0117ja ir j\u0173 stipryb\u0117 yra ber\u0117miai balnai. Tai kompanija, kuri \u012f jojim\u0105 \u017ei\u016bri kitaip\u2013 pirma atsi\u017evelgiant \u012f \u017eirgo, o ne raitelio poreikius. I\u0161 pirmo tai gali skamb\u0117ti keistai, bet pagalvojus, laimingas \u017eirgas da\u017eniausiai rei\u0161kia ir laiming\u0105 raitel\u012f, ar ne? \n<figure class=\"wp-block-image size-large\"><img loading=\"lazy\" decoding=\"async\" width=\"1024\" height=\"764\" src=\"https:\/\/www.barefoot-baltics.ee\/wp-content\/uploads\/2018\/07\/comfortable-saddle-3-1024x764.jpg\" alt=\"patogus balnas\" class=\"wp-image-477\" srcset=\"https:\/\/www.barefoot-baltics.ee\/wp-content\/uploads\/2018\/07\/comfortable-saddle-3.jpg 1024w, https:\/\/www.barefoot-baltics.ee\/wp-content\/uploads\/2018\/07\/comfortable-saddle-3-416x310.jpg 416w, https:\/\/www.barefoot-baltics.ee\/wp-content\/uploads\/2018\/07\/comfortable-saddle-3-300x224.jpg 300w, https:\/\/www.barefoot-baltics.ee\/wp-content\/uploads\/2018\/07\/comfortable-saddle-3-768x573.jpg 768w, https:\/\/www.barefoot-baltics.ee\/wp-content\/uploads\/2018\/07\/comfortable-saddle-3-600x448.jpg 600w\" sizes=\"auto, (max-width: 1024px) 100vw, 1024px\" \/><figcaption class=\"wp-element-caption\">Laimingas arklys, laimingas raitelis<\/figcaption><\/figure>\n\n<p>Viskas prasid\u0117jo su vienu ypatingu \u017eirgu: Miss Painty. Ji buvo ponios Ullmann nuosava kumel\u0117 ir ji tur\u0117jo dvi nepaprastas savybes: buvo reikli ir tur\u0117jo  ne\u012fprast\u0105 k\u016bno form\u0105. Buvo sunku rasti tinkam\u0105 baln\u0105, kuris tikt\u0173 jos nugarai. Buvo i\u0161bandyta daug skirting\u0173 baln\u0173, bet nei vienas i\u0161 j\u0173  tobulai netiko. Gal\u0173 gale ponia Ullmann pri\u0117jo prie i\u0161vados, kad tradicinis balnas niekaip netiks \u0161iai kumelei. Arba bent jau netiks taip, kad nekelt\u0173 skausmo jojant. Ponia Ullmann nusprend\u0117 sukonstruoti Miss Painty tinkam\u0105 baln\u0105 pati.<\/p>\n\n<p>Ji pakeit\u0117 profesij\u0105 ir tapo \u017eirg\u0173 fizioterapeute. Ji gavo darb\u0105 gerai \u017einomoje baln\u0173 gamykloje ir su\u017einojo kas padaro baln\u0105 geru, o kas blogu. I\u0161bandydama \u012fvairius balnus ant daugelio skirting\u0173 \u017eirg\u0173, ji prad\u0117jo suvokti, kad tradicinis baln\u0173 gaminimas gali sukurti patog\u0173 baln\u0105 raiteliui, bet niekada nepasieks rezultato, kuris tikrai bus patogus ir \u017eirgui. Tradiciniai balnai su r\u0117mu yra per daug kieti, kad b\u016bt\u0173 patog\u016bs ir tam tikra prasme, jie trukdo \u017eirgo judesiams. \u017dirgo nugara jojant pastoviai kei\u010diasi, bet kietas balnas akivaizd\u017eiai ne.<\/p>\n\n<figure class=\"wp-block-image size-large\"><img loading=\"lazy\" decoding=\"async\" width=\"1024\" height=\"980\" src=\"https:\/\/www.barefoot-baltics.ee\/wp-content\/uploads\/2018\/09\/barefoot-1024x980.jpg\" alt=\"barefoot\" class=\"wp-image-698\" srcset=\"https:\/\/www.barefoot-baltics.ee\/wp-content\/uploads\/2018\/09\/barefoot-1024x980.jpg 1024w, https:\/\/www.barefoot-baltics.ee\/wp-content\/uploads\/2018\/09\/barefoot-416x398.jpg 416w, https:\/\/www.barefoot-baltics.ee\/wp-content\/uploads\/2018\/09\/barefoot-300x287.jpg 300w, https:\/\/www.barefoot-baltics.ee\/wp-content\/uploads\/2018\/09\/barefoot-768x735.jpg 768w, https:\/\/www.barefoot-baltics.ee\/wp-content\/uploads\/2018\/09\/barefoot-600x574.jpg 600w, https:\/\/www.barefoot-baltics.ee\/wp-content\/uploads\/2018\/09\/barefoot.jpg 966w\" sizes=\"auto, (max-width: 1024px) 100vw, 1024px\" \/><figcaption class=\"wp-element-caption\">Balnas Barefoot leid\u017eia j\u016bs\u0173 arkliui laisvai jud\u0117ti.<\/figcaption><\/figure>\n\n<p>\u0160is suvokimas nuved\u0117 iki \u201eBarefoot\u201c kompanijos \u012fk\u016brimo 2002 metais, kuri dabar pasaulyje yra \u017einoma kaip i\u0161skirtin\u0117 baln\u0173 gamintoja ir geriausias prek\u0117s \u017eenklas tarp ber\u0117mi\u0173 baln\u0173. Kai pamatysite Barefoot u\u017era\u0161\u0105 ant jojimo inventoriaus, \u017einosite, kad \u017ei\u016brite \u012f geros kokyb\u0117s produkt\u0105, kuris yra i\u0161skirtinai draugi\u0161kas \u017eirgams.<\/p>\n\n<h2 class=\"wp-block-heading\" id=\"h-barefoot-in-the-baltics\">Barefoot Pabaltijyje <\/h2>\n\n<p>\u201eBarefoot Baltics\u201c yra \u0161eimos \u012fmon\u0117, kuri \u012fsik\u016br\u0117 2017-taisiais. Annika ir Kristjan susitiko 2015-taisiais, i\u0161sikraust\u0117 \u012f Hyjumos sal\u0105, neilgai trukus susituok\u0117 bei susilauk\u0117 vaik\u0173. Annika beveik vis\u0105 savo gyvenim\u0105 buvo raitel\u0117. Ji buvo ir teb\u0117ra patyrusi raitel\u0117, kurios darbas daugel\u012f met\u0173 buvo apjodin\u0117ti jaunus \u017eirgus. Kita vertus Kristjan, prie\u0161 susipa\u017eindamas su Annika, Netur\u0117jo daug bendra su arkliais, bet viskas pasikeit\u0117.<\/p>\n\n<figure class=\"wp-block-image size-large\"><img loading=\"lazy\" decoding=\"async\" width=\"1024\" height=\"679\" src=\"https:\/\/www.barefoot-baltics.ee\/wp-content\/uploads\/2018\/09\/barefoot-baltics-1024x679.jpg\" alt=\"barefoot\" class=\"wp-image-699\" srcset=\"https:\/\/www.barefoot-baltics.ee\/wp-content\/uploads\/2018\/09\/barefoot-baltics-1024x679.jpg 1024w, https:\/\/www.barefoot-baltics.ee\/wp-content\/uploads\/2018\/09\/barefoot-baltics-416x276.jpg 416w, https:\/\/www.barefoot-baltics.ee\/wp-content\/uploads\/2018\/09\/barefoot-baltics-300x199.jpg 300w, https:\/\/www.barefoot-baltics.ee\/wp-content\/uploads\/2018\/09\/barefoot-baltics-768x509.jpg 768w, https:\/\/www.barefoot-baltics.ee\/wp-content\/uploads\/2018\/09\/barefoot-baltics-600x398.jpg 600w, https:\/\/www.barefoot-baltics.ee\/wp-content\/uploads\/2018\/09\/barefoot-baltics.jpg 1393w\" sizes=\"auto, (max-width: 1024px) 100vw, 1024px\" \/><figcaption class=\"wp-element-caption\">Arklys?<\/figcaption><\/figure>\n\n<p>Kai Annika treniruodavo jaunus \u017eirgus, Kristjan jai pad\u0117davo ir taip jis susidar\u0117 pirm\u0105 \u012fsp\u016bd\u012f apie \u017eirg\u0173 psichologij\u0105. Ant jo kelis kartus buvo u\u017e\u0161ok\u0119s \u017eirgas. Kai Annika pasiimdavo jaun\u0105 \u017eirg\u0105 \u012f \u017eyg\u012f mi\u0161ke, Kristjan b\u0117gdavo \u0161alia, taip palaikydamas gyv\u016bnui kompanij\u0105, kad jis nebijot\u0173. Tai veik\u0117 gerai ir Kristjan \u012fgavo sportin\u0119 form\u0105!<\/p>\n\n<p>Annika visada naudodavo balnus su r\u0117mu dirbant, bet taip pat nor\u0117jo i\u0161bandyti Barefoot baln\u0105, nes gird\u0117jo ger\u0173 atsiliepim\u0173 apie juos. 2017-t\u0173j\u0173 prad\u017eioje jie nusipirko baln\u0105 \u201c\u010cerokis\u201d ir Annika j\u012f i\u0161band\u0117 ant keli\u0173 jaun\u0173 \u017eirg\u0173. Jis jai labai patiko. Ties\u0105 sakant, nedaug trukus Annika nenor\u0117jo tur\u0117ti nieko bendro su tradiciniais balnais ir tik Barefoot balnai jai buvo geri. Tada ji kur\u012f laik\u0105 dirbo su \u201c\u0160ajenas\u201d balnu. O v\u0117liau \u201cLondonas\u201d, ir \u201cBarideilis\u201d, ir \u201cNotingamas\u201d. Ji juos taip pamilo, kad jai kilo id\u0117ja\u2013 jie tur\u0117t\u0173 atstovauti Barefoot Estijoje ir taip pad\u0117ti \u017emon\u0117ms su\u017einoti apie \u0161iuos nuostabius jojimo reikmenis. Barefoot Vokietijoje sutiko ir viskas prasid\u0117jo. Po met\u0173, jie sugalvojo taip pat atstovauti Barefoot Latvijoje bei Lietuvoje ir Barefoot Vokietijoje sutiko. Ir \u0161tai mes esame \u010dia. <\/p>\n\n<h2 class=\"wp-block-heading\" id=\"h-barefoot-around-the-world\">Barefoot pasaulyje<\/h2>\n\n<p>Barefoot prekiautojai yra daugelyje pasaulio \u0161ali\u0173. \u0160tai s\u0105ra\u0161as (paskutin\u012f kart\u0105 atnaujintas 2020 m. Liepos m\u0117n.):<\/p>\n\n<ol class=\"wp-block-list\">\n<li>Vokietija &#8211; <a rel=\"noreferrer noopener\" href=\"http:\/\/barefoot-saddle.com\/de\/\" target=\"_blank\">Pagrindinis ofisas<\/a><\/li>\n\n\n\n<li>Australija &#8211; <a rel=\"noreferrer noopener\" href=\"http:\/\/www.barefootaus.com\/\" target=\"_blank\">Barefoot Australia<\/a><\/li>\n\n\n\n<li>Australia &#8211; Harmonious Horse<\/li>\n\n\n\n<li>Austrija &#8211; <a rel=\"noreferrer noopener\" href=\"http:\/\/www.barefoot-saddle.at\/\" target=\"_blank\">Barefoot Sattel Austria<\/a><\/li>\n\n\n\n<li>Kanada &#8211; <a rel=\"noreferrer noopener\" href=\"http:\/\/barefoot-saddlecanada.ca\/\" target=\"_blank\">Grey Havens Acres<\/a><\/li>\n\n\n\n<li>Canada &#8211; Sellerie Equi-Confort<\/li>\n\n\n\n<li>\u010cekija &#8211; <a rel=\"noreferrer noopener\" href=\"http:\/\/www.barefootsedla.cz\/\" target=\"_blank\">Barefoot sedla CZ<\/a><\/li>\n\n\n\n<li>Chechia &#8211; <a href=\"http:\/\/www.zdravazvirata.cz\/cs\/\" target=\"_blank\" rel=\"noreferrer noopener\">Zdrava Zvirata &amp; Martina Breberova<\/a><\/li>\n\n\n\n<li>Danija &#8211; <a rel=\"noreferrer noopener\" href=\"http:\/\/www.barefoot-danmark.dk\" target=\"_blank\">Barefoot Danmark<\/a><\/li>\n\n\n\n<li><strong><span style=\"color: #0000ff;\">Estija <\/span><\/strong>&#8211; <a rel=\"noreferrer noopener\" href=\"https:\/\/www.barefoot-baltics.ee\/et\/\" target=\"_blank\">Barefoot Baltics<\/a><\/li>\n\n\n\n<li>Suomija &#8211; <a rel=\"noreferrer noopener\" href=\"https:\/\/hevoskuiskaaja.fi\/kauppa\/\" target=\"_blank\">Hevostarvike Hevoskuiskaaja<\/a><\/li>\n\n\n\n<li>Pranc\u016bzija &#8211; <a rel=\"noreferrer noopener\" href=\"http:\/\/www.barefoot-france.com\/\" target=\"_blank\">Barefoot France<\/a><\/li>\n\n\n\n<li>Vengrija &#8211; <a rel=\"noreferrer noopener\" href=\"http:\/\/www.barefoot-nyereg.hu\/\" target=\"_blank\">Harcsa Boglarka<\/a><\/li>\n\n\n\n<li>Izraelis &#8211; <a rel=\"noreferrer noopener\" href=\"http:\/\/www.ukaf.co.il\" target=\"_blank\">Ukaf Israel<\/a><\/li>\n\n\n\n<li>Italy &#8211; Azienda Agricola Le Dame<\/li>\n\n\n\n<li>Italija &#8211; <a rel=\"noreferrer noopener\" href=\"https:\/\/www.facebook.com\/EquidCareProviderTeam\" target=\"_blank\">EquidCare Provider Team<\/a><\/li>\n\n\n\n<li>Italija &#8211; <a rel=\"noreferrer noopener\" href=\"https:\/\/www.sellerialacolombaia.com\/\" target=\"_blank\">Selleria la Colombaia<\/a><\/li>\n\n\n\n<li><strong><span style=\"color: #800000;\">Latvija <\/span><\/strong>&#8211; <a rel=\"noreferrer noopener\" href=\"https:\/\/www.barefoot-baltics.ee\/lv\/\" target=\"_blank\">Barefoot Baltics<\/a><\/li>\n\n\n\n<li><strong><span style=\"color: #008000;\">Lietuva<\/span><\/strong> &#8211; <a rel=\"noreferrer noopener\" href=\"https:\/\/www.barefoot-baltics.ee\/lt\/\" target=\"_blank\">Barefoot Baltics<\/a><\/li>\n\n\n\n<li>Liuksemburgas &#8211; <a rel=\"noreferrer noopener\" href=\"http:\/\/www.barefoot.lu\/\" target=\"_blank\">Barefoot Lux&#8217;<\/a><\/li>\n\n\n\n<li>Nyderlandai &#8211; <a rel=\"noreferrer noopener\" href=\"http:\/\/www.barefoot-saddle.nl\/\" target=\"_blank\">Boomloosriden<\/a><\/li>\n\n\n\n<li>Naujoji Zelandija &#8211; <a rel=\"noreferrer noopener\" href=\"http:\/\/www.barefoot-saddle.co.nz\/\" target=\"_blank\">Barefoot Saddles New Zealand<\/a><\/li>\n\n\n\n<li>Norway &#8211; Bomfri Sal Norge<\/li>\n\n\n\n<li>Norway &#8211; The Tackroom<\/li>\n\n\n\n<li>Norvegija &#8211; <a rel=\"noreferrer noopener\" href=\"http:\/\/www.feelyourhorse.no\/\" target=\"_blank\">Feel Your Horse<\/a><\/li>\n\n\n\n<li>Lenkija &#8211; <a rel=\"noreferrer noopener\" href=\"http:\/\/www.siodlabarefoot.pl\/\" target=\"_blank\">Karlsbad Sp. z o. o.<\/a><\/li>\n\n\n\n<li>Lenkija &#8211; <a rel=\"noreferrer noopener\" href=\"https:\/\/sklep.bergo.pl\/\" target=\"_blank\">Bergo.pl Horse Equipment<\/a><\/li>\n\n\n\n<li>Rusija &#8211; <a rel=\"noreferrer noopener\" href=\"https:\/\/barefoot-shop.ru\/\" target=\"_blank\">Barefoot Russia<\/a><\/li>\n\n\n\n<li>Russia &#8211; Miroslava Polyakova<\/li>\n\n\n\n<li>\u0160vedija &#8211; <a rel=\"noreferrer noopener\" href=\"https:\/\/www.taur.se\/\" target=\"_blank\">Taur \/ Opux AB<\/a><\/li>\n\n\n\n<li>\u0160veicarija &#8211; <a rel=\"noreferrer noopener\" href=\"http:\/\/www.reitshop-tinkerhof.ch\/\" target=\"_blank\">Reit- und Westernshop Tinkerhof<\/a><\/li>\n\n\n\n<li>\u0160veicarija &#8211; <a rel=\"noreferrer noopener\" href=\"https:\/\/www.ttouch-the-world.com\/\" target=\"_blank\">TTouch the World<\/a><\/li>\n\n\n\n<li>\u0160veicarija &#8211; <a rel=\"noreferrer noopener\" href=\"https:\/\/www.baumlos.ch\/\" target=\"_blank\">Baumlos.ch<\/a><\/li>\n\n\n\n<li>Ispanija &#8211; <a rel=\"noreferrer noopener\" href=\"http:\/\/tienda.sporthipic.com\/6-barefoot\" target=\"_blank\">Sport Hipic<\/a><\/li>\n\n\n\n<li>Spain &#8211; Good Vibes Equitaci\u00f3n<\/li>\n\n\n\n<li>Jungtin\u0117 Karalyst\u0117 &#8211; <a rel=\"noreferrer noopener\" href=\"http:\/\/www.barefoot-tack.co.uk\/\" target=\"_blank\">Barefoot UK<\/a><\/li>\n\n\n\n<li>J.A.V &#8211; <a rel=\"noreferrer noopener\" href=\"http:\/\/www.barefootsaddlesusa.com\/\" target=\"_blank\">Barefoot Saddles USA<\/a><\/li>\n<\/ol>\n","protected":false},"excerpt":{"rendered":"<p>Barefoot yra vokie\u010di\u0173 \u017eirg\u0173 fizioterapeut\u0117s Sabine Ullmann id\u0117ja ir j\u0173 stipryb\u0117 yra ber\u0117miai balnai. Tai kompanija, kuri \u012f jojim\u0105 \u017ei\u016bri kitaip\u2013 pirma atsi\u017evelgiant \u012f \u017eirgo, o ne raitelio poreikius. I\u0161 pirmo tai gali skamb\u0117ti keistai, bet pagalvojus, laimingas \u017eirgas da\u017eniausiai rei\u0161kia ir laiming\u0105 raitel\u012f, ar ne? Viskas prasid\u0117jo su vienu ypatingu \u017eirgu: Miss Painty. Ji [&hellip;]<\/p>\n","protected":false},"author":1,"featured_media":0,"parent":0,"menu_order":0,"comment_status":"closed","ping_status":"closed","template":"","meta":{"footnotes":""},"class_list":["post-5935","page","type-page","status-publish","hentry"],"_links":{"self":[{"href":"https:\/\/www.barefoot-baltics.ee\/lt\/wp-json\/wp\/v2\/pages\/5935","targetHints":{"allow":["GET"]}}],"collection":[{"href":"https:\/\/www.barefoot-baltics.ee\/lt\/wp-json\/wp\/v2\/pages"}],"about":[{"href":"https:\/\/www.barefoot-baltics.ee\/lt\/wp-json\/wp\/v2\/types\/page"}],"author":[{"embeddable":true,"href":"https:\/\/www.barefoot-baltics.ee\/lt\/wp-json\/wp\/v2\/users\/1"}],"replies":[{"embeddable":true,"href":"https:\/\/www.barefoot-baltics.ee\/lt\/wp-json\/wp\/v2\/comments?post=5935"}],"version-history":[{"count":10,"href":"https:\/\/www.barefoot-baltics.ee\/lt\/wp-json\/wp\/v2\/pages\/5935\/revisions"}],"predecessor-version":[{"id":10285,"href":"https:\/\/www.barefoot-baltics.ee\/lt\/wp-json\/wp\/v2\/pages\/5935\/revisions\/10285"}],"wp:attachment":[{"href":"https:\/\/www.barefoot-baltics.ee\/lt\/wp-json\/wp\/v2\/media?parent=5935"}],"curies":[{"name":"wp","href":"https:\/\/api.w.org\/{rel}","templated":true}]}}