{"id":5926,"date":"2018-09-13T21:55:55","date_gmt":"2018-09-13T18:55:55","guid":{"rendered":"https:\/\/www.barefoot-baltics.ee\/beremiai-balnai\/"},"modified":"2021-07-14T01:40:32","modified_gmt":"2021-07-13T22:40:32","slug":"beremiai-balnai","status":"publish","type":"page","link":"https:\/\/www.barefoot-baltics.ee\/lt\/beremiai-balnai\/","title":{"rendered":"Ber\u0117miai balnai"},"content":{"rendered":"\n<p>&#8222;Ber\u0117miai balnai&#8221; yra nauja id\u0117ja apie kuri\u0105 yra gird\u0117j\u0119 daugelis Lietuvos, Latvijos ir Estijos raiteli\u0173, ta\u010diau turb\u016bt n\u0117ra daug \u017emoni\u0173 Pabaltijyje, kurie yra juos i\u0161band\u0119. Barefoot ir vokie\u010di\u0173 \u017eirg\u0173 fizioterapeut\u0117 Sabine Ullmann per pastaruosius 20 met\u0173 ber\u0117mius balnus perk\u0117l\u0117 \u012f nauj\u0105 lyg\u012f ir mes dr\u0105siai galime sakyti, kad Barefoot ber\u0117mis balnas daugeliu atvej\u0173 yra geresnis ir \u017eirgui, ir raiteliui nei bet koks kitas tradicinis balnas. \u0160tai kod\u0117l:<\/p>\n\n<figure class=\"wp-block-video\"><video height=\"720\" style=\"aspect-ratio: 1280 \/ 720;\" width=\"1280\" controls=\"\" src=\"https:\/\/www.barefoot-baltics.ee\/wp-content\/uploads\/2021\/04\/The-Barefoot-Saddle.mp4\"><\/video><\/figure>\n\n<p>Bet netik\u0117kite tiesiog m\u016bs\u0173 \u017eod\u017eiais! Kod\u0117l nepaie\u0161kojus nuomoni\u0173 apie Barefoot ber\u0117mius balnus internete ir nei\u0161girdus k\u0105 raiteliai visame pasaulyje apie juos mano. Dar geriau, kod\u0117l nesusiekus su mumis ir nei\u0161band\u017eius Barefoot balno pa\u010diam? Esu \u012fsitikin\u0119s, kad kai pabandysite, su\u017einosite kad:<\/p>\n\n<ul class=\"wp-block-list\"><li>Balnas yra stabilus ant \u017eirgo nugaros,<\/li><li>Tu gali joti \u017eygius, dail\u0173j\u012f jojim\u0105, konk\u016br\u0105 ir daryti vis\u0105 kit\u0105,<\/li><li>Balnas yra patogus ir tau ir \u017eirgui,<\/li><li>Netrukus susim\u0105stysite, kaip kada nors susitvark\u0117te be jo. \ud83d\ude42<\/li><\/ul>\n\n<p>Svarbiausia, kad j\u016bs\u0173 \u017eirgas pam\u0117gs jojim\u0105 ir j\u016bs abu puikiai praleisite laik\u0105 kelyje. Laimingas \u017eirgas, laimingas raitelis\u2013 \u0161tai koks m\u016bs\u0173 moto. <\/p>\n\n<h2 class=\"wp-block-heading\" id=\"h-treeless-saddles-their-chief-advantage\">Ber\u0117miai balnai: j\u0173 svarbiausi privalumai<\/h2>\n\n<p>Pabaltijyje \u017eol\u0117 auga tik vasar\u0105. M\u016bs\u0173 \u017eirgai yra liekni pavasar\u012f ir stori ruden\u012f. J\u0173 k\u016bno forma pastoviai kei\u010diasi visus metus. Pam\u0105s\u010dius, kaip kietas, nesikei\u010diantis tradicinis balnas tinka \u017eirgui vis\u0105 laik\u0105? Akivaizdus atsakymas\u2013 netinka. Kai balnas netinka, jis sukelia skausm\u0105 \u017eirgui ir jis pradeda nem\u0117gti jojimo. J\u016bs galite i\u0161sikviesti specialist\u0105 balnui sureguliuoti, bet kiek kart\u0173 per metus esate pasiry\u017e\u0119s tai kartoti? Tiek kart\u0173, kiek j\u016bs\u0173 \u017eirgui reikia? Turb\u016bt ne taip da\u017enai, nes i\u0161laidos b\u016bt\u0173 labai didel\u0117s. O jeigu j\u016bs turite didel\u0119 arklid\u0119 su tuzinais \u017eirg\u0173 ir pustuziniu baln\u0173?<\/p>\n\n<figure class=\"wp-block-image size-large\"><img loading=\"lazy\" decoding=\"async\" width=\"1024\" height=\"721\" src=\"https:\/\/www.barefoot-baltics.ee\/wp-content\/uploads\/2018\/06\/endurance-saddle-3-1024x721.jpg\" alt=\"i&#x161;tverm&#x117;s balnas\" class=\"wp-image-223\" srcset=\"https:\/\/www.barefoot-baltics.ee\/wp-content\/uploads\/2018\/06\/endurance-saddle-3-1024x721.jpg 1024w, https:\/\/www.barefoot-baltics.ee\/wp-content\/uploads\/2018\/06\/endurance-saddle-3-416x293.jpg 416w, https:\/\/www.barefoot-baltics.ee\/wp-content\/uploads\/2018\/06\/endurance-saddle-3-300x211.jpg 300w, https:\/\/www.barefoot-baltics.ee\/wp-content\/uploads\/2018\/06\/endurance-saddle-3-768x541.jpg 768w, https:\/\/www.barefoot-baltics.ee\/wp-content\/uploads\/2018\/06\/endurance-saddle-3-600x422.jpg 600w, https:\/\/www.barefoot-baltics.ee\/wp-content\/uploads\/2018\/06\/endurance-saddle-3.jpg 1313w\" sizes=\"auto, (max-width: 1024px) 100vw, 1024px\" \/><figcaption>Per sunkius&#8230;<\/figcaption><\/figure>\n\n<p>Su Barefoot ber\u0117miu balnu toki\u0173 b\u0117d\u0173 nei\u0161kyla. J\u016bs galite laisvai pritaikyti t\u0105 pat\u012f baln\u0105 savo \u017eirgui bet kuriuo metu arba pritaikyti t\u0105 pat\u012f baln\u0105 10-\u010diai skirting\u0173 \u017eirg\u0173 per dien\u0105. Joki\u0173 problem\u0173! J\u016bs galite tai padaryti pats. Paprastai pakanka pakeisti tik priekin\u012f lankel\u012f. Jei to nepakanka, j\u016bs galite sureguliuoti baln\u0105 u\u017epildais. Kai tur\u0117site nuosav\u0105 Barefoot ber\u0117m\u012f baln\u0105, kuris tinka jums pagal dyd\u012f, jums daugiau nebereik\u0117s joki\u0173 kit\u0173 baln\u0173!<\/p>\n\n<p>Ap\u017ei\u016br\u0117kite m\u016bs\u0173 <a href=\"https:\/\/www.barefoot-baltics.ee\/lt\/\">parduotuv\u0119<\/a>, kurios balneliai gali b\u016bti jums tinkamiausi, ir jei turite klausim\u0173, <mark>susisiekite<\/mark>.<\/p>\n","protected":false},"excerpt":{"rendered":"<p>&#8222;Ber\u0117miai balnai&#8221; yra nauja id\u0117ja apie kuri\u0105 yra gird\u0117j\u0119 daugelis Lietuvos, Latvijos ir Estijos raiteli\u0173, ta\u010diau turb\u016bt n\u0117ra daug \u017emoni\u0173 Pabaltijyje, kurie yra juos i\u0161band\u0119. Barefoot ir vokie\u010di\u0173 \u017eirg\u0173 fizioterapeut\u0117 Sabine Ullmann per pastaruosius 20 met\u0173 ber\u0117mius balnus perk\u0117l\u0117 \u012f nauj\u0105 lyg\u012f ir mes dr\u0105siai galime sakyti, kad Barefoot ber\u0117mis balnas daugeliu atvej\u0173 yra geresnis [&hellip;]<\/p>\n","protected":false},"author":1,"featured_media":0,"parent":0,"menu_order":0,"comment_status":"closed","ping_status":"closed","template":"","meta":{"footnotes":""},"class_list":["post-5926","page","type-page","status-publish","hentry"],"_links":{"self":[{"href":"https:\/\/www.barefoot-baltics.ee\/lt\/wp-json\/wp\/v2\/pages\/5926","targetHints":{"allow":["GET"]}}],"collection":[{"href":"https:\/\/www.barefoot-baltics.ee\/lt\/wp-json\/wp\/v2\/pages"}],"about":[{"href":"https:\/\/www.barefoot-baltics.ee\/lt\/wp-json\/wp\/v2\/types\/page"}],"author":[{"embeddable":true,"href":"https:\/\/www.barefoot-baltics.ee\/lt\/wp-json\/wp\/v2\/users\/1"}],"replies":[{"embeddable":true,"href":"https:\/\/www.barefoot-baltics.ee\/lt\/wp-json\/wp\/v2\/comments?post=5926"}],"version-history":[{"count":7,"href":"https:\/\/www.barefoot-baltics.ee\/lt\/wp-json\/wp\/v2\/pages\/5926\/revisions"}],"predecessor-version":[{"id":9129,"href":"https:\/\/www.barefoot-baltics.ee\/lt\/wp-json\/wp\/v2\/pages\/5926\/revisions\/9129"}],"wp:attachment":[{"href":"https:\/\/www.barefoot-baltics.ee\/lt\/wp-json\/wp\/v2\/media?parent=5926"}],"curies":[{"name":"wp","href":"https:\/\/api.w.org\/{rel}","templated":true}]}}